{"id":168,"date":"2022-12-02T19:14:53","date_gmt":"2022-12-02T18:14:53","guid":{"rendered":"https:\/\/consolatorio.esteri.it\/?page_id=168"},"modified":"2025-07-10T15:13:48","modified_gmt":"2025-07-10T13:13:48","slug":"passaporti-e-carte-didentita","status":"publish","type":"page","link":"https:\/\/consriodejaneiro.esteri.it\/it\/servizi-consolari-e-visti\/servizi-per-il-cittadino-italiano\/passaporti-e-carte-didentita\/","title":{"rendered":"Passaporti"},"content":{"rendered":"<h3 style=\"text-align: justify;\"><strong>LEGGERE CON ATTENZIONE LE ISTRUZIONI <\/strong><strong>PRIMA DI PROCEDERE ALLA PRENOTAZIONE PER IL RILASCIO DEL PASSAPORTO BIOMETRICO.<\/strong><\/h3>\n<p style=\"text-align: justify;\"><strong>1. <a href=\"https:\/\/consriodejaneiro.esteri.it\/it\/servizi-consolari-e-visti\/servizi-per-il-cittadino-italiano\/passaporti-e-carte-didentita\/requisiti-per-lemissione\/\">REQUISITI PER L&#8217;EMISSIONE<\/a><\/strong><\/p>\n<p style=\"text-align: justify;\"><strong>2. <a href=\"https:\/\/consriodejaneiro.esteri.it\/it\/servizi-consolari-e-visti\/servizi-per-il-cittadino-italiano\/passaporti-e-carte-didentita\/prenotazione-passaporti\/\">COME RICHIEDERE IL SERVIZIO &#8211; PRENOTARE SUL PORTALE PRENOT@MI<\/a><\/strong><\/p>\n<p style=\"text-align: justify;\"><strong>3. <a href=\"https:\/\/consriodejaneiro.esteri.it\/it\/servizi-consolari-e-visti\/servizi-per-il-cittadino-italiano\/passaporti-e-carte-didentita\/documentazione-da-presentare-nel-giorno-dellappuntamento\/\">DOCUMENTI DA PRESENTARE<\/a><\/strong><\/p>\n<p><strong>4. <\/strong><a href=\"https:\/\/consriodejaneiro.esteri.it\/it\/servizi-consolari-e-visti\/servizi-per-il-cittadino-italiano\/passaporti-e-carte-didentita\/1191-2\/\"><strong>PROCEDURE PER IL RILASCIO DEL PASSAPORTO DI URGENZA<\/strong><\/a><\/p>\n<p><strong>5.<\/strong> PAGAMENTO A SPORTELLO DELLA <a href=\"https:\/\/consriodejaneiro.esteri.it\/it\/servizi-consolari-e-visti\/servizi-per-il-cittadino-italiano\/altri-servizi\/tariffe-consolari\/\"><strong>TASSA CONSOLARE<\/strong><\/a> \u00a0<strong>(esclusivamente con<\/strong> <strong>carta di debito fisica brasiliana &#8211; il pagamento \u00e8 in reais). <span style=\"text-decoration: underline;\">Il pagamento deve essere effettuato esclusivamente il giorno della prenotazione presso lo sportello consolare: in nessun caso il Consolato richiede un pagamento anticipato o a titolo di prenotazione<\/span>.<\/strong><\/p>\n<p style=\"text-align: justify;\"><strong>DOMANDE FREQUENTI<\/strong><\/p>\n<ul style=\"text-align: justify;\">\n<li><strong>Quale \u00e8 la validit\u00e0 del passaporto italiano?<\/strong><\/li>\n<\/ul>\n<div style=\"text-align: justify;\">\n<p>Da 0 a 3 anni di et\u00e0: validit\u00e0 3 anni<\/p>\n<p>Da 3 a 18 anni di et\u00e0: validit\u00e0 5 anni<\/p>\n<p>A partire dai 18 anni di et\u00e0: validit\u00e0 10 anni<\/p>\n<\/div>\n<ul style=\"text-align: justify;\">\n<li><strong>\u00c8 possibile aggiungere sul passaporto il cognome che ho adottato in Brasile dopo il mio matrimonio?<\/strong><\/li>\n<\/ul>\n<div style=\"text-align: justify;\">\n<p>Il cambio cognome in virt\u00f9 del matrimonio non \u00e8 riconosciuto dall&#8217;ordinamento giuridico italiano. In tal senso il cognome del richiedente rimane lo stesso.<\/p>\n<p>Tuttavia, avvenuta la trascrizione del proprio matrimonio in Italia (<a href=\"https:\/\/consriodejaneiro.esteri.it\/it\/servizi-consolari-e-visti\/servizi-per-il-cittadino-italiano\/stato-civile\/matrimonio\/\">ulteriori informazioni qui<\/a>), sar\u00e0 possibile aggiungere quale informazione aggiuntiva, nella quarta pagina\u00a0 del passaporto, il cognome del coniuge,<\/p>\n<p>Questa osservazione potr\u00e0 essere inserita nel momento del rilascio di un nuovo passaporto o al passaporto in possesso dell&#8217;interessato, purch\u00e9 valido, qualora il registro del matrimonio sia concluso.<\/p>\n<\/div>\n<ul style=\"text-align: justify;\">\n<li><strong>Cosa devo fare in caso di perdita o furto del mio passaporto italiano?<\/strong><\/li>\n<\/ul>\n<div style=\"text-align: justify;\">\n<p>Qualora il passaporto italiano sia stato rubato o perso sar\u00e0 necessario fare immeditamente una denuncia presso le autorit\u00e0 competenti locali, in Brasile o all&#8217;Estero (in Brasile il B.O &#8211; Boletim de Ocorr\u00eancia &#8211; DEAT &#8211; Av. Afr\u00e2nio de Melo Franco, 159 Leblon).<\/p>\n<p>La denuncia dovr\u00e0 essere, successivamente, informata e presentata al Consolato Italiano competente, che annuller\u00e0 il passaporto smarrito. In caso di perdita o furto informare il settore responsabile all&#8217;email <a href=\"mailto:pass.riodejaneiro@esteri.it\">pass.riodejaneiro@esteri.it<\/a><\/p>\n<p>La presentazione della denuncia, non corrisponde ad un&#8217;automatica prenotazione per il rilascio di un nuovo passaporto.<\/p>\n<p>Infatti, per il rilascio di un nuovo passaporto l&#8217;interessato dovr\u00e0 seguire le istruzioni del nostro sito per la prenotazione e presentazione della documentazione (completa come da informazioni disponibili in questa pagina web).<\/p>\n<p>IN CASO DI URGENZA DI RIPARTIRE (es. TURISTA ITALIANO DERUBATO DEL PASSAPORTO CHE DEBBA PARTIRE IL GIORNO DOPO)?<\/p>\n<p>In questi casi all\u2019interessato sar\u00e0 rilasciato un ETD (documento di viaggio di emergenza) valido per il rientro in Italia. La validit\u00e0 massima di questo documento \u00e8 di 1 settimana. A tal fine l\u2019interessato dovr\u00e0 presentarsi in Consolato con i seguenti documenti (chiamare il numero di emergenza o inviare una mail al settore):<\/p>\n<p>1. denuncia in originale (pi\u00f9 una copia) fatta davanti alle locali autorit\u00e0 di polizia (DEAT &#8211; Av. Afr\u00e2nio de Melo Franco, 159 Leblon);<\/p>\n<p>2. eventuale altro documento di riconoscimento valido (es. carta d\u2019identit\u00e0);<\/p>\n<p>3. 2 fotografie 3&#215;4 su sfondo bianco a colori e senza data;<\/p>\n<p>4. biglietto aereo originale pi\u00f9 una copia con la data di partenza confermata;<\/p>\n<p>5. tariffa consolare<\/p>\n<\/div>\n<ul style=\"text-align: justify;\">\n<li><strong>Quando posso richiedere un nuovo passaporto italiano?<\/strong><\/li>\n<\/ul>\n<div style=\"text-align: justify;\">\n<p>Premesso che la situazione anagrafica del cittadino italiano dev&#8217;essere aggiornata, sar\u00e0 possibile richiedere un nuovo passaporto se:<\/p>\n<p>1. la scadenza \u00e8 entro sei mesi;<\/p>\n<p>2. sono finite le pagine;<\/p>\n<p>3. il libretto non \u00e8 in condizioni d&#8217;uso (strappato\/bagnato, ecc.).<\/p>\n<\/div>\n","protected":false},"excerpt":{"rendered":"LEGGERE CON ATTENZIONE LE ISTRUZIONI PRIMA DI PROCEDERE ALLA PRENOTAZIONE PER IL RILASCIO DEL PASSAPORTO BIOMETRICO. 1. REQUISITI PER L&#8217;EMISSIONE 2. COME RICHIEDERE IL SERVIZIO &#8211; PRENOTARE SUL PORTALE PRENOT@MI 3. DOCUMENTI DA PRESENTARE 4. PROCEDURE PER IL RILASCIO DEL PASSAPORTO DI URGENZA 5. PAGAMENTO A SPORTELLO DELLA TASSA CONSOLARE \u00a0(esclusivamente con carta di debito [&hellip;]","protected":false},"author":3,"featured_media":0,"parent":71,"menu_order":0,"comment_status":"closed","ping_status":"closed","template":"","meta":{"footnotes":""},"class_list":["post-168","page","type-page","status-publish","hentry"],"_links":{"self":[{"href":"https:\/\/consriodejaneiro.esteri.it\/it\/wp-json\/wp\/v2\/pages\/168","targetHints":{"allow":["GET"]}}],"collection":[{"href":"https:\/\/consriodejaneiro.esteri.it\/it\/wp-json\/wp\/v2\/pages"}],"about":[{"href":"https:\/\/consriodejaneiro.esteri.it\/it\/wp-json\/wp\/v2\/types\/page"}],"author":[{"embeddable":true,"href":"https:\/\/consriodejaneiro.esteri.it\/it\/wp-json\/wp\/v2\/users\/3"}],"replies":[{"embeddable":true,"href":"https:\/\/consriodejaneiro.esteri.it\/it\/wp-json\/wp\/v2\/comments?post=168"}],"version-history":[{"count":8,"href":"https:\/\/consriodejaneiro.esteri.it\/it\/wp-json\/wp\/v2\/pages\/168\/revisions"}],"predecessor-version":[{"id":5425,"href":"https:\/\/consriodejaneiro.esteri.it\/it\/wp-json\/wp\/v2\/pages\/168\/revisions\/5425"}],"up":[{"embeddable":true,"href":"https:\/\/consriodejaneiro.esteri.it\/it\/wp-json\/wp\/v2\/pages\/71"}],"wp:attachment":[{"href":"https:\/\/consriodejaneiro.esteri.it\/it\/wp-json\/wp\/v2\/media?parent=168"}],"curies":[{"name":"wp","href":"https:\/\/api.w.org\/{rel}","templated":true}]}}