{"id":177,"date":"2022-12-02T19:17:45","date_gmt":"2022-12-02T18:17:45","guid":{"rendered":"https:\/\/consolatorio.esteri.it\/?page_id=177"},"modified":"2025-07-03T17:09:36","modified_gmt":"2025-07-03T15:09:36","slug":"servizi-notarili","status":"publish","type":"page","link":"https:\/\/consriodejaneiro.esteri.it\/it\/servizi-consolari-e-visti\/servizi-per-il-cittadino-italiano\/servizi-notarili\/","title":{"rendered":"Servizi notarili"},"content":{"rendered":"<p style=\"text-align: justify;\"><strong>1 &#8211; INFORMAZIONI GENERALI E NORMATIVA<\/strong><\/p>\n<p style=\"text-align: justify;\">L\u2019ufficio consolare esercita alcune funzioni notarili previste dal nostro ordinamento,\u00a0<strong>esclusivamente nei confronti di cittadini italiani che si trovano all&#8217;estero in via permanente o temporanea<\/strong>. Si tratta essenzialmente del ricevimento di atti pubblici (procure, testamenti), di atti notori, di autenticazioni e di sottoscrizioni apposte a scritture private.<\/p>\n<p style=\"text-align: justify;\">In caso di sottoscrizione di atti notarili ed altri servizi da far valere dinanzi alle Autorit\u00e0 italiane da parte di cittadini brasiliani e\/o stranieri, questi dovranno rivolgersi ad un notaio brasiliano (<em>Tabelionato o Cart\u00f3rio<\/em>) che vi applicher\u00e0 la prescritta Apostille.<\/p>\n<p style=\"text-align: justify;\"><strong>PRINCIPALI ATTI NOTARILI<\/strong>:<\/p>\n<ul style=\"text-align: justify;\">\n<li>Procure Generali<\/li>\n<li>Procure Speciali<\/li>\n<li>Autentiche di firma su dichiarazioni e atti di notoriet\u00e0.<\/li>\n<li>Testamenti<\/li>\n<li>Atti Pubblici<\/li>\n<\/ul>\n<p style=\"text-align: justify;\">Per ulteriori informazioni si consiglia di visitare le pagine del\u00a0<em>link<\/em>\u00a0&#8220;<a href=\"https:\/\/www.esteri.it\/mae\/it\/servizi\/italiani-all-estero\/attinotarili\/\">Normativa e leggi sul servizio notarile<\/a>&#8221; pure disponibile in alto a destra della pagina.<\/p>\n<p style=\"text-align: justify;\"><strong>2 &#8211; COME RICHIEDERE IL SERVIZIO<\/strong><\/p>\n<p style=\"text-align: justify;\"><strong>I servizi notarili sono erogati tramite appuntamento, per questo \u00e8 sufficiente inviare una e-mail direttamente al settore\u00a0<a href=\"mailto:riodejaneiro.notarile@esteri.it\">riodejaneiro.notarile@esteri.it<\/a>.<\/strong><\/p>\n<p style=\"text-align: justify;\">L&#8217;utenza \u00e8 pregata di leggere attentamente il paragrafo seguente che \u00e8 imprescindibile per definire le modalit\u00e0 di fornitura del servizio.<\/p>\n<p style=\"text-align: justify;\"><strong>3 &#8211; MODALIT\u00c0 DI PRES<\/strong><strong>ENTAZIONE E DOCUMENTI RICHIESTI<\/strong><\/p>\n<p style=\"text-align: justify;\"><strong>Nell&#8217;interesse dell&#8217;utenza ed al fine di poter garantire l&#8217;efficacia e la completezza dell&#8217;atto notarile (procura generale o speciale, testamento, atto pubblico, ecc\u2026 ) che sar\u00e0 utilizzato in Italia, \u00e8 opportuno che il richiedente ne faccia redigere il testo dall&#8217;avvocato o dal notaio italiano a cui \u00e8 stata affidata la pratica in Italia.<\/strong><\/p>\n<p style=\"text-align: justify;\"><strong>L&#8217;utenza \u00e8 pertanto pregata di far pervenire all\u2019indirizzo e-mail\u00a0<a href=\"mailto:riodejaneiro.notarile@esteri.it\">riodejaneiro.notarile@esteri.it<\/a>\u00a0dell&#8217;Ufficio Notarile\u00a0il nucleo del testo in formato\u00a0<em>.docx<\/em>\u00a0 (<em>Word)<\/em>\u00a0che verr\u00e0 esaminato alla luce della normativa e disposto in formato ufficiale, affinch\u00e9 possa essere presentato presso le autorit\u00e0 italiane.<\/strong><\/p>\n<p style=\"text-align: justify;\">Al messaggio di posta elettronica, dovr\u00e0 pure essere allegata copia della seguente\u00a0<strong>documentazione in formato<\/strong>\u00a0<strong><em>.pdf<\/em><\/strong>:<\/p>\n<ul style=\"text-align: justify;\">\n<li>copia del documento di riconoscimento (carta d\u2019identit\u00e0 o passaporto) del mandante che intende conferire la procura;<\/li>\n<li>copia\u00a0del cartellino del Codice Fiscale del mandante che intende conferire la procura;<\/li>\n<li>copia del documento di riconoscimento (carta d\u2019identit\u00e0 o passaporto) e\u00a0generalit\u00e0 complete (incluso l&#8217;indirizzo di residenza) della persona a cui si intende conferire la procura;<\/li>\n<li>copia del cartellino del Codice Fiscale della persona a cui si intende conferire la procura o almeno il Codice Fiscale verificato.<\/li>\n<\/ul>\n<p style=\"text-align: justify;\">Per alcune tipologie particolari di procura potr\u00e0 essere richiesta ulteriore documentazione.<\/p>\n<p style=\"text-align: justify;\"><strong>Solo dopo aver ricevuto il testo sar\u00e0 possibile da parte dell&#8217;Ufficio Notarile fissare la data per la firma\/ritiro del documento, data che\u00a0verr\u00e0 concordata con l&#8217;interessato via e-mail.<\/strong><\/p>\n<p style=\"text-align: justify;\">Eventuali casi che presentino situazioni comprovatamente speciali (portatori di deficienze fisiche, persone anziane con difficolt\u00e0 di accesso ai mezzi informatici ecc&#8230;) saranno oggetto di particolare attenzione da parte del settore.<\/p>\n<p style=\"text-align: justify;\"><strong>PAGAMENTO<\/strong>:<\/p>\n<p style=\"text-align: justify;\">Nel caso di emissione di documenti, il servizio prevede il\u00a0<strong>pagamento di una tassa consolare<\/strong>\u00a0che verr\u00e0 versata direttamente all&#8217;Ufficio Notarile (<a href=\"https:\/\/consriodejaneiro.esteri.it\/it\/servizi-consolari-e-visti\/servizi-per-il-cittadino-italiano\/altri-servizi\/tariffe-consolari\/\">Clicca qui per consultare la tabella dei diritti consolari<\/a>).<\/p>\n<p style=\"text-align: justify;\">Il pagamento deve avvenire con carta di debito\/bancomat che prevede una maggiorazione del 2% corrispondente alla commissione bancaria applicata dall&#8217;istituto che amministra il servizio e solo in casi del tutto eccezionali pu\u00f2 avvenire in contanti.<\/p>\n<p style=\"text-align: justify;\"><strong>Prima di scrivere all&#8217;Ufficio Notarile, si consiglia di leggere attentamente la pagina qui sopra e la\u00a0<a href=\"https:\/\/www.esteri.it\/mae\/it\/servizi\/italiani-all-estero\/attinotarili\/\">pagina degli approfondimenti dal sito della Farnesina.<\/a><\/strong><\/p>\n","protected":false},"excerpt":{"rendered":"1 &#8211; INFORMAZIONI GENERALI E NORMATIVA L\u2019ufficio consolare esercita alcune funzioni notarili previste dal nostro ordinamento,\u00a0esclusivamente nei confronti di cittadini italiani che si trovano all&#8217;estero in via permanente o temporanea. Si tratta essenzialmente del ricevimento di atti pubblici (procure, testamenti), di atti notori, di autenticazioni e di sottoscrizioni apposte a scritture private. In caso di [&hellip;]","protected":false},"author":3,"featured_media":0,"parent":71,"menu_order":0,"comment_status":"closed","ping_status":"closed","template":"","meta":{"footnotes":""},"class_list":["post-177","page","type-page","status-publish","hentry"],"_links":{"self":[{"href":"https:\/\/consriodejaneiro.esteri.it\/it\/wp-json\/wp\/v2\/pages\/177","targetHints":{"allow":["GET"]}}],"collection":[{"href":"https:\/\/consriodejaneiro.esteri.it\/it\/wp-json\/wp\/v2\/pages"}],"about":[{"href":"https:\/\/consriodejaneiro.esteri.it\/it\/wp-json\/wp\/v2\/types\/page"}],"author":[{"embeddable":true,"href":"https:\/\/consriodejaneiro.esteri.it\/it\/wp-json\/wp\/v2\/users\/3"}],"replies":[{"embeddable":true,"href":"https:\/\/consriodejaneiro.esteri.it\/it\/wp-json\/wp\/v2\/comments?post=177"}],"version-history":[{"count":4,"href":"https:\/\/consriodejaneiro.esteri.it\/it\/wp-json\/wp\/v2\/pages\/177\/revisions"}],"predecessor-version":[{"id":5405,"href":"https:\/\/consriodejaneiro.esteri.it\/it\/wp-json\/wp\/v2\/pages\/177\/revisions\/5405"}],"up":[{"embeddable":true,"href":"https:\/\/consriodejaneiro.esteri.it\/it\/wp-json\/wp\/v2\/pages\/71"}],"wp:attachment":[{"href":"https:\/\/consriodejaneiro.esteri.it\/it\/wp-json\/wp\/v2\/media?parent=177"}],"curies":[{"name":"wp","href":"https:\/\/api.w.org\/{rel}","templated":true}]}}