{"id":1968,"date":"2023-12-13T21:41:59","date_gmt":"2023-12-13T20:41:59","guid":{"rendered":"https:\/\/consriodejaneiro.esteri.it\/?page_id=1968"},"modified":"2023-12-13T21:41:59","modified_gmt":"2023-12-13T20:41:59","slug":"viaggiare-allestero-con-un-animale-domestico","status":"publish","type":"page","link":"https:\/\/consriodejaneiro.esteri.it\/it\/servizi-consolari-e-visti\/servizi-per-il-cittadino-italiano\/assistenza-ai-cittadini-allestero\/viaggiare-allestero-con-un-animale-domestico\/","title":{"rendered":"Viaggiare all\u2019estero con un animale domestico"},"content":{"rendered":"<div class=\"col-lg-8\">\n<article id=\"post-4084\" class=\"post-4084 page type-page status-publish hentry\">\n<header class=\"entry-header\">\n<h1 class=\"entry-title h3\"><strong style=\"font-size: 16px;\">AVVERTENZE: \u00c8 necessario prepararsi al viaggio con un animale domestico con almeno 120 giorni di anticipo.<\/strong><\/h1>\n<\/header>\n<div class=\"entry-content\">\n<p>Tutte le procedure e i requisiti sono disponibili sulla pagina del Ministero dell\u2019Agricoltura del Brasile (MAPA):\u00a0<a href=\"https:\/\/www.gov.br\/agricultura\/pt-br\/assuntos\/vigilancia-agropecuaria\/animais-estimacao\">https:\/\/www.gov.br\/agricultura\/pt-br\/assuntos\/vigilancia-agropecuaria\/animais-estimacao<\/a><\/p>\n<p>Nello specifico per entrare in Brasile con un animale domestico:\u00a0<a href=\"https:\/\/www.gov.br\/agricultura\/pt-br\/assuntos\/vigilancia-agropecuaria\/animais-estimacao\/entrar-no-brasil\">https:\/\/www.gov.br\/agricultura\/pt-br\/assuntos\/vigilancia-agropecuaria\/animais-estimacao\/entrar-no-brasil<\/a><\/p>\n<p>E per lasciare il Brasile:\u00a0<a href=\"https:\/\/www.gov.br\/agricultura\/pt-br\/assuntos\/vigilancia-agropecuaria\/animais-estimacao\/sair-do-brasil\">https:\/\/www.gov.br\/agricultura\/pt-br\/assuntos\/vigilancia-agropecuaria\/animais-estimacao\/sair-do-brasil<\/a><\/p>\n<p><a href=\"https:\/\/www.gov.br\/agricultura\/pt-br\/assuntos\/vigilancia-agropecuaria\/animais-estimacao\/sair-do-brasil\/requisitos-em-pdf-publicados\/uniao-europeia-site-mapa-jul-22.pdf\"><strong>PDF<\/strong>\u00a0<\/a>con i requisiti dell\u2019Unione Europea.<\/p>\n<p>\u00c8 disponibile anche un Manuale del Cittadino con tutte le istruzioni passo passo per non avere dubbi. Accedi al\u00a0<a href=\"https:\/\/www.gov.br\/agricultura\/pt-br\/assuntos\/vigilancia-agropecuaria\/animais-estimacao\/sair-do-brasil\/manual-e-cvi-uniao-europeia-irlanda-do-norte-noruega-e-suica-jan-23-v-2.pdf\"><strong>\u201cManual do Cidad\u00e3o \u2013 Uni\u00e3o Europeia, Irlanda do Norte, Noruega e Su\u00ed\u00e7a\u201d<\/strong><\/a><\/p>\n<p>\u00c8 disponibile un video per la corretta compilazione della domanda. Accedi qui:\u00a0<a href=\"https:\/\/www.youtube.com\/watch?v=-EaTVJhcI54\"><strong>Demonstra\u00e7\u00e3o do preenchimento de uma solicita\u00e7\u00e3o com detalhamento passo a passo<\/strong><\/a>\u00a0(Dimostrazione di compilazione di una richiesta con dettagli passo passo).<\/p>\n<p>In caso di difficolt\u00e0 di accesso allo strumento, \u00e8 disponibile un canale tecnico attraverso il quale i cittadini possono aprire un ticket:\u00a0<a href=\"https:\/\/www.gov.br\/governodigital\/pt-br\/atendimento-gov.br\/duvidas-na-plataforma-de-automacao\">https:\/\/www.gov.br\/governodigital\/pt-br\/atendimento-gov.br\/duvidas-na-plataforma-de-automacao<\/a><\/p>\n<p>Se avete altre domande, inviate un\u2019e-mail al Ministero dell\u2019Agricoltura del Brasile a:\u00a0<a href=\"mailto:cvi.vigiagro@agro.gov.br\">cvi.vigiagro@agro.gov.br<\/a><\/p>\n<\/div>\n<\/article>\n<\/div>\n","protected":false},"excerpt":{"rendered":"AVVERTENZE: \u00c8 necessario prepararsi al viaggio con un animale domestico con almeno 120 giorni di anticipo. Tutte le procedure e i requisiti sono disponibili sulla pagina del Ministero dell\u2019Agricoltura del Brasile (MAPA):\u00a0https:\/\/www.gov.br\/agricultura\/pt-br\/assuntos\/vigilancia-agropecuaria\/animais-estimacao Nello specifico per entrare in Brasile con un animale domestico:\u00a0https:\/\/www.gov.br\/agricultura\/pt-br\/assuntos\/vigilancia-agropecuaria\/animais-estimacao\/entrar-no-brasil E per lasciare il Brasile:\u00a0https:\/\/www.gov.br\/agricultura\/pt-br\/assuntos\/vigilancia-agropecuaria\/animais-estimacao\/sair-do-brasil PDF\u00a0con i requisiti dell\u2019Unione Europea. \u00c8 disponibile anche [&hellip;]","protected":false},"author":6,"featured_media":0,"parent":172,"menu_order":0,"comment_status":"closed","ping_status":"closed","template":"","meta":{"footnotes":""},"class_list":["post-1968","page","type-page","status-publish","hentry"],"_links":{"self":[{"href":"https:\/\/consriodejaneiro.esteri.it\/it\/wp-json\/wp\/v2\/pages\/1968","targetHints":{"allow":["GET"]}}],"collection":[{"href":"https:\/\/consriodejaneiro.esteri.it\/it\/wp-json\/wp\/v2\/pages"}],"about":[{"href":"https:\/\/consriodejaneiro.esteri.it\/it\/wp-json\/wp\/v2\/types\/page"}],"author":[{"embeddable":true,"href":"https:\/\/consriodejaneiro.esteri.it\/it\/wp-json\/wp\/v2\/users\/6"}],"replies":[{"embeddable":true,"href":"https:\/\/consriodejaneiro.esteri.it\/it\/wp-json\/wp\/v2\/comments?post=1968"}],"version-history":[{"count":1,"href":"https:\/\/consriodejaneiro.esteri.it\/it\/wp-json\/wp\/v2\/pages\/1968\/revisions"}],"predecessor-version":[{"id":1970,"href":"https:\/\/consriodejaneiro.esteri.it\/it\/wp-json\/wp\/v2\/pages\/1968\/revisions\/1970"}],"up":[{"embeddable":true,"href":"https:\/\/consriodejaneiro.esteri.it\/it\/wp-json\/wp\/v2\/pages\/172"}],"wp:attachment":[{"href":"https:\/\/consriodejaneiro.esteri.it\/it\/wp-json\/wp\/v2\/media?parent=1968"}],"curies":[{"name":"wp","href":"https:\/\/api.w.org\/{rel}","templated":true}]}}