{"id":2180,"date":"2024-01-30T15:31:15","date_gmt":"2024-01-30T14:31:15","guid":{"rendered":"https:\/\/consriodejaneiro.esteri.it\/?page_id=2180"},"modified":"2025-01-08T17:15:56","modified_gmt":"2025-01-08T16:15:56","slug":"libro-casa-ditalia","status":"publish","type":"page","link":"https:\/\/consriodejaneiro.esteri.it\/it\/servizi-consolari-e-visti\/servizi-per-il-cittadino-italiano\/altri-servizi\/libro-casa-ditalia\/","title":{"rendered":"IL CONSOLATO GENERALE D&#8217;ITALIA A RIO DE JANEIRO LANCIA IL LIBRO &#8220;LA CASA D&#8217;ITALIA A RIO DE JANEIRO &#8211; UNA BIOGRAFIA&#8221;."},"content":{"rendered":"<p style=\"text-align: justify;\"><a href=\"https:\/\/1drv.ms\/f\/c\/b302892174bf6a67\/Emdqv3QhiQIggLMOoAEAAAABCVt82tLI9ovsWXgj7AQRyQ\">Libro &#8220;CASA D&#8217;ITALIA&#8221; in italiano clicca qui<\/a><\/p>\n<p style=\"text-align: justify;\"><strong>Il libro ripercorre pi\u00f9 di 90 anni di presenza italiana nella societ\u00e0 di Rio. Stampato in portoghese, il libro ha anche una versione italiana. <\/strong><\/p>\n<p style=\"text-align: justify;\">\u00c8 stato lanciato il libro<strong><em> \u201cLa Casa D&#8217;Italia a Rio de Janeiro &#8211; una biografia\u201d<\/em><\/strong>. Frutto di un&#8217;intensa attivit\u00e0 di ricerca, il libro, realizzato dal Consolato Generale d&#8217;Italia a Rio de Janeiro, presenta al lettore oltre 90 anni di storia della presenza italiana nella societ\u00e0 di Rio de Janeiro, a partire dall&#8217;edificio costruito sulla Esplanada do Castelo, oggi situato all&#8217;incrocio tra Avenida Beira-Mar e Presidente Ant\u00f4nio Carlos, nel centro della capitale.<\/p>\n<p style=\"text-align: justify;\">L&#8217;edificio della Casa D&#8217;Italia \u00e8 la sede del Consolato Generale d&#8217;Italia a Rio de Janeiro. Oggi l&#8217;edificio ospita anche l&#8217;Istituto Italiano di Cultura e l&#8217;Istituto Europeo di Design. Molte altre istituzioni hanno avuto sede nello storico edificio nel corso dei nove decenni della sua esistenza, la cui storia completa \u00e8 presentata nel libro.<\/p>\n<p style=\"text-align: justify;\">Come genere letterario, le biografie raccontano le storie delle persone. In quest&#8217;opera, la Casa D&#8217;It\u00e1lia \u00e8 vista come un&#8217;entit\u00e0 vivente e non solo come un edificio immobile. Il Brasile era appena uscito dalla Vecchia Repubblica quando l&#8217;edificio inizi\u00f2 a essere desiderato e gettonato. La prima pietra fu posata nel 1931 e da allora \u00e8 rimasta viva nel centro di Rio.<\/p>\n<p style=\"text-align: justify;\">Il professor Aristides Correa Dutra \u00e8 il curatore del libro. Architetto, artista e master in comunicazione, Dutra ha scavato nella storia, soprattutto nei giornali, per iniziare la sua ricerca sulla Casa d&#8217;Italia. &#8220;Quello che ho scoperto \u00e8 una storia incredibile e selvaggia&#8221;, dice.<\/p>\n<p style=\"text-align: justify;\">L&#8217;Italia ha vissuto un intenso esodo della sua popolazione all&#8217;inizio del XX secolo. Con la cultura dell&#8217;associazionismo, essi crearono delle sedi nei luoghi in cui emigrarono e le chiamarono case degli italiani. Decine di esse furono costruite in Brasile, che era uno dei principali Paesi di destinazione dei migranti italiani. Una di queste era l&#8217;edificio che oggi ha la sua storia registrata in un libro.<\/p>\n<p style=\"text-align: justify;\">Il libro \u00e8 diviso in tre parti. La prima, firmata dal curatore dell&#8217;opera, Aristides Correa Dutra, racconta la storia dell&#8217;edificio dal momento in cui \u00e8 stato voluto fino alla sua restituzione al governo italiano negli anni Settanta (Brasile e Italia avevano interrotto le relazioni dopo la Seconda guerra mondiale e l&#8217;edificio era stato confiscato dal governo brasiliano).<\/p>\n<p style=\"text-align: justify;\">La seconda parte, scritta dalla giornalista Eliane Bardanachvili, racconta storie e curiosit\u00e0 sulla vita all&#8217;interno dell&#8217;edificio da quando \u00e8 stato preso in consegna dal governo italiano. La terza parte \u00e8 del fotografo Marco Ant\u00f4nio Rezende, che propone un immaginario giro d&#8217;Italia basato su un saggio fotografico dell&#8217;edificio oggi.<\/p>\n<p style=\"text-align: justify;\">Con 147 pagine, il libro <strong><em>\u201cLa Casa D&#8217;Italia a Rio de Janeiro \u2013 una biografia\u201d<\/em><\/strong> ha un&#8217;edizione stampata in portoghese, con 2.000 copie, e un&#8217;edizione digitale, che pu\u00f2 essere scaricata gratuitamente attraverso il sito ufficiale del Consolato Generale di Rio de Janeiro. Altre due edizioni, esclusivamente digitali, in italiano e in inglese, saranno rese disponibili per il download gratuito.<\/p>\n","protected":false},"excerpt":{"rendered":"Libro &#8220;CASA D&#8217;ITALIA&#8221; in italiano clicca qui Il libro ripercorre pi\u00f9 di 90 anni di presenza italiana nella societ\u00e0 di Rio. Stampato in portoghese, il libro ha anche una versione italiana. \u00c8 stato lanciato il libro \u201cLa Casa D&#8217;Italia a Rio de Janeiro &#8211; una biografia\u201d. Frutto di un&#8217;intensa attivit\u00e0 di ricerca, il libro, realizzato [&hellip;]","protected":false},"author":6,"featured_media":2187,"parent":175,"menu_order":0,"comment_status":"closed","ping_status":"closed","template":"","meta":{"footnotes":""},"class_list":["post-2180","page","type-page","status-publish","has-post-thumbnail","hentry"],"_links":{"self":[{"href":"https:\/\/consriodejaneiro.esteri.it\/it\/wp-json\/wp\/v2\/pages\/2180","targetHints":{"allow":["GET"]}}],"collection":[{"href":"https:\/\/consriodejaneiro.esteri.it\/it\/wp-json\/wp\/v2\/pages"}],"about":[{"href":"https:\/\/consriodejaneiro.esteri.it\/it\/wp-json\/wp\/v2\/types\/page"}],"author":[{"embeddable":true,"href":"https:\/\/consriodejaneiro.esteri.it\/it\/wp-json\/wp\/v2\/users\/6"}],"replies":[{"embeddable":true,"href":"https:\/\/consriodejaneiro.esteri.it\/it\/wp-json\/wp\/v2\/comments?post=2180"}],"version-history":[{"count":4,"href":"https:\/\/consriodejaneiro.esteri.it\/it\/wp-json\/wp\/v2\/pages\/2180\/revisions"}],"predecessor-version":[{"id":4055,"href":"https:\/\/consriodejaneiro.esteri.it\/it\/wp-json\/wp\/v2\/pages\/2180\/revisions\/4055"}],"up":[{"embeddable":true,"href":"https:\/\/consriodejaneiro.esteri.it\/it\/wp-json\/wp\/v2\/pages\/175"}],"wp:featuredmedia":[{"embeddable":true,"href":"https:\/\/consriodejaneiro.esteri.it\/it\/wp-json\/wp\/v2\/media\/2187"}],"wp:attachment":[{"href":"https:\/\/consriodejaneiro.esteri.it\/it\/wp-json\/wp\/v2\/media?parent=2180"}],"curies":[{"name":"wp","href":"https:\/\/api.w.org\/{rel}","templated":true}]}}