{"id":2479,"date":"2024-04-05T15:02:53","date_gmt":"2024-04-05T13:02:53","guid":{"rendered":"https:\/\/consriodejaneiro.esteri.it\/?page_id=2479"},"modified":"2024-04-08T21:00:57","modified_gmt":"2024-04-08T19:00:57","slug":"made-in-italy-sport-design-e-innovazione","status":"publish","type":"page","link":"https:\/\/consriodejaneiro.esteri.it\/it\/chi-siamo\/la-sede\/polo-culturale-italianorio\/made-in-italy-sport-design-e-innovazione\/","title":{"rendered":"MADE IN ITALY &#8211; Sport, Design e Innovazione"},"content":{"rendered":"<p style=\"text-align: justify;\"><em><img loading=\"lazy\" decoding=\"async\" class=\" wp-image-2525 img-fluid aligncenter\" src=\"https:\/\/consriodejaneiro.esteri.it\/wp-content\/uploads\/2024\/04\/MADE-IN-ITALY-2-300x134.png\" alt=\"\" width=\"345\" height=\"154\" srcset=\"https:\/\/consriodejaneiro.esteri.it\/wp-content\/uploads\/2024\/04\/MADE-IN-ITALY-2-300x134.png 300w, https:\/\/consriodejaneiro.esteri.it\/wp-content\/uploads\/2024\/04\/MADE-IN-ITALY-2.png 575w\" sizes=\"auto, (max-width: 345px) 100vw, 345px\" \/><\/em><\/p>\n<p style=\"text-align: justify;\"><em>Il Made in Italy \u00e8 un marchio distintivo che rappresenta l&#8217;eccellenza e la qualit\u00e0 dei prodotti italiani in tutto il mondo. Si riferisce non solo all&#8217;origine geografica, ma anche a un insieme di valori e tradizioni che caratterizzano la produzione italiana. \u00c8 sinonimo di design innovativo, artigianato di alta qualit\u00e0, attenzione ai dettagli e sostenibilit\u00e0 ambientale.<\/em><\/p>\n<p style=\"text-align: justify;\"><em>Nel dicembre 2023, il Governo Italiano ha istituito la Giornata Nazionale del Made in Italy, volta a valorizzare e promuovere, in Italia e all&#8217;estero, le produzioni di eccellenza, il patrimonio culturale e il saper fare italiano. Si scelse come data\u00a0 il 15 aprile, per omaggiare la nascita di Leonardo Da Vinci, una delle pi\u00f9 importanti figure italiane del Rinascimento. <\/em><\/p>\n<p style=\"text-align: justify;\">Lo scorso febbraio la Direzione Generale per la Promozione del Sistema Paese del Ministero degli Affari Esteri e della Cooperazione internazionale ha premiato e finanziato il progetto congiunto del <strong>Consolato Generale d\u2019Italia a Rio de Janeiro<\/strong> e di <strong>Italian Trade Agency Brasile<\/strong> volto a esporre presso <strong>il Polo ItaliaNoRio<\/strong> alcune rappresentative <strong>eccellenze del Made in Italy e del design italiano nel campo dello Sport.<\/strong> L\u2019esposizione, che beneficia della collaborazione IIC Rio de Janeiro, CONI Brasile e IED, \u00e8 visitabile dal 16 aprile al 15 giugno.<\/p>\n<p>&nbsp;<\/p>\n<p style=\"text-align: justify;\"><strong>DISPONIBILE QUI IL CALENDARIO DELLE ATTIVIT\u00c1: <a href=\"https:\/\/consriodejaneiro.esteri.it\/wp-content\/uploads\/2024\/04\/calendario-1.pdf\">CLICCA QUI<\/a><\/strong><\/p>\n<p>&#8212;&#8212;&#8212;&#8212;&#8212;&#8212;&#8212;&#8212;&#8211;<\/p>\n<p><strong>Visita allo showroom del Made in Italy:<\/strong> dal 16 aprile al 15 giugno<\/p>\n<p><strong>Visita Praia It\u00e1lia: <\/strong>dal 16 aprile al 15 maggio<\/p>\n<p><strong>Orario di visita:<\/strong> da luned\u00ed al venerd\u00ed, dalle 7.30 alle 16.30 e sabato dalle 9.00 alle 13.00<\/p>\n<p><strong>Locale: <\/strong>Casa d\u2019Italia \/ Pra\u00e7a It\u00e1lia<\/p>\n<p><strong>Indirizzo: <\/strong>Av. Pres. Ant\u00f4nio Carlos, 40 &#8211; Centro, Rio de Janeiro (RJ)<\/p>\n<p><strong>ENTRATA GRATUITA<\/strong><\/p>\n<p><strong><u>Aziende Partner<br \/>\n<\/u><\/strong><\/p>\n<p>Technogym, Pinarello, KASK, Luxottica, MBT, Zona Sul<\/p>\n<p><strong><u>Partner Instituzionale<br \/>\n<\/u><\/strong><\/p>\n<p>CONI Brasile, Ministero delle Imprese e del Made in Italy (MIMIT)<\/p>\n","protected":false},"excerpt":{"rendered":"Il Made in Italy \u00e8 un marchio distintivo che rappresenta l&#8217;eccellenza e la qualit\u00e0 dei prodotti italiani in tutto il mondo. Si riferisce non solo all&#8217;origine geografica, ma anche a un insieme di valori e tradizioni che caratterizzano la produzione italiana. \u00c8 sinonimo di design innovativo, artigianato di alta qualit\u00e0, attenzione ai dettagli e sostenibilit\u00e0 [&hellip;]","protected":false},"author":6,"featured_media":0,"parent":2452,"menu_order":0,"comment_status":"closed","ping_status":"closed","template":"","meta":{"footnotes":""},"class_list":["post-2479","page","type-page","status-publish","hentry"],"_links":{"self":[{"href":"https:\/\/consriodejaneiro.esteri.it\/it\/wp-json\/wp\/v2\/pages\/2479","targetHints":{"allow":["GET"]}}],"collection":[{"href":"https:\/\/consriodejaneiro.esteri.it\/it\/wp-json\/wp\/v2\/pages"}],"about":[{"href":"https:\/\/consriodejaneiro.esteri.it\/it\/wp-json\/wp\/v2\/types\/page"}],"author":[{"embeddable":true,"href":"https:\/\/consriodejaneiro.esteri.it\/it\/wp-json\/wp\/v2\/users\/6"}],"replies":[{"embeddable":true,"href":"https:\/\/consriodejaneiro.esteri.it\/it\/wp-json\/wp\/v2\/comments?post=2479"}],"version-history":[{"count":6,"href":"https:\/\/consriodejaneiro.esteri.it\/it\/wp-json\/wp\/v2\/pages\/2479\/revisions"}],"predecessor-version":[{"id":2539,"href":"https:\/\/consriodejaneiro.esteri.it\/it\/wp-json\/wp\/v2\/pages\/2479\/revisions\/2539"}],"up":[{"embeddable":true,"href":"https:\/\/consriodejaneiro.esteri.it\/it\/wp-json\/wp\/v2\/pages\/2452"}],"wp:attachment":[{"href":"https:\/\/consriodejaneiro.esteri.it\/it\/wp-json\/wp\/v2\/media?parent=2479"}],"curies":[{"name":"wp","href":"https:\/\/api.w.org\/{rel}","templated":true}]}}