{"id":265,"date":"2023-05-24T22:21:28","date_gmt":"2023-05-24T20:21:28","guid":{"rendered":"https:\/\/consolatorio.esteri.it\/?page_id=265"},"modified":"2025-07-01T20:05:11","modified_gmt":"2025-07-01T18:05:11","slug":"documenti-necessari-per-la-richiesta-di-passaporto-cittadini-senza-figli-o-con-figli-maggiorenni","status":"publish","type":"page","link":"https:\/\/consriodejaneiro.esteri.it\/it\/servizi-consolari-e-visti\/servizi-per-il-cittadino-italiano\/passaporti-e-carte-didentita\/documenti-necessari-per-la-richiesta-di-passaporto-cittadini-senza-figli-o-con-figli-maggiorenni\/","title":{"rendered":"DOCUMENTI NECESSARI PER LA RICHIESTA DI PASSAPORTO PER CITTADINI MAGGIORENNI"},"content":{"rendered":"<div class=\"sr-only\">All\u2019atto della richiesta gli interessati devono presentare i <strong>seguenti documenti, in originale pi\u00f9 una copia semplice:<\/strong><\/div>\n<div><\/div>\n<div>\n<p>1.\u00a0<strong>Documento d&#8217;identit\u00e0 valido<\/strong>\u00a0e recente (RG com validade a meno de 10 anos, RNE, passaporte brasileiro valido)<\/p>\n<p>2.\u00a0<strong>2 fotografie<\/strong>\u00a0col volto ben centrato nel riquadro, formato 35mm di larghezza e 45mm di altezza, a colori su sfondo bianco. Causa la digitalizzazione dell\u2019immagine per la stampa sul documento, sono necessarie foto nelle quali il volto risulti ben centrato nel riquadro (ovvero non troppo distante n\u00e9 troppo vicino, e dotate di una buona illuminazione).\u00a0<a href=\"https:\/\/consriodejaneiro.esteri.it\/wp-content\/uploads\/2023\/09\/fotografia_passaporto_web.pdf\">Clicca qua.<\/a><\/p>\n<p>3.\u00a0<strong>Copia della sola pagina principale del vecchio passaporto, se posseduto.<\/strong>\u00a0In caso di perdita o furto, \u00e8 necessario presentare la denuncia resa avanti le locali autorit\u00e0 di polizia (per la citt\u00e0 di Rio de Janeiro rivolgersi alla DEAT \u2013 \u201cDelegacia de Asist\u00eancia ao Turista\u201d &#8211; Av. Afr\u00e2nio de Melo Franco, 159 &#8211; Leblon, Rio de Janeiro &#8211; Tel: 21 2232-2924);<\/p>\n<p>4.\u00a0<strong>(Solo per i doppi cittadini)<\/strong>\u00a0passaporto brasiliano valido, se posseduto;<\/p>\n<p>5. Una prova della propria effettiva ed attuale\u00a0<strong>residenza nella circoscrizione consolare A PROPRIO NOME<\/strong><\/p>\n<ul>\n<li>Utenze domestiche (Energia elettrica; Gas; Acqua; Telefono; Internet; TV via cavo)<\/li>\n<li>Tasse universitarie<\/li>\n<li>Pensione<\/li>\n<li>Dichiarazione datore di lavoro (in carta intestata e con firma riconosciuta in cart\u00f3rio)<\/li>\n<li>Dichiarazione redditi<\/li>\n<li>Dichiarazione amministratore condominio (in carta intestata e con firma riconosciuta in cart\u00f3rio)<\/li>\n<\/ul>\n<p>Tutte le prove elencate sopra sono alternative e non cumulative; dovranno inoltre essere recenti (emesse da non pi\u00f9 di 90 giorni).<\/p>\n<p>Potr\u00e0 essere accettato una prova di residenza in nome del coniuge (se accompagnato da opportuna evidenza di persistenza del legame coniugale \u2013 es. certificato matrimoniale recente) o del genitore, in caso di figli maggiorenni (under 30).<\/p>\n<p>In tale ultimo caso esso andr\u00e0 accompagnato da dichiarazione sottoscritta per autenticit\u00e0 dal genitore presso un Cart\u00f3rio.<\/p>\n<p>6. Il pagamento della tassa (<a href=\"https:\/\/consriodejaneiro.esteri.it\/it\/servizi-consolari-e-visti\/servizi-per-il-cittadino-italiano\/altri-servizi\/tariffe-consolari\/\"><strong>Tariffa Consolare<\/strong><\/a>) deve essere effettuato <strong>esclusivamente con<\/strong> <strong>carta di debito fisica.<\/strong><\/p>\n<\/div>\n","protected":false},"excerpt":{"rendered":"All\u2019atto della richiesta gli interessati devono presentare i seguenti documenti, in originale pi\u00f9 una copia semplice: 1.\u00a0Documento d&#8217;identit\u00e0 valido\u00a0e recente (RG com validade a meno de 10 anos, RNE, passaporte brasileiro valido) 2.\u00a02 fotografie\u00a0col volto ben centrato nel riquadro, formato 35mm di larghezza e 45mm di altezza, a colori su sfondo bianco. Causa la digitalizzazione [&hellip;]","protected":false},"author":6,"featured_media":0,"parent":168,"menu_order":0,"comment_status":"closed","ping_status":"closed","template":"","meta":{"footnotes":""},"class_list":["post-265","page","type-page","status-publish","hentry"],"_links":{"self":[{"href":"https:\/\/consriodejaneiro.esteri.it\/it\/wp-json\/wp\/v2\/pages\/265","targetHints":{"allow":["GET"]}}],"collection":[{"href":"https:\/\/consriodejaneiro.esteri.it\/it\/wp-json\/wp\/v2\/pages"}],"about":[{"href":"https:\/\/consriodejaneiro.esteri.it\/it\/wp-json\/wp\/v2\/types\/page"}],"author":[{"embeddable":true,"href":"https:\/\/consriodejaneiro.esteri.it\/it\/wp-json\/wp\/v2\/users\/6"}],"replies":[{"embeddable":true,"href":"https:\/\/consriodejaneiro.esteri.it\/it\/wp-json\/wp\/v2\/comments?post=265"}],"version-history":[{"count":6,"href":"https:\/\/consriodejaneiro.esteri.it\/it\/wp-json\/wp\/v2\/pages\/265\/revisions"}],"predecessor-version":[{"id":5383,"href":"https:\/\/consriodejaneiro.esteri.it\/it\/wp-json\/wp\/v2\/pages\/265\/revisions\/5383"}],"up":[{"embeddable":true,"href":"https:\/\/consriodejaneiro.esteri.it\/it\/wp-json\/wp\/v2\/pages\/168"}],"wp:attachment":[{"href":"https:\/\/consriodejaneiro.esteri.it\/it\/wp-json\/wp\/v2\/media?parent=265"}],"curies":[{"name":"wp","href":"https:\/\/api.w.org\/{rel}","templated":true}]}}