{"id":277,"date":"2023-05-24T22:49:30","date_gmt":"2023-05-24T20:49:30","guid":{"rendered":"https:\/\/consolatorio.esteri.it\/?page_id=277"},"modified":"2023-09-29T21:39:34","modified_gmt":"2023-09-29T19:39:34","slug":"documenti-necessari-per-la-richiesta-di-passaporto-cittadini-minorenni","status":"publish","type":"page","link":"https:\/\/consriodejaneiro.esteri.it\/it\/servizi-consolari-e-visti\/servizi-per-il-cittadino-italiano\/altri-servizi\/albo-consolare\/documenti-necessari-per-la-richiesta-di-passaporto-cittadini-minorenni\/","title":{"rendered":"DOCUMENTI NECESSARI PER LA RICHIESTA DI PASSAPORTO CITTADINI MINORENNI"},"content":{"rendered":"<p style=\"text-align: justify;\">Dal 26 giugno 2012 tutti i minori italiani che viaggiano devono essere muniti di documento di viaggio individuale. Pertanto, a partire da tale data i minori, anche se iscritti sui passaporti dei genitori in data antecedente al 25 novembre 2009, devono essere in possesso di passaporto individuale oppure, qualora gli Stati attraversati ne riconoscano la validit\u00e0, di carta d\u2019identit\u00e0 valida per l\u2019espatrio o di altro documento equipollente.<\/p>\n<p style=\"text-align: justify;\">Chi pu\u00f2 chiedere il passaporto di un minore?\u00a0La domanda di passaporto di un minore deve essere avanzata da entrambi i suoi genitori vivi ovvero da chi eserciti su di lui la potest\u00e0 genitoriale (unico genitore vivo, tutore, giudice tutelare, Tribunale dei minori, ecc.). Ai fini del rilascio, se la richiesta proviene dai genitori, \u00e8 necessario il consenso di entrambi. In altre parole i due genitori devono chiedere espressamente e congiuntamente il passaporto del loro figlio, essendo per legge necessaria questa comunione di intenti (si vuole evitare che il minore viaggi senza che uno dei genitori ne sia al corrente).<\/p>\n<p style=\"text-align: justify;\">Il genitore cittadino in possesso di passaporto o di altro documento italiano valido pu\u00f2 dare la propria autorizzazione anche sottoscrivendo l&#8217;atto di Assenso e allegandovi copia del proprio documento da cui risulti la corrispondenza delle due firme (quella posta sul passaporto e quella presente sulla dichiarazione).<\/p>\n<p style=\"text-align: justify;\">Quanto dura il passaporto dei minori?\u00a0Diversamente da quello degli adulti che dura 10 anni, il passaporto dei minori dura 3 anni se il minore non ha ancora compiuto il 3\u00ba anno d\u2019et\u00e0, e 5 anni se l\u2019et\u00e0 del minore \u00e8 compresa dai 3 ai 18 anni. Per presentare la domanda di passaporto per un minore, questo deve essere presente? La presenza del minore \u00e8 richiesta solo per quelli che abbiano l\u2019et\u00e0 di 12 anni o superiore.<\/p>\n<p style=\"text-align: justify;\">All\u2019atto della richiesta devono essere\u00a0<strong>presentati i seguenti documenti,\u00a0in originale pi\u00f9 una copia semplice:<\/strong><\/p>\n<p style=\"text-align: justify;\">1.\u00a0<strong>Documento d&#8217;identit\u00e0 valido<\/strong>\u00a0e recente del minore e dei genitori (se si tratta di doppi cittadini che presentano il passaporto brasiliano, il punto 3 viene eliminato);<\/p>\n<p style=\"text-align: justify;\">2.\u00a0<strong>Copia della sola pagina principale del vecchio passaporto del minorenne<\/strong>, se posseduto. In caso di perdita o furto, \u00e8 necessario presentare la denuncia resa presso le locali autorit\u00e0 di polizia (per la citt\u00e0 di Rio de Janeiro rivolgersi alla DEAT \u2013 \u201cDelegacia de Asist\u00eancia ao Turista\u201d &#8211; Av. Afr\u00e2nio de Melo Franco, 159 &#8211; Leblon, Rio de Janeiro &#8211; Tel: 21 2232-2924);<\/p>\n<p style=\"text-align: justify;\">3.\u00a0<strong>Passaporto brasiliano valido<\/strong>\u00a0(solo per i doppi cittadini), se posseduto;<\/p>\n<p style=\"text-align: justify;\">4.\u00a0<strong>2 fotografie<\/strong>\u00a0col volto ben centrato nel riquadro, formato 35x45mm, a colori su sfondo bianco. Causa la digitalizzazione dell\u2019immagine per la stampa sul documento, sono necessarie foto nelle quali il volto risulti ben centrato nel riquadro (ovvero non troppo distante n\u00e9 troppo vicino, e dotate di una buona illuminazione).\u00a0<a href=\"https:\/\/consriodejaneiro.esteri.it\/wp-content\/uploads\/2023\/09\/fotografia_passaporto_web.pdf\">Clicca qua.\u00a0<\/a><\/p>\n<p style=\"text-align: justify;\">5.\u00a0<strong>Prova di residenza a nome del genitore\/tutore\u00a0<\/strong>con cui il minore convive nella circoscrizione consolare<\/p>\n<ul>\n<li>Utenze domestiche (Energia elettrica; Gas; Acqua; Telefono; Internet; TV via cavo)<\/li>\n<li>Tasse universitarie<\/li>\n<li>Pensione<\/li>\n<li>Dichiarazione datore di lavoro (in carta intestata e con firma riconosciuta in cart\u00f3rio)<\/li>\n<li>Dichiarazione redditi<\/li>\n<li>Dichiarazione amministratore condominio (in carta intestata e con firma riconosciuta in cart\u00f3rio)<\/li>\n<\/ul>\n<p>Tutte le prove elencate sopra sono alternative e non cumulative; dovranno inoltre essere recenti (emesse da non pi\u00f9 di 90 giorni).<\/p>\n<p>Potr\u00e0 essere accettato un comprovante in nome del coniuge (se accompagnato da opportuna evidenza di persistenza del legame coniugale \u2013 es. certificato matrimoniale recente) o del genitore, in caso di figli maggiorenni (under 30).<\/p>\n<p>In tale ultimo caso esso andr\u00e0 accompagnato da dichiarazione sottoscritta per autenticit\u00e0 dal genitore presso un Cart\u00f3rio.<\/p>\n<p style=\"text-align: justify;\"><strong>ATTENZIONE<\/strong>: non sono accettate bollette di telefoni &#8220;mobili&#8221; (cellulari), n\u00e9 dimostrativi della titolarit\u00e0 di conti correnti presso banche locali o simili.<\/p>\n<p style=\"text-align: justify;\"><strong>ASSENZA DI UNO DEI GENITORI:<\/strong>\u00a0Qualora uno dei genitori non possa presentarsi personalmente in Consolato per documentati e inderogabili motivi, l\u2019interessato potr\u00e0 dare il proprio \u201cassenso\u201d compilando il formulario scaricabile da questo sito ed autenticando la propria firma presso una qualsiasi altra autorit\u00e0 italiana (Questura, Comune, altro Consolato o Ambasciata, Vice Consolato) o anche presso un \u201cCart\u00f3rio de Notas\u201d situato nella nostra circoscrizione riconoscendo la firma per autenticit\u00e0.)\u00a0<a href=\"https:\/\/consriodejaneiro.esteri.it\/wp-content\/uploads\/2023\/05\/atto_di_assenso_-__minore.ok-2.docx\">CLICCA QUI.\u00a0<\/a><\/p>\n<p style=\"text-align: justify;\"><strong>MANCATO ASSENSO AL RILASCIO:<\/strong>\u00a0se uno dei genitori si rifiuta di firmare l\u2019atto di assenso al rilascio del passaporto del proprio figlio minore, il genitore che ne ha interesse dovr\u00e0 presentarsi all\u2019Ufficio Passaporti munito di una lettera sottoscritta nella quale spiega i presunti motivi del rifiuto dell&#8217;altro genitore e fornisce l&#8217;indirizzo completo di quest&#8217;ultimo.<\/p>\n<p style=\"text-align: justify;\">Sar\u00e0 cura dell&#8217;Ufficio Passaporti verificare presso l&#8217;altro genitore se le motivazioni del rifiuto sono o meno giustificate alla luce della Legge sui Passaporti (n. 1185 del 1967), in particolare per quel che riguarda il pagamento degli alimenti a favore dei figli. In caso di rifiuto ingiustificato, sar\u00e0 emesso apposito decreto dal Capo Missione, in qualit\u00e0 di Giudice Tutelare, che sostituir\u00e0 l\u2019assenso dell&#8217;altro genitore.<\/p>\n","protected":false},"excerpt":{"rendered":"Dal 26 giugno 2012 tutti i minori italiani che viaggiano devono essere muniti di documento di viaggio individuale. Pertanto, a partire da tale data i minori, anche se iscritti sui passaporti dei genitori in data antecedente al 25 novembre 2009, devono essere in possesso di passaporto individuale oppure, qualora gli Stati attraversati ne riconoscano la [&hellip;]","protected":false},"author":6,"featured_media":0,"parent":234,"menu_order":0,"comment_status":"closed","ping_status":"closed","template":"","meta":{"footnotes":""},"class_list":["post-277","page","type-page","status-publish","hentry"],"_links":{"self":[{"href":"https:\/\/consriodejaneiro.esteri.it\/it\/wp-json\/wp\/v2\/pages\/277","targetHints":{"allow":["GET"]}}],"collection":[{"href":"https:\/\/consriodejaneiro.esteri.it\/it\/wp-json\/wp\/v2\/pages"}],"about":[{"href":"https:\/\/consriodejaneiro.esteri.it\/it\/wp-json\/wp\/v2\/types\/page"}],"author":[{"embeddable":true,"href":"https:\/\/consriodejaneiro.esteri.it\/it\/wp-json\/wp\/v2\/users\/6"}],"replies":[{"embeddable":true,"href":"https:\/\/consriodejaneiro.esteri.it\/it\/wp-json\/wp\/v2\/comments?post=277"}],"version-history":[{"count":3,"href":"https:\/\/consriodejaneiro.esteri.it\/it\/wp-json\/wp\/v2\/pages\/277\/revisions"}],"predecessor-version":[{"id":1154,"href":"https:\/\/consriodejaneiro.esteri.it\/it\/wp-json\/wp\/v2\/pages\/277\/revisions\/1154"}],"up":[{"embeddable":true,"href":"https:\/\/consriodejaneiro.esteri.it\/it\/wp-json\/wp\/v2\/pages\/234"}],"wp:attachment":[{"href":"https:\/\/consriodejaneiro.esteri.it\/it\/wp-json\/wp\/v2\/media?parent=277"}],"curies":[{"name":"wp","href":"https:\/\/api.w.org\/{rel}","templated":true}]}}