{"id":284,"date":"2023-05-24T23:02:14","date_gmt":"2023-05-24T21:02:14","guid":{"rendered":"https:\/\/consolatorio.esteri.it\/?page_id=284"},"modified":"2023-10-30T20:45:21","modified_gmt":"2023-10-30T19:45:21","slug":"unione-civile","status":"publish","type":"page","link":"https:\/\/consriodejaneiro.esteri.it\/it\/servizi-consolari-e-visti\/servizi-per-il-cittadino-italiano\/stato-civile\/unione-civile\/","title":{"rendered":"Unione Civile"},"content":{"rendered":"<p style=\"text-align: justify;\"><strong>UNIONE CIVILE<\/strong><\/p>\n<p style=\"text-align: justify;\">Si intende come \u201cunione civile\u201d un matrimonio celebrato tra persone dello stesso sesso.<\/p>\n<p style=\"text-align: justify;\">Gli atti denominati in Brasile come \u201cuni\u00e3o est\u00e1vel\u201d (stipolati tra un uomo e una donna O tra persone dello stesso sesso) NON sono riconoscibili in Italia poich\u00e9 non corrispondono ad una \u201cUnione Civile\u201d ma ad un \u201cContratto di Convivenza di Fatto\u201d che non trova corrispondente nella legislazione italiana, quando prodotto all&#8217;estero.<\/p>\n<p style=\"text-align: justify;\">Per effettuare la comunicazione di una Unione Civile \u00e8 necessario inviare i seguenti documenti:<\/p>\n<p style=\"text-align: justify;\"><strong>&#8220;CERTID\u00c3O DE CASAMENTO EM INTEIRO TEOR&#8221;<\/strong>\u00a0&#8211; atto di matrimonio integrale\u00a0dattilografata e non copia reprografica emessa dal competente Ufficio di Stato Civile (&#8220;Cart\u00f3rio&#8221;), originale e recente (rilasciato da non oltre sei mesi), con\u00a0<a href=\"https:\/\/consriodejaneiro.esteri.it\/br\/servizi-consolari-e-visti\/servizi-per-il-cittadino-straniero\/traduzione-e-legalizzazione-dei-documenti\/\">Apostille<\/a>\u00a0e traduzione in italiano effettuata da un traduttore giurato, con Apostille.<\/p>\n<p style=\"text-align: justify;\"><a href=\"https:\/\/consriodejaneiro.esteri.it\/wp-content\/uploads\/2023\/09\/stato_civile_-_nascita_dichiarazione_sostitutiva.pdf\">Modulo &#8220;Dichiarazione Sostitutiva di certificazione (Mod.2<\/a>)&#8221; compilato e firmato dal cittadino italiano, accompagnato da fotocopia (semplice) del documento d&#8217;identit\u00e0 (passaporto italiano, carta d&#8217;identit\u00e0 o, in alternativa, un documento d&#8217;identit\u00e0 straniero con foto e firma recente) e da idonea prova di indirizzo intestata al coniuge cittadino italiano.<\/p>\n<p style=\"text-align: justify;\"><strong>I documenti devono essere sempre inviati accompagnati dalla Dichiarazione Sostitutiva di Certificazione per posta:<\/strong><\/p>\n<p style=\"text-align: justify;\">Consolato Generale D\u2019Italia<\/p>\n<p style=\"text-align: justify;\">a\/c Setor de Registro Civil<br \/>\nAvenida Presidente Antonio Carlos 40, centro<br \/>\n20020-010 Rio De Janeiro (RJ)<\/p>\n","protected":false},"excerpt":{"rendered":"UNIONE CIVILE Si intende come \u201cunione civile\u201d un matrimonio celebrato tra persone dello stesso sesso. Gli atti denominati in Brasile come \u201cuni\u00e3o est\u00e1vel\u201d (stipolati tra un uomo e una donna O tra persone dello stesso sesso) NON sono riconoscibili in Italia poich\u00e9 non corrispondono ad una \u201cUnione Civile\u201d ma ad un \u201cContratto di Convivenza di [&hellip;]","protected":false},"author":6,"featured_media":0,"parent":171,"menu_order":0,"comment_status":"closed","ping_status":"closed","template":"","meta":{"footnotes":""},"class_list":["post-284","page","type-page","status-publish","hentry"],"_links":{"self":[{"href":"https:\/\/consriodejaneiro.esteri.it\/it\/wp-json\/wp\/v2\/pages\/284","targetHints":{"allow":["GET"]}}],"collection":[{"href":"https:\/\/consriodejaneiro.esteri.it\/it\/wp-json\/wp\/v2\/pages"}],"about":[{"href":"https:\/\/consriodejaneiro.esteri.it\/it\/wp-json\/wp\/v2\/types\/page"}],"author":[{"embeddable":true,"href":"https:\/\/consriodejaneiro.esteri.it\/it\/wp-json\/wp\/v2\/users\/6"}],"replies":[{"embeddable":true,"href":"https:\/\/consriodejaneiro.esteri.it\/it\/wp-json\/wp\/v2\/comments?post=284"}],"version-history":[{"count":3,"href":"https:\/\/consriodejaneiro.esteri.it\/it\/wp-json\/wp\/v2\/pages\/284\/revisions"}],"predecessor-version":[{"id":1343,"href":"https:\/\/consriodejaneiro.esteri.it\/it\/wp-json\/wp\/v2\/pages\/284\/revisions\/1343"}],"up":[{"embeddable":true,"href":"https:\/\/consriodejaneiro.esteri.it\/it\/wp-json\/wp\/v2\/pages\/171"}],"wp:attachment":[{"href":"https:\/\/consriodejaneiro.esteri.it\/it\/wp-json\/wp\/v2\/media?parent=284"}],"curies":[{"name":"wp","href":"https:\/\/api.w.org\/{rel}","templated":true}]}}