{"id":296,"date":"2023-05-24T23:07:28","date_gmt":"2023-05-24T21:07:28","guid":{"rendered":"https:\/\/consolatorio.esteri.it\/?page_id=296"},"modified":"2025-02-03T18:48:42","modified_gmt":"2025-02-03T17:48:42","slug":"cambiamento-del-nome-del-cognome-o-del-genere","status":"publish","type":"page","link":"https:\/\/consriodejaneiro.esteri.it\/it\/servizi-consolari-e-visti\/servizi-per-il-cittadino-italiano\/stato-civile\/cambiamento-del-nome-del-cognome-o-del-genere\/","title":{"rendered":"CAMBIAMENTI DEL NOME, DEL COGNOME O DEL GENERE"},"content":{"rendered":"<p style=\"text-align: justify;\"><strong>1.a &#8211; CAMBIAMENTI DEL NOME O DEL COGNOME &#8211; AMMINISTRATIVO<\/strong><\/p>\n<p style=\"text-align: justify;\">In base agli artt. 84 e seguenti del D.P.R. 396 del 3 novembre 2000, per modificare il proprio nome o cognome la persona interessata deve produrre una domanda scritta <a href=\"https:\/\/consriodejaneiro.esteri.it\/wp-content\/uploads\/2024\/02\/13-Richiesta-cambiamento-nome-cognome.pdf\">(istanza_cambio_nome-cognome-sesso_per_sentenza_)<\/a> e consegnarla all&#8217;Ufficio di Stato Civile di questo Consolato per l&#8217;inoltro alla Prefettura del luogo di ultima residenza.<\/p>\n<p><strong>L\u2019istanza e relativi documenti como di seguito informato, devono essere sempre inviati per posta accompagnati dalla\u00a0<a href=\"https:\/\/consriodejaneiro.esteri.it\/wp-content\/uploads\/2024\/01\/stato_civile_dichiarazione_sostitutiva_di_certificazione_2019_con_informativa-RJ.docx\">Dichiarazione Sostitutiva di Certificazione<\/a>\u00a0al seguente indirizzo :<\/strong><\/p>\n<p><strong>Consolato Generale D\u2019Italia<\/strong><\/p>\n<p><strong>a\/c Setor de Registro Civil<\/strong><br \/>\n<strong>Avenida Presidente Antonio Carlos 40, centro<\/strong><br \/>\n<strong>20020-010 Rio De Janeiro (RJ)<\/strong><\/p>\n<p>In caso la richiesta si riferisca ad un minorenne, il seguente modulo dev\u2019essere compilato dai genitori <a href=\"https:\/\/consriodejaneiro.esteri.it\/wp-content\/uploads\/2024\/01\/istanza_cambio_nome-cognome-per_sentenza_-minorenne.pdf\">istanza_cambio_nome-cognome-per_sentenza_ minorenne<\/a><\/p>\n<p style=\"text-align: justify;\">I casi di cambiamento di nomi e cognomi perch\u00e8 ridicoli o vergognosi o perch\u00e8 rivelanti origine naturale sono esenti da ogni tassa. E\u2019 bene notare che non si pu\u00f2 richiedere l&#8217;attribuzione di cognomi di importanza storica, o comunque tali da indurre in errore circa l&#8217;appartenenza del richiedente.<\/p>\n<p style=\"text-align: justify;\">Si ricorda inoltre che i provvedimenti di cambiamento di nome e\/o cognome rivestono carattere eccezionale e possono essere ammessi esclusivamente in presenza di situazioni rilevanti, supportate da idonea documentazione e da solide e significative motivazioni.<\/p>\n<p style=\"text-align: justify;\">Nel caso specifico di cambiamento di cognome in funzione di matrimonio celebrato in Brasile (dove la sposa ha scelto di adottare\/aggiungere anche il cognome del marito) \u00e8 necessario attendere che il Comune confermi a questo Consolato che sia l\u2019avvenuta trascrizione dell\u2019atto di matrimonio e quale sia il cognome attribuito alla sposa.<\/p>\n<p style=\"text-align: justify;\">Nella domanda si deve:<\/p>\n<ul style=\"text-align: justify;\">\n<li>Indicare la modificazione che si vuole apportare al nome e\/o cognome;<\/li>\n<li>Spiegare le ragioni alla base della richiesta di modifica;<\/li>\n<li>Indicare il proprio indirizzo di residenza in Brasile;<\/li>\n<li>Allegare copia del proprio passaporto o carta di identit\u00e0.<\/li>\n<\/ul>\n<p style=\"text-align: justify;\">Qualora l&#8217;interessato riceva direttamente dal Prefetto (e NON tramite il Consolato) il Decreto di autorizzazione all&#8217;affissione, lo stesso dovr\u00e0 portare detto documento all\u2019Ufficio di Stato Civile di questo Consolato per la successiva procedura di affissione (previo appuntamento via e-mail con l\u2019Ufficio stesso).<\/p>\n<p style=\"text-align: justify;\">Qualora il Decreto suddetto arrivi in Consolato, sar\u00e0 cura di questo Ufficio contattare l\u2019interessato per la procedura di affissione.<\/p>\n<p style=\"text-align: justify;\">L&#8217;affissione ha durata di 30 giorni consecutivi, trascorsi i quali \u2013 se non sono state notificate opposizioni &#8211; il Consolato invia al Prefetto una Nota attestante l&#8217;eseguita affissione e la sua durata.<\/p>\n<p style=\"text-align: justify;\">Il Decreto finale che autorizza il cambiamento del nome e\/o del cognome, deve essere annotato, su richiesta degli interessati, dal Comune competente nell&#8217;atto di nascita del richiedente, nell&#8217;atto di matrimonio del medesimo e negli atti di nascita di coloro che ne hanno derivato il cognome.<\/p>\n<p style=\"text-align: justify;\"><strong>1.b &#8211; CAMBIO NOME\/COGNOME\/GENERE PER SENTENZA GIUDIZIALE IN BRASILE<\/strong><\/p>\n<p style=\"text-align: justify;\">Qualora la modifica del nome e\/o del cognome &#8211; ed eventualmente del genere &#8211; sia avvenuta per sentenza giudiziale brasiliana, \u00e8 necessario inviare per posta a questo Settore di Stato Civile, per la trasmissione di rito al Comune italiano di appartenenza, la seguente documentazione:<\/p>\n<p style=\"text-align: justify;\">1. Copia del processo con\u00a0<a href=\"https:\/\/consriodejaneiro.esteri.it\/br\/servizi-consolari-e-visti\/servizi-per-il-cittadino-straniero\/traduzione-e-legalizzazione-dei-documenti\/\">Apostille\u00a0<\/a>le fotocopie devono contenere, in ogni pagina, la dicitura \u201cc\u00f3pia extra\u00edda do Tribunal de Justi\u00e7a de &#8230;.\u201d o il timbro apposto dallo stesso Tribunale che attesti che sono copie autentiche) di cui dovranno essere presentate le parti principali, quali:<\/p>\n<ul style=\"text-align: justify;\">\n<li>Istanza dei richiedenti (Peti\u00e7\u00e3o Inicial)<\/li>\n<li>Svolgimento del Processo (Ata de Instru\u00e7\u00e3o e Julgamento)<\/li>\n<li>Sentenza (Senten\u00e7a)<\/li>\n<li>Passaggio in giudicato (generalmente si tratta di un timbro apposto nelle ultime pagine della sentenza).<\/li>\n<\/ul>\n<p style=\"text-align: justify;\">2. Certificato riassuntivo del processo &#8220;Objeto e P\u00e9&#8221;, con Apostille.<\/p>\n<p style=\"text-align: justify;\">3. La traduzione in lingua italiana della documentazione di cui al punto 1 e 2, a cura di un traduttore giurato, con Apostille.<\/p>\n<p style=\"text-align: justify;\">4.\u00a0<a href=\"https:\/\/consriodejaneiro.esteri.it\/wp-content\/uploads\/2024\/01\/stato_civile_dichiarazione_sostitutiva_di_certificazione_2019_con_informativa-RJ.docx\">Dichiarazione Sostitutiva dell&#8217;Atto di Notoriet\u00e0 sottoscritta dall\u2019interessato.<\/a><\/p>\n<p style=\"text-align: justify;\">N.B.: la variazione di nome\/cognome avvenuta in brasile per via amministrativa (direttamente nel &#8220;cart\u00f3rio&#8221;) non trova riscontro nell&#8217;ordinamento di stato civile italiano. In questo caso sar\u00e0 necess\u00e1rio richiedere tale variazione alla Prefettura (si prega seguire le istruzioni per CAMBIAMENTI DEL NOME O DEL COGNOME &#8211; AMMINISTRATIVO).<\/p>\n","protected":false},"excerpt":{"rendered":"1.a &#8211; CAMBIAMENTI DEL NOME O DEL COGNOME &#8211; AMMINISTRATIVO In base agli artt. 84 e seguenti del D.P.R. 396 del 3 novembre 2000, per modificare il proprio nome o cognome la persona interessata deve produrre una domanda scritta (istanza_cambio_nome-cognome-sesso_per_sentenza_) e consegnarla all&#8217;Ufficio di Stato Civile di questo Consolato per l&#8217;inoltro alla Prefettura del luogo [&hellip;]","protected":false},"author":6,"featured_media":0,"parent":171,"menu_order":0,"comment_status":"closed","ping_status":"closed","template":"","meta":{"footnotes":""},"class_list":["post-296","page","type-page","status-publish","hentry"],"_links":{"self":[{"href":"https:\/\/consriodejaneiro.esteri.it\/it\/wp-json\/wp\/v2\/pages\/296","targetHints":{"allow":["GET"]}}],"collection":[{"href":"https:\/\/consriodejaneiro.esteri.it\/it\/wp-json\/wp\/v2\/pages"}],"about":[{"href":"https:\/\/consriodejaneiro.esteri.it\/it\/wp-json\/wp\/v2\/types\/page"}],"author":[{"embeddable":true,"href":"https:\/\/consriodejaneiro.esteri.it\/it\/wp-json\/wp\/v2\/users\/6"}],"replies":[{"embeddable":true,"href":"https:\/\/consriodejaneiro.esteri.it\/it\/wp-json\/wp\/v2\/comments?post=296"}],"version-history":[{"count":6,"href":"https:\/\/consriodejaneiro.esteri.it\/it\/wp-json\/wp\/v2\/pages\/296\/revisions"}],"predecessor-version":[{"id":4292,"href":"https:\/\/consriodejaneiro.esteri.it\/it\/wp-json\/wp\/v2\/pages\/296\/revisions\/4292"}],"up":[{"embeddable":true,"href":"https:\/\/consriodejaneiro.esteri.it\/it\/wp-json\/wp\/v2\/pages\/171"}],"wp:attachment":[{"href":"https:\/\/consriodejaneiro.esteri.it\/it\/wp-json\/wp\/v2\/media?parent=296"}],"curies":[{"name":"wp","href":"https:\/\/api.w.org\/{rel}","templated":true}]}}