{"id":3073,"date":"2024-07-08T19:53:17","date_gmt":"2024-07-08T17:53:17","guid":{"rendered":"https:\/\/consriodejaneiro.esteri.it\/?page_id=3073"},"modified":"2025-07-01T19:40:08","modified_gmt":"2025-07-01T17:40:08","slug":"3073-2","status":"publish","type":"page","link":"https:\/\/consriodejaneiro.esteri.it\/it\/servizi-consolari-e-visti\/servizi-per-il-cittadino-italiano\/3073-2\/","title":{"rendered":"Carta d\u2019identit\u00e0 elettronica \u2013 CIE"},"content":{"rendered":"<p style=\"text-align: justify;\"><strong>REQUISITI per richiedere la carta d\u2019identit\u00e0 elettronica:<\/strong><\/p>\n<ol style=\"text-align: justify;\">\n<li>Il possesso della\u00a0<strong>cittadinanza italiana<\/strong>;<\/li>\n<li><strong>Iscrizione aggiornata\u00a0<\/strong><a href=\"https:\/\/consriodejaneiro.esteri.it\/it\/servizi-consolari-e-visti\/servizi-per-il-cittadino-italiano\/anagrafe-degli-italiani-residenti-allestero-aire\/\"><strong>all\u2019AIRE<\/strong>.<\/a> Chi non fosse registrato all\u2019AIRE prima di poter far domanda, dovr\u00e0 regolarizzare la propria iscrizione anagrafica tramite il\u00a0<a href=\"https:\/\/consriodejaneiro.esteri.it\/it\/servizi-consolari-e-visti\/servizi-per-il-cittadino-italiano\/anagrafe-degli-italiani-residenti-allestero-aire\/\">portale FAST-IT<\/a>\u00a0ed\u00a0<strong>attendere l\u2019avvenuta registrazione da parte del Comune<\/strong> italiano competente. Ai fini della registrazione nella banca dati A.I.R.E. \u00e8 indispensabile, per i cittadini italiani nati all\u2019estero, che l\u2019atto di nascita risulti gi\u00e0 trascritto nei registri di Stato Civile del Comune di riferimento;<\/li>\n<li><strong>Residenza nella circoscrizione consolare<\/strong>\u00a0del Consolato Generale d\u2019Italia a Rio de Janeiro \u00a0(<strong>Rio de Janeiro e Espirito Santo<\/strong>);<\/li>\n<li><a href=\"https:\/\/consriodejaneiro.esteri.it\/wp-content\/uploads\/2023\/05\/atto_di_assenso_-__minore.ok-2.docx\">Atto di assenso<\/a>\u00a0 di entrambi i genitori (qualora il richiedente la CIE fosse minorenne).<\/li>\n<\/ol>\n<p style=\"text-align: justify;\"><strong>MODALIT\u00c0 di richiesta della CIE:<\/strong><\/p>\n<p>La nuova Carta di identit\u00e0 elettronica si pu\u00f2 richiedere, previo appuntamento, tramite la piattaforma\u00a0<a href=\"https:\/\/prenotami.esteri.it\/\">PRENOT@M<\/a><u>I<\/u>. In una prima fase transitoria,\u00a0<strong>il numero di appuntamenti disponibili sar\u00e0 limitato<\/strong>. Sar\u00e0\u00a0<strong>possibile effettuare una richiesta fino ad una massimo di due persone dello stesso nucleo familiare <\/strong>(richiedente +coniuge o figlio minore), <strong>specificandolo nel campo note<\/strong> e allegando la relativa documentazione riferita a tutti gli interessati. Nel caso di richiesta per figli minorenni, che dovranno presentarsi personalmente al Consolato, anche entrambi i genitori dovranno essere presenti il giorno dell\u2019appuntamento.<\/p>\n<p>Nel caso di richiesta per figli minorenne, entrambe i genitori dovranno essere presenti il giorno dell\u2019appuntamento.<\/p>\n<p style=\"text-align: justify;\">Questo Consolato Generale potr\u00e0 sempre procedere ad annullare d\u2019ufficio l\u2019appuntamento in caso di documentazione di supporto assente o incompleta, informando l\u2019interessato sulle ragioni del rigetto.<\/p>\n<p style=\"text-align: justify;\"><strong>DOCUMENTI da presentare il giorno dell\u2019appuntamento:<\/strong><\/p>\n<ol style=\"text-align: justify;\">\n<li>Una fototessera standard ICAO (recente, frontale, a sfondo bianco, a colori e formato 35 x 45 mm);<\/li>\n<li>Carta d\u2019Identit\u00e0 italiana precedente o Passaporto italiano in corso di validit\u00e0. In mancanza di questi, un documento di riconoscimento brasiliano (Passaporto; RG con meno di 10 anni; CNH se emessa dopo il giugno 2022);<\/li>\n<li>Prova di residenza nella circoscrizione consolare sulla base dei documenti\u00a0<a href=\"https:\/\/consriodejaneiro.esteri.it\/it\/servizi-consolari-e-visti\/servizi-per-il-cittadino-italiano\/passaporti-e-carte-didentita\/documenti-necessari-per-la-richiesta-di-passaporto-cittadini-senza-figli-o-con-figli-maggiorenni\/\">indicati qui<\/a>;<\/li>\n<li><a href=\"https:\/\/consriodejaneiro.esteri.it\/wp-content\/uploads\/2023\/05\/atto_di_assenso_-__minore.ok-2.docx\">Atto di assenso<\/a>\u00a0sottoscritto da entrambi i genitori nel caso in cui il richiedente sia un minore di 18 anni;<\/li>\n<li>Carta di debito per il pagamento in reais. <a href=\"https:\/\/consriodejaneiro.esteri.it\/it\/servizi-consolari-e-visti\/servizi-per-il-cittadino-italiano\/altri-servizi\/tariffe-consolari\/\">Verifica qui il costo<\/a><\/li>\n<\/ol>\n<p style=\"text-align: justify;\"><strong>IMPORTANTE:<\/strong><\/p>\n<ul style=\"text-align: justify;\">\n<li>La presenza del\u00a0<strong>richiedente<\/strong>\u00a0allo sportello consolare \u00e8 obbligatoria (inclusa quella dei minori).<\/li>\n<li>La CIE\u00a0<strong>non\u00a0\u00e8 rilasciata il giorno dell\u2019appuntamento<\/strong>\u00a0ma verr\u00e0 successivamente inviata dall\u2019Italia via posta all\u2019indirizzo dichiarato dal richiedente. Sar\u00e0 possibile verificare il tracciamento della spedizione\u00a0<a href=\"https:\/\/www.poste.it\/cerca\/index.html\">sul sito di Poste italiane<\/a>, inserendo il numero di raccomandata fornito il giorno dell\u2019appuntamento nell\u2019apposita barra di ricerca.<\/li>\n<li>La validit\u00e0 del documento varia a seconda all\u2019et\u00e0 del titolare: 3 anni (per minori di 3 anni); 5 anni (per minori di et\u00e0 compresa tra i 3 e i 18 anni); 10 anni (per i maggiorenni);<\/li>\n<li>Le richiedenti coniugate dovranno inserire le generalit\u00e0 anagrafiche attribuite alla nascita e non quelle susseguenti al matrimonio;<\/li>\n<li>Sulla Carta d\u2019Identit\u00e0 Elettronica non \u00e8 indicato lo stato civile del titolare e NON pu\u00f2 essere indicato il nome del coniuge.<\/li>\n<\/ul>\n<p style=\"text-align: justify;\"><strong>Attivazione CIE<\/strong><\/p>\n<p style=\"text-align: justify;\">\u00c8 possibile attivare la CIE seguendo\u00a0<a href=\"https:\/\/www.cartaidentita.interno.gov.it\/attiva\/\">le istruzioni fornite dal Ministero dell\u2019Interno<\/a>.<\/p>\n<p style=\"text-align: justify;\"><strong>Recupero PUK<\/strong><\/p>\n<p style=\"text-align: justify;\">Per recuperare il PUK della propria CIE seguire le\u00a0<a href=\"https:\/\/www.cartaidentita.interno.gov.it\/info-utili\/recupero-puk\/\">istruzioni fornite dal Ministero dell\u2019Interno<\/a>.<\/p>\n<p style=\"text-align: justify;\">\u00a0Per maggiori informazioni scrivere a <a href=\"mailto:riodejaneiro.prenota@esteri.it\">riodejaneiro.prenota@esteri.it<\/a><\/p>\n<p>&nbsp;<\/p>\n<p>&nbsp;<\/p>\n","protected":false},"excerpt":{"rendered":"REQUISITI per richiedere la carta d\u2019identit\u00e0 elettronica: Il possesso della\u00a0cittadinanza italiana; Iscrizione aggiornata\u00a0all\u2019AIRE. Chi non fosse registrato all\u2019AIRE prima di poter far domanda, dovr\u00e0 regolarizzare la propria iscrizione anagrafica tramite il\u00a0portale FAST-IT\u00a0ed\u00a0attendere l\u2019avvenuta registrazione da parte del Comune italiano competente. Ai fini della registrazione nella banca dati A.I.R.E. \u00e8 indispensabile, per i cittadini italiani nati [&hellip;]","protected":false},"author":6,"featured_media":0,"parent":71,"menu_order":0,"comment_status":"closed","ping_status":"closed","template":"","meta":{"footnotes":""},"class_list":["post-3073","page","type-page","status-publish","hentry"],"_links":{"self":[{"href":"https:\/\/consriodejaneiro.esteri.it\/it\/wp-json\/wp\/v2\/pages\/3073","targetHints":{"allow":["GET"]}}],"collection":[{"href":"https:\/\/consriodejaneiro.esteri.it\/it\/wp-json\/wp\/v2\/pages"}],"about":[{"href":"https:\/\/consriodejaneiro.esteri.it\/it\/wp-json\/wp\/v2\/types\/page"}],"author":[{"embeddable":true,"href":"https:\/\/consriodejaneiro.esteri.it\/it\/wp-json\/wp\/v2\/users\/6"}],"replies":[{"embeddable":true,"href":"https:\/\/consriodejaneiro.esteri.it\/it\/wp-json\/wp\/v2\/comments?post=3073"}],"version-history":[{"count":6,"href":"https:\/\/consriodejaneiro.esteri.it\/it\/wp-json\/wp\/v2\/pages\/3073\/revisions"}],"predecessor-version":[{"id":5361,"href":"https:\/\/consriodejaneiro.esteri.it\/it\/wp-json\/wp\/v2\/pages\/3073\/revisions\/5361"}],"up":[{"embeddable":true,"href":"https:\/\/consriodejaneiro.esteri.it\/it\/wp-json\/wp\/v2\/pages\/71"}],"wp:attachment":[{"href":"https:\/\/consriodejaneiro.esteri.it\/it\/wp-json\/wp\/v2\/media?parent=3073"}],"curies":[{"name":"wp","href":"https:\/\/api.w.org\/{rel}","templated":true}]}}