{"id":315,"date":"2023-05-24T23:29:47","date_gmt":"2023-05-24T21:29:47","guid":{"rendered":"https:\/\/consolatorio.esteri.it\/?page_id=315"},"modified":"2025-11-03T17:46:51","modified_gmt":"2025-11-03T16:46:51","slug":"cittadinanza-italiana-per-discendenza-iure-sanguinis","status":"publish","type":"page","link":"https:\/\/consriodejaneiro.esteri.it\/it\/servizi-consolari-e-visti\/servizi-per-il-cittadino-straniero\/cittadinanza\/cittadinanza-italiana-per-discendenza-iure-sanguinis\/","title":{"rendered":"Cittadinanza"},"content":{"rendered":"<p><span style=\"color: #ff0000;\"><em>Per i richiedenti residenti nella Circoscrizione Consolare di competenza del Consolato Generale d&#8217;Italia a Rio de Janeiro\u00a0 (Rio de Janeiro e Espirito Santo).<\/em><\/span><\/p>\n<p><a href=\"https:\/\/www.gazzettaufficiale.it\/eli\/id\/2025\/05\/23\/25G00082\/SG\">La legge 23 maggio 2025, n.74<\/a> (in G.U. 23\/05\/2025, n.118) ha convertito con modificazioni il decreto-legge 28 marzo 2025, n. 36, recante disposizioni urgenti in materia di cittadinanza.<\/p>\n<p>La cittadinanza italiana si basa sul principio dello\u00a0<em>jus sanguinis<\/em>\u00a0(diritto di sangue) per il quale il figlio nato da padre italiano o da madre italiana \u00e8 cittadino. Il nuovo decreto, come convertito, non modifica questo principio fondamentale ma prevede importanti limitazioni alla trasmissione della cittadinanza da una generazione all\u2019altra, basandola sull\u2019effettivit\u00e0 del vincolo con l\u2019Italia e del possesso di un\u2019altra cittadinanza.<\/p>\n<p>_______________________________________________________________________________<\/p>\n<p>Clicca sulle varie sezioni per ulteriori approfondimenti:<\/p>\n<ul>\n<li><a href=\"https:\/\/consriodejaneiro.esteri.it\/it\/servizi-consolari-e-visti\/servizi-per-il-cittadino-straniero\/cittadinanza\/cittadinanza-italiana-per-discendenza-iure-sanguinis\/cittadinanza-per-i-maggiorenni-nati-allestero\/\">cittadinanza per i maggiorenni nati all\u2019estero<\/a><\/li>\n<li><a class=\"focus--mouse\" href=\"https:\/\/consriodejaneiro.esteri.it\/it\/servizi-consolari-e-visti\/servizi-per-il-cittadino-straniero\/cittadinanza\/reconhecimento-da-cidadania-italiana-juri-sanguinis\/\" data-focus-mouse=\"true\">riconoscimento della cittadinanza iure sanguinis \u2013 VECCHIA DISCIPLINA<\/a><\/li>\n<li><a href=\"https:\/\/consriodejaneiro.esteri.it\/it\/servizi-consolari-e-visti\/servizi-per-il-cittadino-straniero\/cittadinanza\/cittadinanza-italiana-per-discendenza-iure-sanguinis\/riacquisto-della-cittadinanza-a-favore-di-ex-cittadini\/\">riacquisto di cittadinanza<\/a><\/li>\n<li><a href=\"https:\/\/consriodejaneiro.esteri.it\/it\/servizi-consolari-e-visti\/servizi-per-il-cittadino-straniero\/cittadinanza\/cittadinanza-italiana-per-discendenza-iure-sanguinis\/nuovi-casi-di-acquisto-della-cittadinanza-allestero-figli-minorenni-di-cittadini-non-esclusivamente-italiani-che-non-trasmettono-automaticamente-la-cittadinanza-italiana\/\">nuovi casi di acquisto della cittadinanza all\u2019estero (figli minorenni di cittadini che non trasmettono automaticamente la cittadinanza italiana)<\/a><\/li>\n<li><a href=\"https:\/\/consriodejaneiro.esteri.it\/it\/servizi-consolari-e-visti\/servizi-per-il-cittadino-straniero\/cittadinanza\/riconoscimento-della-cittadinanza-italiana-per-matrimonio\/\">cittadinanza italiana per matrimonio o unione civile<\/a><\/li>\n<\/ul>\n<p><b><u>Altri approfondimenti:<\/u><\/b><\/p>\n<ul>\n<li>LEGGE N. 379\/2000<\/li>\n<\/ul>\n<ul>\n<li><a href=\"https:\/\/consriodejaneiro.esteri.it\/it\/servizi-consolari-e-visti\/servizi-per-il-cittadino-straniero\/cittadinanza\/cittadinanza-italiana-per-discendenza-iure-sanguinis\/certificato-di-non-rinuncia\/\">CERTIFICATO DI NON RINUNCIA<\/a><\/li>\n<\/ul>\n<p>&nbsp;<\/p>\n<p style=\"text-align: justify;\">Vi informiamo che questo Consolato Generale\u00a0<strong>NON RICONOSCE IN ALCUN MODO<\/strong>\u00a0agenzie di consulenza, \u201cdespachantes\u201d o intermediari di alcun tipo per le pratiche di cittadinanza italiana.<strong><br \/>\n<\/strong><strong>PRIMA DI INVIARE E-MAIL CON DOMANDE, SI PREGA DI LEGGERE ATTENTAMENTE LE ISTRUZIONI CONTENUTE IN QUESTO SITO.<br \/>\n<\/strong>Questo Consolato Generale dar\u00e0 priorit\u00e0 alle domande le cui risposte non siano gi\u00e0 state pubblicate sul sito.<\/p>\n<p>&nbsp;<\/p>\n","protected":false},"excerpt":{"rendered":"Per i richiedenti residenti nella Circoscrizione Consolare di competenza del Consolato Generale d&#8217;Italia a Rio de Janeiro\u00a0 (Rio de Janeiro e Espirito Santo). La legge 23 maggio 2025, n.74 (in G.U. 23\/05\/2025, n.118) ha convertito con modificazioni il decreto-legge 28 marzo 2025, n. 36, recante disposizioni urgenti in materia di cittadinanza. La cittadinanza italiana si [&hellip;]","protected":false},"author":6,"featured_media":0,"parent":182,"menu_order":0,"comment_status":"closed","ping_status":"closed","template":"","meta":{"footnotes":""},"class_list":["post-315","page","type-page","status-publish","hentry"],"_links":{"self":[{"href":"https:\/\/consriodejaneiro.esteri.it\/it\/wp-json\/wp\/v2\/pages\/315","targetHints":{"allow":["GET"]}}],"collection":[{"href":"https:\/\/consriodejaneiro.esteri.it\/it\/wp-json\/wp\/v2\/pages"}],"about":[{"href":"https:\/\/consriodejaneiro.esteri.it\/it\/wp-json\/wp\/v2\/types\/page"}],"author":[{"embeddable":true,"href":"https:\/\/consriodejaneiro.esteri.it\/it\/wp-json\/wp\/v2\/users\/6"}],"replies":[{"embeddable":true,"href":"https:\/\/consriodejaneiro.esteri.it\/it\/wp-json\/wp\/v2\/comments?post=315"}],"version-history":[{"count":7,"href":"https:\/\/consriodejaneiro.esteri.it\/it\/wp-json\/wp\/v2\/pages\/315\/revisions"}],"predecessor-version":[{"id":5971,"href":"https:\/\/consriodejaneiro.esteri.it\/it\/wp-json\/wp\/v2\/pages\/315\/revisions\/5971"}],"up":[{"embeddable":true,"href":"https:\/\/consriodejaneiro.esteri.it\/it\/wp-json\/wp\/v2\/pages\/182"}],"wp:attachment":[{"href":"https:\/\/consriodejaneiro.esteri.it\/it\/wp-json\/wp\/v2\/media?parent=315"}],"curies":[{"name":"wp","href":"https:\/\/api.w.org\/{rel}","templated":true}]}}