{"id":349,"date":"2023-05-24T23:56:15","date_gmt":"2023-05-24T21:56:15","guid":{"rendered":"https:\/\/consolatorio.esteri.it\/?page_id=349"},"modified":"2024-01-03T18:03:15","modified_gmt":"2024-01-03T17:03:15","slug":"morte","status":"publish","type":"page","link":"https:\/\/consriodejaneiro.esteri.it\/it\/servizi-consolari-e-visti\/servizi-per-il-cittadino-italiano\/stato-civile\/morte\/","title":{"rendered":"MORTE"},"content":{"rendered":"<p style=\"text-align: justify;\">La morte di un cittadino italiano (o del suo coniuge straniero) avvenuta all\u2019estero deve essere trascritta in Italia.<\/p>\n<p style=\"text-align: justify;\">I documenti necessari per registrare il decesso sono:<\/p>\n<ul style=\"text-align: justify;\">\n<li>\u201cSegunda via\u201d (estratto integrale &#8211; inteiro teor) dell&#8217;atto di morte, emesso dal competente Ufficio di Stato Civile (&#8220;Cart\u00f3rio&#8221;), originale e recente, con<a href=\"https:\/\/consriodejaneiro.esteri.it\/br\/servizi-consolari-e-visti\/servizi-per-il-cittadino-straniero\/traduzione-e-legalizzazione-dei-documenti\/\">\u00a0Apostille\u00a0<\/a>e traduzione giurata in italiano con\u00a0<a href=\"https:\/\/consriodejaneiro.esteri.it\/br\/servizi-consolari-e-visti\/servizi-per-il-cittadino-straniero\/traduzione-e-legalizzazione-dei-documenti\/\">Apostille;<\/a><\/li>\n<li>Fotocopia (semplice) della carta d&#8217;identit\u00e0 (o RNE) della persona deceduta.<\/li>\n<\/ul>\n<p style=\"text-align: justify;\"><strong>MORTE AVVENUTA IN ALTRO PAESE ESTERO<\/strong><\/p>\n<p style=\"text-align: justify;\">Qualora il cittadino italiano qui residente sia deceduto in altro paese estero, si deve provvedere innanzitutto alla legalizzazione del certificato di morte da parte delle competenti autorit\u00e0 sia locali sia della Rappresentanza Diplomatico Consolare Italiana competente nel Paese in cui \u00e8 stato emesso il certificato ed alla relativa traduzione, anch\u2019essa da convalidare dall\u2019autorit\u00e0 consolare italiana di cui sopra.<\/p>\n<p style=\"text-align: justify;\">Qualora il Paese dove \u00e8 avvenuto il decesso adotti l\u2019Apostille di Aia, le legalizzazioni consolari possono essere sostituite dall\u2019Apostille, apposta dalla competente Autorit\u00e0 locale.<\/p>\n<p style=\"text-align: justify;\">Qualora il Paese dove \u00e8 avvenuto il decesso adotti il formatto \u201cplurilingue\u201d previsto dalla Convenzione di Bruxelles, l\u2019atto cos\u00ec formato potr\u00e0 essere presentato in originale e non necessita n\u00e9 di apostille n\u00e9 di traduzione in italiano.<\/p>\n<p style=\"text-align: justify;\">Si consiglia comunque di consultare sempre il sito del Consolato italiano del Paese dove \u00e8 avvenuto il decesso.<\/p>\n<p style=\"text-align: justify;\">Non si accetta la trascrizione in Brasile dell\u2019atto di morte.<\/p>\n<p style=\"text-align: justify;\">I documenti devono essere sempre inviati accompagnati dalla Dichiarazione Sostitutiva di Certificazione per posta:<\/p>\n<p style=\"text-align: justify;\">Consolato Generale D\u2019Italia<\/p>\n<p style=\"text-align: justify;\">a\/c Setor de Registro Civil<br \/>\nAvenida Presidente Antonio Carlos 40, centro<br \/>\n20020-010 Rio De Janeiro (RJ)<\/p>\n","protected":false},"excerpt":{"rendered":"La morte di un cittadino italiano (o del suo coniuge straniero) avvenuta all\u2019estero deve essere trascritta in Italia. I documenti necessari per registrare il decesso sono: \u201cSegunda via\u201d (estratto integrale &#8211; inteiro teor) dell&#8217;atto di morte, emesso dal competente Ufficio di Stato Civile (&#8220;Cart\u00f3rio&#8221;), originale e recente, con\u00a0Apostille\u00a0e traduzione giurata in italiano con\u00a0Apostille; Fotocopia (semplice) [&hellip;]","protected":false},"author":6,"featured_media":0,"parent":171,"menu_order":0,"comment_status":"closed","ping_status":"closed","template":"","meta":{"footnotes":""},"class_list":["post-349","page","type-page","status-publish","hentry"],"_links":{"self":[{"href":"https:\/\/consriodejaneiro.esteri.it\/it\/wp-json\/wp\/v2\/pages\/349","targetHints":{"allow":["GET"]}}],"collection":[{"href":"https:\/\/consriodejaneiro.esteri.it\/it\/wp-json\/wp\/v2\/pages"}],"about":[{"href":"https:\/\/consriodejaneiro.esteri.it\/it\/wp-json\/wp\/v2\/types\/page"}],"author":[{"embeddable":true,"href":"https:\/\/consriodejaneiro.esteri.it\/it\/wp-json\/wp\/v2\/users\/6"}],"replies":[{"embeddable":true,"href":"https:\/\/consriodejaneiro.esteri.it\/it\/wp-json\/wp\/v2\/comments?post=349"}],"version-history":[{"count":2,"href":"https:\/\/consriodejaneiro.esteri.it\/it\/wp-json\/wp\/v2\/pages\/349\/revisions"}],"predecessor-version":[{"id":1347,"href":"https:\/\/consriodejaneiro.esteri.it\/it\/wp-json\/wp\/v2\/pages\/349\/revisions\/1347"}],"up":[{"embeddable":true,"href":"https:\/\/consriodejaneiro.esteri.it\/it\/wp-json\/wp\/v2\/pages\/171"}],"wp:attachment":[{"href":"https:\/\/consriodejaneiro.esteri.it\/it\/wp-json\/wp\/v2\/media?parent=349"}],"curies":[{"name":"wp","href":"https:\/\/api.w.org\/{rel}","templated":true}]}}