{"id":366,"date":"2023-05-25T14:41:28","date_gmt":"2023-05-25T12:41:28","guid":{"rendered":"https:\/\/consolatorio.esteri.it\/?page_id=366"},"modified":"2023-12-04T19:45:58","modified_gmt":"2023-12-04T18:45:58","slug":"prima-iscrizione-negli-schedari-consolari-di-questo-consolato-generale-in-rio-de-janerio","status":"publish","type":"page","link":"https:\/\/consriodejaneiro.esteri.it\/it\/servizi-consolari-e-visti\/servizi-per-il-cittadino-italiano\/anagrafe-degli-italiani-residenti-allestero-aire\/prima-iscrizione-negli-schedari-consolari-di-questo-consolato-generale-in-rio-de-janerio\/","title":{"rendered":"Prima iscrizione AIRE presso questo Consolato Generale in Rio de Janerio"},"content":{"rendered":"<article id=\"articolo_centro\" class=\"col-md-15 col-sm-15 padding_articolo item-page\" role=\"main\" aria-label=\"articolo\">Ogni cittadino italiano <strong>MAGGIORENNE<\/strong> (18 anni) dovr\u00e0 presentare la propria richiesta INDIVIDUALE d&#8217;iscrizione.<\/p>\n<p>In caso di <strong>CONIUGI ITALIANI<\/strong> <strong>CONVIVENTI<\/strong>, \u00e8 necessario inviare una sola domanda (a nome di uno dei due coniugi), firmata<u> obbligatoriamente da entrambi <\/u>e si dovr\u00e0 allegare la documentazione richiesta per entrambi.<\/p>\n<ul>\n<li><strong>NON<\/strong> inserire nella dichiarazione sostitutiva i <strong>figli<\/strong> <strong>MAGGIORENNI<\/strong> anche se ancora conviventi con i genitori. Questi dovranno procedere individualmente con analoga richiesta e documentazione.<\/li>\n<li>In caso di <strong>figli<\/strong> <strong>MINORENNI<\/strong>, \u00e8 necessario indicare negli appositi spazi il nome completo dei due genitori ed <u>\u00e8 imprescindibile la firma di entrambi<\/u> nella richiesta (Dichiarazione da compilare). In tal senso, sar\u00e0 necessario inviare anche il <u>documento di identit\u00e0 di entrambi i genitori<\/u>. <strong><a href=\"https:\/\/consriodejaneiro.esteri.it\/it\/servizi-consolari-e-visti\/servizi-per-il-cittadino-italiano\/anagrafe-degli-italiani-residenti-allestero-aire\/come-creare-un-account-sul-portale-fast-it\/istruzioni-per-corretto-inserimento-dati-fast-it\/\">Clicca qui<\/a> per visualizzare le ISTRUZIONI PER CORRETTO INSERIMENTO DEI DATI NEL FAST IT<\/strong><\/li>\n<\/ul>\n<p style=\"text-align: justify;\"><span style=\"text-decoration: underline;\"><strong>\u00a0Anche per chi arriva da altra circoscrizione estera e non ha mai avuto registro presso questo consolato.<\/strong><\/span><\/p>\n<p style=\"text-align: justify;\">Questa sezione ti riguarda se:<\/p>\n<ul style=\"text-align: justify;\">\n<li>Sei un italiano nato in Italia da genitore\/i italiano\/i ed \u00e8 la prima volta che ti stabilisci presso questa circoscrizione consolare;<\/li>\n<li>Hai ottenuto il riconoscimento della cittadinanza in Italia e torni a risiedere o ti stabilisci presso questa circoscrizione consolare;<\/li>\n<li>Hai ottenuto il riconoscimento della cittadinanza italiana presso un altro consolato italiano e torni a risiedere o ti stabilisci presso questa circoscrizione consolare.<\/li>\n<\/ul>\n<p><strong>DOCUMENTI DA ALLEGARE NEL PORTALE FAST IT<\/strong><\/p>\n<p>Caricare i documenti preferibilmente nel formato pdf. (dimensione massima <strong>1 MB<\/strong>).<\/p>\n<p><strong>ALLEGATO A:<\/strong><\/p>\n<p>Modulo &#8220;<strong>Dichiarazione Sostitutiva<\/strong>\u201d (formulario di iscrizione all&#8217;AIRE, da scaricare dalla pagina web) debitamente compilato e firmato (possibile omettere la firma solo nel caso in cui si sia effettuato il login al sistema con SPID o CIE.\u00a0 Non saranno accettate firme digitali brasiliane o altre non previste e\/o non riconosciute in Italia). ATTENZIONE: il modulo NON deve riportare accenti o \u2018cedilha\u2019.<\/p>\n<p><strong>ALLEGATO B:<\/strong><\/p>\n<p>Copia dei <strong>documenti d\u2019identit\u00e0<\/strong> italiani e\/o copia dei documenti brasiliani come passaporto, RG o CNH in corso di validit\u00e0 in cui risulti la firma attuale del richiedente. Non saranno accettati documenti rilasciati da Ordini Professionali Brasiliani (per ex. OAB\/CREA, etc.). In presenza di figli minori, allegare anche copia dei documenti d\u2019identit\u00e0 dell\u2019altro genitore.<\/p>\n<p><strong>ALLEGATO C:<\/strong><\/p>\n<p><strong>Prova di residenza<\/strong> recente (massimo tre mesi) a nome del richiedente, comprovante la residenza nella nostra circoscrizione consolare. Possono essere presentate: bolletta della fornitura di energia elettrica, acqua, gas, internet, tv a cavo, telefono fisso, IPTU, condominio, ultima Dichiarazione dei Redditi trasmessa alla Receita Federal, Dichiarazione del \u201cTribunal Eleitoral\u201d constante l\u2019indirizzo, ricevuta di pagamento delle tasse universitarie nella quale compaia l\u2019indirizzo dello studente, lettera di avviso del pagamento della pensione. Se non si \u00e8 in possesso di una prova di residenza intestata al richiedente\/coniuge, non sar\u00e0 possibile procedere all\u2019iscrizione AIRE (ai sensi del D.L. 223\/2012 la presentazione di tale prova \u00e8 obbligatoria).<\/p>\n<p><strong>ALLEGATO D:<\/strong><\/p>\n<p>Copia di tutti gli <strong>atti di trascrizione di Stato Civile<\/strong> (Estratto dell\u2019Atto di Nascita del richiedente ed eventualmente del\/i figlio\/i minore\/i, Estratto\/i dell\u2019Atto di Matrimonio, Certificato di Cittadinanza ed altri eventuali) emessi dal Comune di competenza. Tali documenti potranno essere richiesti al Comune o scaricati dal portale ANPR (se in possesso dello SPID). <a href=\"https:\/\/consriodejaneiro.esteri.it\/it\/servizi-consolari-e-visti\/servizi-per-il-cittadino-italiano\/anagrafe-degli-italiani-residenti-allestero-aire\/certificati-anagrafici-rilasciati-on-line-dai-comuni-italiani-2\/\"><strong>Clicca qui<\/strong> <\/a>-per informazioni sulla possibilit\u00e0 di rilascio telematico di tali atti. In assenza di copia degli atti, il richiedente dovr\u00e0 compilare, firmare e allegare anche il modulo di <strong><a href=\"https:\/\/consriodejaneiro.esteri.it\/wp-content\/uploads\/2023\/12\/autocertificazione_citt_e_trascrizioni.doc\">autocertificazione_citt_e_trascrizioni<\/a><\/strong><em>.<\/em><\/p>\n<p><strong>ALLEGATO E &#8211; SOLAMENTE PER CHI HA OTTENUTO IL RICONOSCIMENTO DELLA CITTADINANZA PER SENTENZA<\/strong><\/p>\n<p>Copia della <strong>Sentenza<\/strong> emessa dal Tribunale italiano, dove deve obbligatoriamente constare anche il <strong>passaggio in giudicato<\/strong>.<\/p>\n<\/article>\n","protected":false},"excerpt":{"rendered":"Ogni cittadino italiano MAGGIORENNE (18 anni) dovr\u00e0 presentare la propria richiesta INDIVIDUALE d&#8217;iscrizione. In caso di CONIUGI ITALIANI CONVIVENTI, \u00e8 necessario inviare una sola domanda (a nome di uno dei due coniugi), firmata obbligatoriamente da entrambi e si dovr\u00e0 allegare la documentazione richiesta per entrambi. NON inserire nella dichiarazione sostitutiva i figli MAGGIORENNI anche se [&hellip;]","protected":false},"author":6,"featured_media":0,"parent":173,"menu_order":2,"comment_status":"closed","ping_status":"closed","template":"","meta":{"footnotes":""},"class_list":["post-366","page","type-page","status-publish","hentry"],"_links":{"self":[{"href":"https:\/\/consriodejaneiro.esteri.it\/it\/wp-json\/wp\/v2\/pages\/366","targetHints":{"allow":["GET"]}}],"collection":[{"href":"https:\/\/consriodejaneiro.esteri.it\/it\/wp-json\/wp\/v2\/pages"}],"about":[{"href":"https:\/\/consriodejaneiro.esteri.it\/it\/wp-json\/wp\/v2\/types\/page"}],"author":[{"embeddable":true,"href":"https:\/\/consriodejaneiro.esteri.it\/it\/wp-json\/wp\/v2\/users\/6"}],"replies":[{"embeddable":true,"href":"https:\/\/consriodejaneiro.esteri.it\/it\/wp-json\/wp\/v2\/comments?post=366"}],"version-history":[{"count":6,"href":"https:\/\/consriodejaneiro.esteri.it\/it\/wp-json\/wp\/v2\/pages\/366\/revisions"}],"predecessor-version":[{"id":1922,"href":"https:\/\/consriodejaneiro.esteri.it\/it\/wp-json\/wp\/v2\/pages\/366\/revisions\/1922"}],"up":[{"embeddable":true,"href":"https:\/\/consriodejaneiro.esteri.it\/it\/wp-json\/wp\/v2\/pages\/173"}],"wp:attachment":[{"href":"https:\/\/consriodejaneiro.esteri.it\/it\/wp-json\/wp\/v2\/media?parent=366"}],"curies":[{"name":"wp","href":"https:\/\/api.w.org\/{rel}","templated":true}]}}