{"id":375,"date":"2023-05-25T14:45:07","date_gmt":"2023-05-25T12:45:07","guid":{"rendered":"https:\/\/consolatorio.esteri.it\/?page_id=375"},"modified":"2023-11-28T20:48:59","modified_gmt":"2023-11-28T19:48:59","slug":"associazione","status":"publish","type":"page","link":"https:\/\/consriodejaneiro.esteri.it\/it\/servizi-consolari-e-visti\/servizi-per-il-cittadino-italiano\/anagrafe-degli-italiani-residenti-allestero-aire\/associazione\/","title":{"rendered":"Associazione"},"content":{"rendered":"<p style=\"text-align: justify;\">Ogni cittadino italiano maggiorenne <strong>registrato<\/strong> presso questa sede, potr\u00e0 usare il Portale FAST IT per associare il proprio account alla banca dati di questo Consolato e quindi visualizzare la propria scheda anagrafica consolare. Tale procedura costituisce<u> lo strumento per verificare se il proprio registro consolare \u00e8 aggiornato.<\/u><\/p>\n<p style=\"text-align: justify;\">Per richiedere l\u2019ASSOCIAZIONE, una volta attivato il proprio account FAST IT (<a href=\"https:\/\/consriodejaneiro.esteri.it\/it\/servizi-consolari-e-visti\/servizi-per-il-cittadino-italiano\/anagrafe-degli-italiani-residenti-allestero-aire\/come-creare-un-account-sul-portale-fast-it\/\"><strong>Clicca qui<\/strong><\/a> per accedere alle istruzioni) ed eseguito il login, entrare nella sezione \u201cAnagrafe Consolare e AIRE\u201d, successivamente cliccare sulla sezione \u201c<strong><u>Visualizzare la propria scheda anagrafica<\/u>\u201d<\/strong> e seguire le istruzioni. Sar\u00e0 richiesto di allegare copia del proprio documento di identit\u00e0 in corso di validit\u00e0. Qualora l&#8217;interessato non abbia un documento di identit\u00e0 italiano sar\u00e0 possibile allegare il passaporto brasiliano valido, o la carta di identit\u00e0 brasiliana (con meno di 10 anni dal rilascio) o la CNH.<\/p>\n<p style=\"text-align: justify;\"><strong>NOTA BENE<\/strong>: la procedura di Associazione dev&#8217;essere validata da questo Consolato Generale.<\/p>\n<p style=\"text-align: justify;\"><strong>ATTENZIONE<\/strong>! <strong>\u00c9 INDISPENSABILE FARE LA REGISTRAZIONE AL FAST IT INSERERENDO I PROPRI DATI (NOME, COGNOME E DATA DI NASCITA) ESATTAMENTE COME SONO REGISTRATI NELL\u2019ANAGRAFE ITALIANA<\/strong> Si prega di verificare l\u2019esattezza dei dati personali presenti sulla ricevuta consegnata dal Consolato o dal Comune o su eventuale passaporto italiano.<\/p>\n","protected":false},"excerpt":{"rendered":"Ogni cittadino italiano maggiorenne registrato presso questa sede, potr\u00e0 usare il Portale FAST IT per associare il proprio account alla banca dati di questo Consolato e quindi visualizzare la propria scheda anagrafica consolare. Tale procedura costituisce lo strumento per verificare se il proprio registro consolare \u00e8 aggiornato. Per richiedere l\u2019ASSOCIAZIONE, una volta attivato il proprio [&hellip;]","protected":false},"author":6,"featured_media":0,"parent":173,"menu_order":4,"comment_status":"closed","ping_status":"closed","template":"","meta":{"footnotes":""},"class_list":["post-375","page","type-page","status-publish","hentry"],"_links":{"self":[{"href":"https:\/\/consriodejaneiro.esteri.it\/it\/wp-json\/wp\/v2\/pages\/375","targetHints":{"allow":["GET"]}}],"collection":[{"href":"https:\/\/consriodejaneiro.esteri.it\/it\/wp-json\/wp\/v2\/pages"}],"about":[{"href":"https:\/\/consriodejaneiro.esteri.it\/it\/wp-json\/wp\/v2\/types\/page"}],"author":[{"embeddable":true,"href":"https:\/\/consriodejaneiro.esteri.it\/it\/wp-json\/wp\/v2\/users\/6"}],"replies":[{"embeddable":true,"href":"https:\/\/consriodejaneiro.esteri.it\/it\/wp-json\/wp\/v2\/comments?post=375"}],"version-history":[{"count":2,"href":"https:\/\/consriodejaneiro.esteri.it\/it\/wp-json\/wp\/v2\/pages\/375\/revisions"}],"predecessor-version":[{"id":1815,"href":"https:\/\/consriodejaneiro.esteri.it\/it\/wp-json\/wp\/v2\/pages\/375\/revisions\/1815"}],"up":[{"embeddable":true,"href":"https:\/\/consriodejaneiro.esteri.it\/it\/wp-json\/wp\/v2\/pages\/173"}],"wp:attachment":[{"href":"https:\/\/consriodejaneiro.esteri.it\/it\/wp-json\/wp\/v2\/media?parent=375"}],"curies":[{"name":"wp","href":"https:\/\/api.w.org\/{rel}","templated":true}]}}