{"id":4400,"date":"2025-02-10T20:20:16","date_gmt":"2025-02-10T19:20:16","guid":{"rendered":"https:\/\/consriodejaneiro.esteri.it\/?page_id=4400"},"modified":"2025-02-10T20:20:52","modified_gmt":"2025-02-10T19:20:52","slug":"2-requisiti-per-la-richiesta-della-cittadinanza","status":"publish","type":"page","link":"https:\/\/consriodejaneiro.esteri.it\/it\/servizi-consolari-e-visti\/servizi-per-il-cittadino-straniero\/cittadinanza\/riconoscimento-della-cittadinanza-italiana-per-matrimonio\/cittadinanza-italiana-per-matrimonio-avvenuto-dopo-il-27-aprile-1983\/2-requisiti-per-la-richiesta-della-cittadinanza\/","title":{"rendered":"2.Requisiti per la richiesta della cittadinanza"},"content":{"rendered":"<ul>\n<li><u>Residenza<\/u> nella circoscrizione consolare:<\/li>\n<li>Il richiedente dovr\u00e0 indirizzare la domanda alla Rappresentanza diplomatico-consolare competente per la sua residenza, esclusivamente attraverso l\u2019apposito applicativo informatico (vedi oltre: Punto 4, Procedura, Fase 1 \u2013 Registrazione e inserimento istanza).<\/li>\n<li>Il coniuge\/parte dell\u2019unione civile di nazionalit\u00e0 italiana deve essere residente e regolarmente iscritto all\u2019Anagrafe degli Italiani residenti all\u2019estero (A.I.R.E.) della circoscrizione consolare di competenza e convivente allo stesso indirizzo del richiedente la cittadinanza. In caso contrario, dovr\u00e0 essere fornita da entrambi i coniugi documentazione comprovante la motivazione (es. lavoro, scolarit\u00e0 dei figli, cure mediche o altro), che determina o ha determinato la necessit\u00e0 del domicilio disgiunto.<\/li>\n<\/ul>\n<p>&nbsp;<\/p>\n<ul>\n<li><u>Termini di presentazione<\/u>:<\/li>\n<li>La domanda pu\u00f2 essere presentata tre anni dopo la celebrazione del matrimonio\/unione civile, se il coniuge \u00e8 cittadino italiano <em>iure sanguinis, <\/em>cio\u00e8 dalla nascita. Se il coniuge italiano ha acquisito la cittadinanza successivamente al matrimonio (ad es. per residenza in Italia), i tre anni decorrono dalla data della naturalizzazione del coniuge. I tre anni vengono ridotti a un anno e mezzo in presenza di figli nati o adottati dai coniugi.<\/li>\n<\/ul>\n<p>&nbsp;<\/p>\n<ul>\n<li><strong><u>Trascrizione e validit\u00e0 del matrimonio\/unione civile<\/u><\/strong>:<\/li>\n<li>Se avvenuto all&#8217;estero, deve essere stato precedentemente trascritto presso un Comune in Italia.<\/li>\n<li>Il vincolo di coniugio\/unione civile deve rimanere valido e stabile fino all\u2019adozione del provvedimento di concessione della cittadinanza. Al fine del conferimento della cittadinanza italiana, alla data di adozione del decreto non deve essere intervenuto lo scioglimento del matrimonio\/unione civile per separazione personale o divorzio. Invece, il decesso del coniuge dopo la presentazione della domanda di cittadinanza non comporta la decadenza dal beneficio.<\/li>\n<\/ul>\n<p>&nbsp;<\/p>\n<ul>\n<li><strong><u>Situazione penale:<\/u><\/strong><\/li>\n<li>Assenza di sentenze di condanna da parte delle Autorit\u00e0 giudiziarie italiane per reati per i quali sia prevista una pena superiore a tre anni di reclusione.<\/li>\n<li>Assenza di sentenze di condanna da parte delle Autorit\u00e0 giudiziarie straniere ad una pena superiore ad un anno per reati non politici.<\/li>\n<li>Assenza di condanne per delitti contro la personalit\u00e0 dello Stato e di motivi ostativi per la sicurezza della Repubblica.<\/li>\n<\/ul>\n<p>&nbsp;<\/p>\n<ul>\n<li><strong><u>Conoscenza della lingua italiana non inferiore a livello B1 del Quadro Comune Europeo di Riferimento (QCER)<\/u><\/strong><\/li>\n<\/ul>\n<p>&nbsp;<\/p>\n<ul>\n<li><strong><u>Pagamento delle tasse e percezioni indicate nelle sezioni Documenti e Costi<\/u><\/strong><\/li>\n<\/ul>\n<p>&nbsp;<\/p>\n","protected":false},"excerpt":{"rendered":"Residenza nella circoscrizione consolare: Il richiedente dovr\u00e0 indirizzare la domanda alla Rappresentanza diplomatico-consolare competente per la sua residenza, esclusivamente attraverso l\u2019apposito applicativo informatico (vedi oltre: Punto 4, Procedura, Fase 1 \u2013 Registrazione e inserimento istanza). Il coniuge\/parte dell\u2019unione civile di nazionalit\u00e0 italiana deve essere residente e regolarmente iscritto all\u2019Anagrafe degli Italiani residenti all\u2019estero (A.I.R.E.) della [&hellip;]","protected":false},"author":6,"featured_media":0,"parent":463,"menu_order":0,"comment_status":"closed","ping_status":"closed","template":"","meta":{"footnotes":""},"class_list":["post-4400","page","type-page","status-publish","hentry"],"_links":{"self":[{"href":"https:\/\/consriodejaneiro.esteri.it\/it\/wp-json\/wp\/v2\/pages\/4400","targetHints":{"allow":["GET"]}}],"collection":[{"href":"https:\/\/consriodejaneiro.esteri.it\/it\/wp-json\/wp\/v2\/pages"}],"about":[{"href":"https:\/\/consriodejaneiro.esteri.it\/it\/wp-json\/wp\/v2\/types\/page"}],"author":[{"embeddable":true,"href":"https:\/\/consriodejaneiro.esteri.it\/it\/wp-json\/wp\/v2\/users\/6"}],"replies":[{"embeddable":true,"href":"https:\/\/consriodejaneiro.esteri.it\/it\/wp-json\/wp\/v2\/comments?post=4400"}],"version-history":[{"count":1,"href":"https:\/\/consriodejaneiro.esteri.it\/it\/wp-json\/wp\/v2\/pages\/4400\/revisions"}],"predecessor-version":[{"id":4402,"href":"https:\/\/consriodejaneiro.esteri.it\/it\/wp-json\/wp\/v2\/pages\/4400\/revisions\/4402"}],"up":[{"embeddable":true,"href":"https:\/\/consriodejaneiro.esteri.it\/it\/wp-json\/wp\/v2\/pages\/463"}],"wp:attachment":[{"href":"https:\/\/consriodejaneiro.esteri.it\/it\/wp-json\/wp\/v2\/media?parent=4400"}],"curies":[{"name":"wp","href":"https:\/\/api.w.org\/{rel}","templated":true}]}}