{"id":4403,"date":"2025-02-10T20:21:49","date_gmt":"2025-02-10T19:21:49","guid":{"rendered":"https:\/\/consriodejaneiro.esteri.it\/?page_id=4403"},"modified":"2025-02-10T20:22:32","modified_gmt":"2025-02-10T19:22:32","slug":"3-documenti-necessari-per-la-richiesta-di-cittadinanza","status":"publish","type":"page","link":"https:\/\/consriodejaneiro.esteri.it\/it\/servizi-consolari-e-visti\/servizi-per-il-cittadino-straniero\/cittadinanza\/riconoscimento-della-cittadinanza-italiana-per-matrimonio\/cittadinanza-italiana-per-matrimonio-avvenuto-dopo-il-27-aprile-1983\/3-documenti-necessari-per-la-richiesta-di-cittadinanza\/","title":{"rendered":"3. Documenti necessari per la richiesta di cittadinanza"},"content":{"rendered":"<p>&nbsp;<\/p>\n<ul>\n<li>Estratto dell\u2019atto di nascita o equivalente, in originale, rilasciato possibilmente da non oltre sei mesi dal Paese in cui si \u00e8 nati, completo di tutte le generalit\u00e0 (incluse paternit\u00e0 e maternit\u00e0), debitamente legalizzato\/apostillato e tradotto in lingua italiana.<\/li>\n<\/ul>\n<p>&nbsp;<\/p>\n<p><strong>L\u2019atto deve contenere l\u2019annotazione della DATA e luogo di celebrazione del matrimonio e l\u2019osservazione sul cognome adottato a seguito del matrimonio, anche nel caso in cui il\u00a0cognome non sia cambiato. Non sar\u00e0 possibile accettare certificati privi della suddetta osservazione.<\/strong><\/p>\n<p><strong>La traduzione in italiano effettuata da un traduttore giurato, deve essere firmata completa di apostille.<\/strong><\/p>\n<p><strong>\u00a0<\/strong><\/p>\n<p><u>\u00a0<\/u><\/p>\n<ul>\n<li>Certificati Penali del Paese di origine, degli eventuali Paesi terzi di residenza (a partire dai 14 anni d\u2019et\u00e0) \u2013 tranne l\u2019Italia \u2013 e dei Paesi di cui si possiede la cittadinanza, in originale, rilasciati inderogabilmente da non oltre sei mesi prima della presentazione della domanda, debitamente legalizzati\/apostillati e tradotti in lingua italiana.<\/li>\n<\/ul>\n<p>Il richiedente \u00e8 esonerato dal presentare il certificato penale del Paese di origine solo se lo ha lasciato prima del compimento dei 14 anni e <u>non<\/u> ne ha conservato la cittadinanza.<\/p>\n<p><strong>Il Certificato Penale brasiliano dovr\u00e0 essere richiesto presso un Commissariato della Polizia Federale o tramite il sito\u00a0<\/strong><a href=\"http:\/\/www.dpf.gov.br\/\"><strong>www.dpf.gov.br<\/strong><\/a><strong>, il documento telematico dovr\u00e0 essere materializzato e Apostillato accompagnato dalla traduzione in italiano effettuata da un traduttore giurato, firmata dal traduttore, con apostille.<\/strong><\/p>\n<ul>\n<li>Ricevuta del versamento del contributo di 250\u20ac a favore del Ministero dell\u2019Interno, con le modalit\u00e0 indicate nella sezione \u201cCosti\u201d<\/li>\n<li>Documento di identit\u00e0: fotocopia del passaporto oppure della carta di identit\u00e0 estera in corso di validit\u00e0 (pagine con i dati personali, fotografia, date di rilascio e scadenza).<\/li>\n<li>Copia dell\u2019atto di matrimonio o estratto per riassunto del registro dei matrimoni, da richiedere al competente Comune italiano in cui l\u2019atto risulta trascritto, possibilmente rilasciato da non oltre sei mesi.<\/li>\n<\/ul>\n<p><u>NOTA BENE<\/u>: Qualora il richiedente sia un cittadino UE, potr\u00e0 avvalersi dell\u2019autocertificazione ai sensi del DPR 445\/2000.<\/p>\n<p>&nbsp;<\/p>\n<ul>\n<li><strong>Certificato di conoscenza della lingua italiana<\/strong> non inferiore al livello B1 del Quadro Comune Europeo di Riferimento (QCER). <u>Le certificazioni ammesse sono esclusivamente le seguenti<\/u>:<\/li>\n<li>PLIDA della Societ\u00e0 Dante Alighieri<\/li>\n<li>CertIt dell\u2019Universit\u00e0 Roma Tre<\/li>\n<li>CILS dell\u2019Universit\u00e0 per stranieri di Siena<\/li>\n<li>CELI dell\u2019Universit\u00e0 per stranieri di Perugia<\/li>\n<li>Co.L dell\u2019Universit\u00e0 per stranieri di Reggio Calabria<\/li>\n<\/ul>\n<p>&nbsp;<\/p>\n<p>Altre certificazioni provenienti dai suddetti Enti o da altre istituzioni non sono idonee e non potranno essere accettate.<\/p>\n<p>Non sono, invece, tenuti alla presentazione del titolo di conoscenza della lingua italiana:<\/p>\n<ul>\n<li>Gli stranieri (anche se residenti all\u2019estero) che abbiano sottoscritto l\u2019Accordo di integrazione di cui all\u2019art. 4 bis del D.Lgs. n. 286\/1998 Testo Unico Immigrazione.<\/li>\n<li>I titolari di permesso di soggiorno per soggiornanti di lungo periodo UE (o CE) di cui all\u2019articolo 9 del medesimo Testo Unico (anche se residenti all\u2019estero), solo se rilasciato dalle Autorit\u00e0 italiane. I permessi di soggiorno per motivi familiari o quelli emessi da altri Stati non sono idonei.<\/li>\n<li>Coloro che hanno conseguito un titolo di studio emesso da un istituto di istruzione pubblico o paritario riconosciuto dal Ministero dell\u2019Istruzione, dell\u2019Universit\u00e0 e della Ricerca e\/o dal Ministero degli Affari Esteri e della Cooperazione internazionale.<\/li>\n<\/ul>\n","protected":false},"excerpt":{"rendered":"&nbsp; Estratto dell\u2019atto di nascita o equivalente, in originale, rilasciato possibilmente da non oltre sei mesi dal Paese in cui si \u00e8 nati, completo di tutte le generalit\u00e0 (incluse paternit\u00e0 e maternit\u00e0), debitamente legalizzato\/apostillato e tradotto in lingua italiana. &nbsp; L\u2019atto deve contenere l\u2019annotazione della DATA e luogo di celebrazione del matrimonio e l\u2019osservazione sul [&hellip;]","protected":false},"author":6,"featured_media":0,"parent":463,"menu_order":0,"comment_status":"closed","ping_status":"closed","template":"","meta":{"footnotes":""},"class_list":["post-4403","page","type-page","status-publish","hentry"],"_links":{"self":[{"href":"https:\/\/consriodejaneiro.esteri.it\/it\/wp-json\/wp\/v2\/pages\/4403","targetHints":{"allow":["GET"]}}],"collection":[{"href":"https:\/\/consriodejaneiro.esteri.it\/it\/wp-json\/wp\/v2\/pages"}],"about":[{"href":"https:\/\/consriodejaneiro.esteri.it\/it\/wp-json\/wp\/v2\/types\/page"}],"author":[{"embeddable":true,"href":"https:\/\/consriodejaneiro.esteri.it\/it\/wp-json\/wp\/v2\/users\/6"}],"replies":[{"embeddable":true,"href":"https:\/\/consriodejaneiro.esteri.it\/it\/wp-json\/wp\/v2\/comments?post=4403"}],"version-history":[{"count":1,"href":"https:\/\/consriodejaneiro.esteri.it\/it\/wp-json\/wp\/v2\/pages\/4403\/revisions"}],"predecessor-version":[{"id":4405,"href":"https:\/\/consriodejaneiro.esteri.it\/it\/wp-json\/wp\/v2\/pages\/4403\/revisions\/4405"}],"up":[{"embeddable":true,"href":"https:\/\/consriodejaneiro.esteri.it\/it\/wp-json\/wp\/v2\/pages\/463"}],"wp:attachment":[{"href":"https:\/\/consriodejaneiro.esteri.it\/it\/wp-json\/wp\/v2\/media?parent=4403"}],"curies":[{"name":"wp","href":"https:\/\/api.w.org\/{rel}","templated":true}]}}