{"id":486,"date":"2023-07-14T17:28:00","date_gmt":"2023-07-14T15:28:00","guid":{"rendered":"https:\/\/consolatorio.esteri.it\/?page_id=486"},"modified":"2026-03-11T20:14:56","modified_gmt":"2026-03-11T19:14:56","slug":"spazio-per-eventi-terrazza-panoramica-della-casa-ditalia","status":"publish","type":"page","link":"https:\/\/consriodejaneiro.esteri.it\/it\/chi-siamo\/la-sede\/spazio-per-eventi-terrazza-panoramica-della-casa-ditalia\/","title":{"rendered":"Spazio per eventi: Terrazzo Panoramico della Casa d&#8217;Italia"},"content":{"rendered":"<p style=\"text-align: center;\"><a href=\"https:\/\/consriodejaneiro.esteri.it\/wp-content\/uploads\/2023\/07\/Dia-21-semana-gastronomica-23-1-Copia.jpg\"> \u00a0 \u00a0 \u00a0\u00a0<img loading=\"lazy\" decoding=\"async\" class=\"alignnone size-medium wp-image-3423 img-fluid\" src=\"https:\/\/consriodejaneiro.esteri.it\/wp-content\/uploads\/2024\/10\/WhatsApp-Image-2024-10-17-at-15.32.06-300x200.jpeg\" alt=\"\" width=\"300\" height=\"200\" srcset=\"https:\/\/consriodejaneiro.esteri.it\/wp-content\/uploads\/2024\/10\/WhatsApp-Image-2024-10-17-at-15.32.06-300x200.jpeg 300w, https:\/\/consriodejaneiro.esteri.it\/wp-content\/uploads\/2024\/10\/WhatsApp-Image-2024-10-17-at-15.32.06-1024x682.jpeg 1024w, https:\/\/consriodejaneiro.esteri.it\/wp-content\/uploads\/2024\/10\/WhatsApp-Image-2024-10-17-at-15.32.06-768x512.jpeg 768w, https:\/\/consriodejaneiro.esteri.it\/wp-content\/uploads\/2024\/10\/WhatsApp-Image-2024-10-17-at-15.32.06.jpeg 1600w\" sizes=\"auto, (max-width: 300px) 100vw, 300px\" \/> <img loading=\"lazy\" decoding=\"async\" class=\"alignnone size-medium wp-image-3425 img-fluid\" src=\"https:\/\/consriodejaneiro.esteri.it\/wp-content\/uploads\/2024\/10\/WhatsApp-Image-2024-10-17-at-15.32.05-3-300x200.jpeg\" alt=\"\" width=\"300\" height=\"200\" srcset=\"https:\/\/consriodejaneiro.esteri.it\/wp-content\/uploads\/2024\/10\/WhatsApp-Image-2024-10-17-at-15.32.05-3-300x200.jpeg 300w, https:\/\/consriodejaneiro.esteri.it\/wp-content\/uploads\/2024\/10\/WhatsApp-Image-2024-10-17-at-15.32.05-3-1024x682.jpeg 1024w, https:\/\/consriodejaneiro.esteri.it\/wp-content\/uploads\/2024\/10\/WhatsApp-Image-2024-10-17-at-15.32.05-3-768x512.jpeg 768w, https:\/\/consriodejaneiro.esteri.it\/wp-content\/uploads\/2024\/10\/WhatsApp-Image-2024-10-17-at-15.32.05-3.jpeg 1600w\" sizes=\"auto, (max-width: 300px) 100vw, 300px\" \/> \u00a0\u00a0<img loading=\"lazy\" decoding=\"async\" class=\"alignnone wp-image-508 img-fluid\" src=\"https:\/\/consriodejaneiro.esteri.it\/wp-content\/uploads\/2023\/07\/Dia-21-semana-gastronomica-23-1-Copia-300x200.jpg\" alt=\"\" width=\"312\" height=\"208\" srcset=\"https:\/\/consriodejaneiro.esteri.it\/wp-content\/uploads\/2023\/07\/Dia-21-semana-gastronomica-23-1-Copia-300x200.jpg 300w, https:\/\/consriodejaneiro.esteri.it\/wp-content\/uploads\/2023\/07\/Dia-21-semana-gastronomica-23-1-Copia-1024x682.jpg 1024w, https:\/\/consriodejaneiro.esteri.it\/wp-content\/uploads\/2023\/07\/Dia-21-semana-gastronomica-23-1-Copia-768x512.jpg 768w, https:\/\/consriodejaneiro.esteri.it\/wp-content\/uploads\/2023\/07\/Dia-21-semana-gastronomica-23-1-Copia.jpg 1094w\" sizes=\"auto, (max-width: 312px) 100vw, 312px\" \/> \u00a0\u00a0 \u00a0 \u00a0 \u00a0 \u00a0 <\/a><a href=\"https:\/\/consriodejaneiro.esteri.it\/wp-content\/uploads\/2023\/07\/Dia-21-semana-gastronomica-14-Copia.jpg\"><img loading=\"lazy\" decoding=\"async\" class=\"alignnone wp-image-503 img-fluid\" src=\"https:\/\/consriodejaneiro.esteri.it\/wp-content\/uploads\/2023\/07\/Dia-21-semana-gastronomica-14-Copia-300x200.jpg\" alt=\"\" width=\"309\" height=\"206\" srcset=\"https:\/\/consriodejaneiro.esteri.it\/wp-content\/uploads\/2023\/07\/Dia-21-semana-gastronomica-14-Copia-300x200.jpg 300w, https:\/\/consriodejaneiro.esteri.it\/wp-content\/uploads\/2023\/07\/Dia-21-semana-gastronomica-14-Copia-1024x682.jpg 1024w, https:\/\/consriodejaneiro.esteri.it\/wp-content\/uploads\/2023\/07\/Dia-21-semana-gastronomica-14-Copia-768x512.jpg 768w, https:\/\/consriodejaneiro.esteri.it\/wp-content\/uploads\/2023\/07\/Dia-21-semana-gastronomica-14-Copia.jpg 1094w\" sizes=\"auto, (max-width: 309px) 100vw, 309px\" \/><\/a><\/p>\n<p style=\"text-align: justify;\">Situato al 9\u00ba piano dell\u2019Edificio demaniale <strong>Casa d\u2019Italia<\/strong>, il terrazzo abbraccia la citt\u00e0 di <strong>Rio de Janeiro<\/strong>.<\/p>\n<p style=\"text-align: justify;\">Offre infatti una vista panoramica e suggestiva sui due monumenti iconici della citt\u00e0: Il <strong>Pan di Zucchero<\/strong> e il<strong> Cristo Redentore<\/strong>.<\/p>\n<p style=\"text-align: justify;\">Il terrazzo \u00e8 la location perfetta per eventi corporativi, conferenze, sfilate e shooting fotografici.<\/p>\n<p style=\"text-align: justify;\">Caratterizzato da spazi ampi e confortevoli, dona ad ogni evento uno sfondo mozzafiato e un\u2019atmosfera ricca di classe e fascino.<\/p>\n<p>ATTUALMENTE IN FASE DI RISTRUTTURAZIONE, RIAPRIR\u00c1 RINNOVATO A <strong>MAGGIO 2026<\/strong>.<\/p>\n<p style=\"text-align: justify;\"><strong><span style=\"text-decoration: underline;\">DOVE: <\/span><\/strong>entrata secondaria della Casa d&#8217;Italia &#8211; Pra\u00e7a Virgilio de Melo Franco 40.<\/p>\n<p><strong><span style=\"text-decoration: underline;\">ACCESSIBILIT\u00c1 <\/span><\/strong>ascensore fino al 9\u00ba piano<\/p>\n<p><span style=\"text-decoration: underline;\"><strong>DIMENSIONI E CAPIENZE <\/strong><\/span>superficie: 500 m\u00b2\u00a0 \u00a0c<span class=\"MuiBox-root jss14\">apienza: 150 persone\u00a0\u00a0<\/span><\/p>\n<p><span style=\"text-decoration: underline;\"><strong>CARATTERISTICHE TECNICHE <\/strong><\/span><\/p>\n<p><strong>Connettivit\u00e0:\u00a0 <\/strong>Wi-Fi TIM BRASIL Fibra ottica fino a 1 Gbps,<\/p>\n<p><strong>Energia:<\/strong> pannelli solari ENEL X per un consumo sostenibile<\/p>\n<p><strong>VISITA VIRTUALMENTE IL TERRAZZO:<\/strong> <a href=\"https:\/\/www.fotografia360graus.com\/terraco\/index.htm\">clicca qui<\/a><\/p>\n<p><a href=\"https:\/\/consriodejaneiro.esteri.it\/wp-content\/uploads\/2026\/03\/Tariffario-TERRAZZO-2026-IT.pdf\">TARIFFARIO TERRAZZO 2026 <\/a><\/p>\n<p><a href=\"https:\/\/consriodejaneiro.esteri.it\/wp-content\/uploads\/2024\/10\/INVENTARIO-MOBILI-TERRAZZO-2023-6.pdf\">MOBILI<\/a><\/p>\n<p><a href=\"https:\/\/consriodejaneiro.esteri.it\/wp-content\/uploads\/2024\/07\/Planta-9-andar.pdf\">PIANTA 9\u00ba PIANO<\/a><\/p>\n<p><a href=\"https:\/\/consriodejaneiro.esteri.it\/wp-content\/uploads\/2023\/08\/anexo_2_formulrio_de_dados_e_condies__pessoa_jurdica.docx\">Formulario richiesta affitto spazi &#8211; persona fisica<\/a><\/p>\n<p><a href=\"https:\/\/consriodejaneiro.esteri.it\/wp-content\/uploads\/2023\/08\/anexo_2_formulrio_de_dados_e_condies__pessoa_jurdica.docx\">Formulario richiesta affitto spazi &#8211; persona giuridica\u00a0<\/a><\/p>\n<p>E-mail: <a href=\"mailto:riodejaneiro.eventi@esteri.it\">riodejaneiro.eventi@esteri.it\u00a0<\/a><\/p>\n<p>&nbsp;<\/p>\n","protected":false},"excerpt":{"rendered":"\u00a0 \u00a0 \u00a0\u00a0 \u00a0\u00a0 \u00a0\u00a0 \u00a0 \u00a0 \u00a0 \u00a0 Situato al 9\u00ba piano dell\u2019Edificio demaniale Casa d\u2019Italia, il terrazzo abbraccia la citt\u00e0 di Rio de Janeiro. Offre infatti una vista panoramica e suggestiva sui due monumenti iconici della citt\u00e0: Il Pan di Zucchero e il Cristo Redentore. Il terrazzo \u00e8 la location perfetta per eventi [&hellip;]","protected":false},"author":6,"featured_media":0,"parent":62,"menu_order":0,"comment_status":"closed","ping_status":"closed","template":"","meta":{"footnotes":""},"class_list":["post-486","page","type-page","status-publish","hentry"],"_links":{"self":[{"href":"https:\/\/consriodejaneiro.esteri.it\/it\/wp-json\/wp\/v2\/pages\/486","targetHints":{"allow":["GET"]}}],"collection":[{"href":"https:\/\/consriodejaneiro.esteri.it\/it\/wp-json\/wp\/v2\/pages"}],"about":[{"href":"https:\/\/consriodejaneiro.esteri.it\/it\/wp-json\/wp\/v2\/types\/page"}],"author":[{"embeddable":true,"href":"https:\/\/consriodejaneiro.esteri.it\/it\/wp-json\/wp\/v2\/users\/6"}],"replies":[{"embeddable":true,"href":"https:\/\/consriodejaneiro.esteri.it\/it\/wp-json\/wp\/v2\/comments?post=486"}],"version-history":[{"count":8,"href":"https:\/\/consriodejaneiro.esteri.it\/it\/wp-json\/wp\/v2\/pages\/486\/revisions"}],"predecessor-version":[{"id":6649,"href":"https:\/\/consriodejaneiro.esteri.it\/it\/wp-json\/wp\/v2\/pages\/486\/revisions\/6649"}],"up":[{"embeddable":true,"href":"https:\/\/consriodejaneiro.esteri.it\/it\/wp-json\/wp\/v2\/pages\/62"}],"wp:attachment":[{"href":"https:\/\/consriodejaneiro.esteri.it\/it\/wp-json\/wp\/v2\/media?parent=486"}],"curies":[{"name":"wp","href":"https:\/\/api.w.org\/{rel}","templated":true}]}}