{"id":5105,"date":"2025-06-18T19:44:34","date_gmt":"2025-06-18T17:44:34","guid":{"rendered":"https:\/\/consriodejaneiro.esteri.it\/?page_id=5105"},"modified":"2025-06-30T20:24:48","modified_gmt":"2025-06-30T18:24:48","slug":"riacquisto-della-cittadinanza-a-favore-di-ex-cittadini","status":"publish","type":"page","link":"https:\/\/consriodejaneiro.esteri.it\/it\/servizi-consolari-e-visti\/servizi-per-il-cittadino-straniero\/cittadinanza\/cittadinanza-italiana-per-discendenza-iure-sanguinis\/riacquisto-della-cittadinanza-a-favore-di-ex-cittadini\/","title":{"rendered":"Riacquisto della cittadinanza"},"content":{"rendered":"<p style=\"margin-top: 0cm; background: white; text-align: justify;\"><span lang=\"IT\" style=\"font-size: 13.5pt; font-family: 'Titillium Web'; color: #1a1a1a;\">La legge n. 74 del 23 maggio 2025 ha riaperto i termini per il riacquisto della cittadinanza a favore di ex cittadini\u00a0<strong><span style=\"font-family: 'Titillium Web';\">nati in Italia\u00a0o che sono stati\u00a0residenti in Italia\u00a0per almeno due anni continuativi e che abbiano perso la cittadinanza non oltre il 15 agosto 1992\u00a0<\/span><\/strong>in applicazione dell\u2019articolo 8, n. 1 e n. 2, o dell\u2019articolo 12 della legge n. 555 del 1912 (naturalizzazione in Paese straniero, rinuncia alla cittadinanza a seguito di involontario acquisto di cittadinanza straniera, figli minori conviventi di genitore che ha perso la cittadinanza). La possibilit\u00e0 di riacquisto\u00a0<strong><span style=\"font-family: 'Titillium Web';\">non si applica a coloro che hanno rinunciato alla cittadinanza italiana\u00a0<\/span><\/strong>(o che l\u2019hanno persa per altro motivo)\u00a0<strong><span style=\"font-family: 'Titillium Web';\">a partire dal 16 agosto 1992<\/span><\/strong>.<\/span><\/p>\n<p style=\"text-align: justify;\"><span style=\"text-decoration: underline;\">L\u2019interessato al riacquisto deve presentare:<\/span><\/p>\n<ol style=\"text-align: justify;\">\n<li>Valido documento di identit\u00e0 emesso dall\u2019Autorit\u00e0 del Paese di attuale cittadinanza;<\/li>\n<li>Certificato di nascita: se nato all\u2019estero, dovr\u00e0 essere presentato nelle forme previste per la trascrizione in Italia, legalizzato e tradotto;<\/li>\n<li>Per i nati all\u2019estero, certificato storico di residenza rilasciato dal Comune italiano competente;<\/li>\n<li>Certificato storico di cittadinanza;<\/li>\n<li>Documentazione che dimostri la causa e la data della perdita della cittadinanza (si dovr\u00e0 dimostrare l\u2019acquisto della cittadinanza straniera e, nei casi previsti, la rinuncia a quella italiana: <strong>certificato di naturalizzazione<\/strong> oppure, se previsto dalla prassi locale, certificato di nascita corredato della certificazione di cittadinanza e del titolo al quale essa \u00e8 acquisita; la documentazione emessa da Autorit\u00e0 straniere dovr\u00e0 essere opportunamente legalizzata e tradotta).<\/li>\n<\/ol>\n<p style=\"text-align: justify;\">Per le dichiarazioni di riacquisto della cittadinanza italiana \u00e8 richiesto un contributo di <strong>\u20ac250,<\/strong> versato presso l\u2019Ufficio consolare.<\/p>\n<p style=\"text-align: justify;\">La dichiarazione deve essere resa dall\u2019interessato <u>personalmente<\/u>.<\/p>\n<p style=\"text-align: justify;\">In base all\u2019articolo 15 della legge n. 91\/1992, l\u2019interessato non riacquista la cittadinanza dal giorno della nascita, ma dal giorno successivo in cui si rende la dichiarazione.<\/p>\n<p>Nelle prossime settimane verr\u00e0 aperto un apposito servizio sul <a href=\"https:\/\/prenotami.esteri.it\/\">portale Prenot@mi<\/a> per la prenotazione di appuntamenti per gli interessati in possesso dei requisiti prescritti dalla nuova normativa, in maniera da soddisfare TUTTI gli aventi diritto entro i termini stabiliti da legge.<\/p>\n","protected":false},"excerpt":{"rendered":"La legge n. 74 del 23 maggio 2025 ha riaperto i termini per il riacquisto della cittadinanza a favore di ex cittadini\u00a0nati in Italia\u00a0o che sono stati\u00a0residenti in Italia\u00a0per almeno due anni continuativi e che abbiano perso la cittadinanza non oltre il 15 agosto 1992\u00a0in applicazione dell\u2019articolo 8, n. 1 e n. 2, o dell\u2019articolo [&hellip;]","protected":false},"author":6,"featured_media":0,"parent":315,"menu_order":0,"comment_status":"closed","ping_status":"closed","template":"","meta":{"footnotes":""},"class_list":["post-5105","page","type-page","status-publish","hentry"],"_links":{"self":[{"href":"https:\/\/consriodejaneiro.esteri.it\/it\/wp-json\/wp\/v2\/pages\/5105","targetHints":{"allow":["GET"]}}],"collection":[{"href":"https:\/\/consriodejaneiro.esteri.it\/it\/wp-json\/wp\/v2\/pages"}],"about":[{"href":"https:\/\/consriodejaneiro.esteri.it\/it\/wp-json\/wp\/v2\/types\/page"}],"author":[{"embeddable":true,"href":"https:\/\/consriodejaneiro.esteri.it\/it\/wp-json\/wp\/v2\/users\/6"}],"replies":[{"embeddable":true,"href":"https:\/\/consriodejaneiro.esteri.it\/it\/wp-json\/wp\/v2\/comments?post=5105"}],"version-history":[{"count":3,"href":"https:\/\/consriodejaneiro.esteri.it\/it\/wp-json\/wp\/v2\/pages\/5105\/revisions"}],"predecessor-version":[{"id":5306,"href":"https:\/\/consriodejaneiro.esteri.it\/it\/wp-json\/wp\/v2\/pages\/5105\/revisions\/5306"}],"up":[{"embeddable":true,"href":"https:\/\/consriodejaneiro.esteri.it\/it\/wp-json\/wp\/v2\/pages\/315"}],"wp:attachment":[{"href":"https:\/\/consriodejaneiro.esteri.it\/it\/wp-json\/wp\/v2\/media?parent=5105"}],"curies":[{"name":"wp","href":"https:\/\/api.w.org\/{rel}","templated":true}]}}