{"id":6055,"date":"2025-11-06T16:00:14","date_gmt":"2025-11-06T15:00:14","guid":{"rendered":"https:\/\/consriodejaneiro.esteri.it\/?page_id=6055"},"modified":"2025-12-23T18:47:36","modified_gmt":"2025-12-23T17:47:36","slug":"bandi-di-gara-2025","status":"publish","type":"page","link":"https:\/\/consriodejaneiro.esteri.it\/it\/amministrazione-trasparente\/bandi-di-gara-e-contratti\/bandi-di-gara-2025\/","title":{"rendered":"Bandi di gara 2025"},"content":{"rendered":"<p><strong>EDITAL 1\/2025 &#8211; <\/strong><strong>CIG B8ED37502F <a href=\"https:\/\/consriodejaneiro.esteri.it\/wp-content\/uploads\/2025\/11\/20251105151834571.pdf\">clique aqui<\/a><\/strong><\/p>\n<p style=\"text-align: justify;\">Edital para procedimento aberto destinado \u00e0 sele\u00e7\u00e3o \u00a0de uma \u00fanica pessoa jur\u00eddica para o fornecimento de m\u00e3o de obra qualificada para servi\u00e7os continuados de Digitaliza\u00e7\u00e3o e Gest\u00e3o do arquivo de documentos deste consulado, na modalidade de Acordo-quadro \u00a0de acordo com o art. 59 do Decreto Legislativo 31 de mar\u00e7o de 2023, n. 36 (C\u00f3digo italiano dos Contratos P\u00fablicos).<\/p>\n<p><strong>Documenta\u00e7\u00e3o anexa:<\/strong><\/p>\n<p><a href=\"https:\/\/consriodejaneiro.esteri.it\/wp-content\/uploads\/2025\/11\/Anexo-1-Minuta-de-contrato-do-Acordo-quadro.docx\">Anexo 1 \u2013 Minuta de contrato do Acordo-Quadro<\/a><\/p>\n<p><a href=\"https:\/\/consriodejaneiro.esteri.it\/wp-content\/uploads\/2025\/11\/Anexo-2-Edital-1-2025_DIGITALIZACAO-final.docx\">Anexo 2 \u2013 Cap\u00edtulo Especial Descritivo (Especifica\u00e7\u00f5es t\u00e9cnicas, quantitativos e custos referenciais)<\/a><\/p>\n<p><a href=\"https:\/\/consriodejaneiro.esteri.it\/wp-content\/uploads\/2025\/11\/Anexo-3-Edital-1-2025-DUR.docx\">Anexo 3 \u2013 Documento \u00danico de Requisitos (DUR)<\/a><\/p>\n<p><a href=\"https:\/\/consriodejaneiro.esteri.it\/wp-content\/uploads\/2025\/11\/Anexo-4-Informativo-de-tratamento-de-dados.docx\">Anexo 4 \u2013 Informativo de Tratamento de Dados Pessoais (LGPD\/GDPR)<\/a><\/p>\n<p><a href=\"https:\/\/consriodejaneiro.esteri.it\/wp-content\/uploads\/2025\/11\/Anexo-5-Edital-1-2025_DIGITALIZACAO.docx\">Anexo 5 \u2013 Declara\u00e7\u00e3o de Capacidade T\u00e9cnica<\/a><\/p>\n<p><a href=\"https:\/\/consriodejaneiro.esteri.it\/wp-content\/uploads\/2025\/11\/Anexo-6-Edital-1-2025-Errata.docx\">Anexo 6 \u2013 Declara\u00e7\u00e3o de Contratos Vigentes<\/a><\/p>\n<p><strong><a href=\"https:\/\/consriodejaneiro.esteri.it\/wp-content\/uploads\/2025\/11\/EDITAL-1-2025-arquivo-digital-ERRATA-MODIFICACAO-DOS-REQUISITOS.docx\">EDITAL 1-2025 &#8211; arquivo digital &#8211; RETIFICA\u00c7\u00c3O &#8211; MODIFICA\u00c7\u00c3O DOS REQUISITOS<\/a><\/strong><\/p>\n<p><a href=\"https:\/\/consriodejaneiro.esteri.it\/wp-content\/uploads\/2025\/11\/chiarimenti-tecnici-.png\">Esclarecimentos t\u00e9cnicos em resposta \u00e0s solicita\u00e7\u00f5es recebidas<\/a><\/p>\n<p><a href=\"file:\/\/\/C:\/Users\/barbara.materi\/AppData\/Local\/Microsoft\/Windows\/INetCache\/Content.Outlook\/N2JEK6LR\/Ata%20resultado%2023%2012%202025_Firmato%20(002).pdf\">Resultados &#8211; Ata<\/a><\/p>\n<p><a href=\"file:\/\/\/C:\/Users\/barbara.materi\/AppData\/Local\/Microsoft\/Windows\/INetCache\/Content.Outlook\/N2JEK6LR\/GRADE%20AVALIA%C3%87%C3%82O_Firmato%20(002).pdf\">Resultados &#8211; Grade de avalia\u00e7\u00e3o<\/a><\/p>\n","protected":false},"excerpt":{"rendered":"EDITAL 1\/2025 &#8211; CIG B8ED37502F clique aqui Edital para procedimento aberto destinado \u00e0 sele\u00e7\u00e3o \u00a0de uma \u00fanica pessoa jur\u00eddica para o fornecimento de m\u00e3o de obra qualificada para servi\u00e7os continuados de Digitaliza\u00e7\u00e3o e Gest\u00e3o do arquivo de documentos deste consulado, na modalidade de Acordo-quadro \u00a0de acordo com o art. 59 do Decreto Legislativo 31 de [&hellip;]","protected":false},"author":6,"featured_media":0,"parent":582,"menu_order":0,"comment_status":"closed","ping_status":"closed","template":"","meta":{"footnotes":""},"class_list":["post-6055","page","type-page","status-publish","hentry"],"_links":{"self":[{"href":"https:\/\/consriodejaneiro.esteri.it\/it\/wp-json\/wp\/v2\/pages\/6055","targetHints":{"allow":["GET"]}}],"collection":[{"href":"https:\/\/consriodejaneiro.esteri.it\/it\/wp-json\/wp\/v2\/pages"}],"about":[{"href":"https:\/\/consriodejaneiro.esteri.it\/it\/wp-json\/wp\/v2\/types\/page"}],"author":[{"embeddable":true,"href":"https:\/\/consriodejaneiro.esteri.it\/it\/wp-json\/wp\/v2\/users\/6"}],"replies":[{"embeddable":true,"href":"https:\/\/consriodejaneiro.esteri.it\/it\/wp-json\/wp\/v2\/comments?post=6055"}],"version-history":[{"count":6,"href":"https:\/\/consriodejaneiro.esteri.it\/it\/wp-json\/wp\/v2\/pages\/6055\/revisions"}],"predecessor-version":[{"id":6321,"href":"https:\/\/consriodejaneiro.esteri.it\/it\/wp-json\/wp\/v2\/pages\/6055\/revisions\/6321"}],"up":[{"embeddable":true,"href":"https:\/\/consriodejaneiro.esteri.it\/it\/wp-json\/wp\/v2\/pages\/582"}],"wp:attachment":[{"href":"https:\/\/consriodejaneiro.esteri.it\/it\/wp-json\/wp\/v2\/media?parent=6055"}],"curies":[{"name":"wp","href":"https:\/\/api.w.org\/{rel}","templated":true}]}}