{"id":61,"date":"2022-12-02T16:33:27","date_gmt":"2022-12-02T15:33:27","guid":{"rendered":"https:\/\/consolatorio.esteri.it\/?page_id=61"},"modified":"2023-09-21T21:15:21","modified_gmt":"2023-09-21T19:15:21","slug":"il-console-generale","status":"publish","type":"page","link":"https:\/\/consriodejaneiro.esteri.it\/it\/chi-siamo\/il-console-generale\/","title":{"rendered":"Il Console Generale"},"content":{"rendered":"<p><img decoding=\"async\" class=\"alignnone size-medium wp-image-73 img-fluid\" src=\"https:\/\/consolatorio.esteri.it\/wp-content\/uploads\/2022\/12\/iacchini_massimiliano_foto_ufficiale_sito_consolato.jpg\" alt=\"Console Iacchini Massimiliano foto ufficiale sito consolato\" width=\"500\" srcset=\"https:\/\/consriodejaneiro.esteri.it\/wp-content\/uploads\/2022\/12\/iacchini_massimiliano_foto_ufficiale_sito_consolato.jpg 500w, https:\/\/consriodejaneiro.esteri.it\/wp-content\/uploads\/2022\/12\/iacchini_massimiliano_foto_ufficiale_sito_consolato-300x230.jpg 300w\" sizes=\"(max-width: 500px) 100vw, 500px\" \/><\/p>\n<p style=\"text-align: justify;\"><strong>Massimiliano Iacchini<\/strong><\/p>\n<p style=\"text-align: justify;\">\n<p style=\"text-align: justify;\"><em>Curriculum Vitae<\/em><\/p>\n<p style=\"text-align: justify;\">\u00c8 nato a Fano (Pesaro-Urbino) il 22 gennaio 1973. Ha frequentato il Liceo Linguistico a Fano, ed ha conseguito la laurea in Scienze Politiche ad indirizzo Politico-Internazionale presso l&#8217;Universit\u00e0 degli Studi di Bologna (sede di Forl\u00ec) ed il master in studi diplomatici presso la Societ\u00e0 Italiana per le Organizzazioni Internazionali (S.I.O.I.) a Roma.<\/p>\n<p style=\"text-align: justify;\">Diplomatico di carriera dal 1999, nei primi anni di servizio lavora presso la Direzione Generale per la Cooperazione Economica e Finanziaria Multilaterale del Ministero degli Affari Esteri e della Cooperazione Internazionale.<\/p>\n<p style=\"text-align: justify;\">Si trasferisce all\u2019estero in Kuwait (2001-2005) con funzioni di Vice Capo Missione, e successivamente in Croazia (2005-2009) come responsabile del settore affari politici e Capo della Cancelleria Consolare dell\u2019Ambasciata d\u2019Italia a Zagabria. Dal 2009 al 2011 dirige l\u2019Ufficio per la collaborazione multilaterale della Direzione Generale per le Americhe, con focus sull\u2019America Latina.<\/p>\n<p style=\"text-align: justify;\">Dal 2011 al 2015 \u00e8 Capo dell\u2019Ufficio Economico presso l\u2019Ambasciata d\u2019Italia al Cairo (Egitto) e successivamente assume l\u2019incarico di Console Generale a Vancouver (Canada), dal 2015 al 2019. Al rientro al Ministero dirige l\u2019Ufficio III &#8211; Investimenti esteri in Italia e investimenti italiani all\u2019estero della Direzione Generale per la Promozione del Sistema Paese (2019-2022).<\/p>\n<p style=\"text-align: justify;\">Dal 25 luglio 2022 \u00e8 Console Generale a Rio de Janeiro (Brasile).<\/p>\n<p style=\"text-align: justify;\">Sposato con Sara, ha due figli, Emma ed Emanuele, ed una gatta, Matilda. Appassionato di musica, viaggi e sport (squash, calcio\/calcetto, beach volley).<\/p>\n<p>&nbsp;<\/p>\n","protected":false},"excerpt":{"rendered":"Massimiliano Iacchini Curriculum Vitae \u00c8 nato a Fano (Pesaro-Urbino) il 22 gennaio 1973. Ha frequentato il Liceo Linguistico a Fano, ed ha conseguito la laurea in Scienze Politiche ad indirizzo Politico-Internazionale presso l&#8217;Universit\u00e0 degli Studi di Bologna (sede di Forl\u00ec) ed il master in studi diplomatici presso la Societ\u00e0 Italiana per le Organizzazioni Internazionali (S.I.O.I.) [&hellip;]","protected":false},"author":3,"featured_media":0,"parent":12,"menu_order":0,"comment_status":"closed","ping_status":"closed","template":"","meta":{"footnotes":""},"class_list":["post-61","page","type-page","status-publish","hentry"],"_links":{"self":[{"href":"https:\/\/consriodejaneiro.esteri.it\/it\/wp-json\/wp\/v2\/pages\/61","targetHints":{"allow":["GET"]}}],"collection":[{"href":"https:\/\/consriodejaneiro.esteri.it\/it\/wp-json\/wp\/v2\/pages"}],"about":[{"href":"https:\/\/consriodejaneiro.esteri.it\/it\/wp-json\/wp\/v2\/types\/page"}],"author":[{"embeddable":true,"href":"https:\/\/consriodejaneiro.esteri.it\/it\/wp-json\/wp\/v2\/users\/3"}],"replies":[{"embeddable":true,"href":"https:\/\/consriodejaneiro.esteri.it\/it\/wp-json\/wp\/v2\/comments?post=61"}],"version-history":[{"count":2,"href":"https:\/\/consriodejaneiro.esteri.it\/it\/wp-json\/wp\/v2\/pages\/61\/revisions"}],"predecessor-version":[{"id":988,"href":"https:\/\/consriodejaneiro.esteri.it\/it\/wp-json\/wp\/v2\/pages\/61\/revisions\/988"}],"up":[{"embeddable":true,"href":"https:\/\/consriodejaneiro.esteri.it\/it\/wp-json\/wp\/v2\/pages\/12"}],"wp:attachment":[{"href":"https:\/\/consriodejaneiro.esteri.it\/it\/wp-json\/wp\/v2\/media?parent=61"}],"curies":[{"name":"wp","href":"https:\/\/api.w.org\/{rel}","templated":true}]}}