{"id":62,"date":"2022-12-02T16:35:53","date_gmt":"2022-12-02T15:35:53","guid":{"rendered":"https:\/\/consolatorio.esteri.it\/?page_id=62"},"modified":"2023-09-21T21:16:15","modified_gmt":"2023-09-21T19:16:15","slug":"la-sede","status":"publish","type":"page","link":"https:\/\/consriodejaneiro.esteri.it\/it\/chi-siamo\/la-sede\/","title":{"rendered":"La Sede"},"content":{"rendered":"<p><img decoding=\"async\" class=\"alignnone size-medium wp-image-75 img-fluid\" src=\"https:\/\/consolatorio.esteri.it\/wp-content\/uploads\/2022\/12\/consulado_geral_da_italia_rio.jpg\" alt=\"La sede\" width=\"600\" srcset=\"https:\/\/consriodejaneiro.esteri.it\/wp-content\/uploads\/2022\/12\/consulado_geral_da_italia_rio.jpg 1139w, https:\/\/consriodejaneiro.esteri.it\/wp-content\/uploads\/2022\/12\/consulado_geral_da_italia_rio-300x200.jpg 300w, https:\/\/consriodejaneiro.esteri.it\/wp-content\/uploads\/2022\/12\/consulado_geral_da_italia_rio-1024x682.jpg 1024w, https:\/\/consriodejaneiro.esteri.it\/wp-content\/uploads\/2022\/12\/consulado_geral_da_italia_rio-768x512.jpg 768w\" sizes=\"(max-width: 1139px) 100vw, 1139px\" \/><\/p>\n<p style=\"text-align: justify;\">Il Consolato Generale si trova nell\u2019edificio demaniale Casa d\u2019Italia, realizzato negli anni \u201930 in collaborazione con la comunit\u00e0 italiana residente a Rio de Janeiro. Durante gli anni \u201950 il palazzo fu posto sotto sequestro dal Governo Vargas e concesso\u00a0 in uso alla Facolt\u00e0 di Lettere dell\u2019Universit\u00e0 Federale di Rio de Janeiro, per essere restituito allo Stato italiano nel corso degli anni \u201970.<\/p>\n<p style=\"text-align: justify;\">L\u2019edificio, di otto piani con una superficie di 7.500 mq, \u00e8 ubicato nel centro storico di Rio de Janeiro, nel quartiere Castelo, in prossimit\u00e0 della via di comunicazione \u2019Aterro do Flamengo`, che collega la zona est con i noti quartieri della zona sud (Copacabana, Ipanema e Leblon).<br \/>\nAltri mezzi di trasporto, quali soprattutto metr\u00f4, autobus e taxi, favoriscono la mobilit\u00e0 con la zona sud della citt\u00e0, che \u00e8 anche quella pi\u00f9 ricercata dai turisti.<\/p>\n<p style=\"text-align: justify;\">Nelle vicinanze del Centro cittadino si trovano anche numerosi Musei e prestigiose istituzioni, quali il Museo d\u2019Arte Moderna, l\u2019Accademia Brasiliana di Lettere, l\u2019Assemblea Legislativa dello Stato, il Teatro Municipale, la Biblioteca Nazionale, il Museo Hist\u00f3rico e l\u2019aeroporto Santos Dumont, riservato ai voli nazionali.<\/p>\n","protected":false},"excerpt":{"rendered":"Il Consolato Generale si trova nell\u2019edificio demaniale Casa d\u2019Italia, realizzato negli anni \u201930 in collaborazione con la comunit\u00e0 italiana residente a Rio de Janeiro. Durante gli anni \u201950 il palazzo fu posto sotto sequestro dal Governo Vargas e concesso\u00a0 in uso alla Facolt\u00e0 di Lettere dell\u2019Universit\u00e0 Federale di Rio de Janeiro, per essere restituito allo [&hellip;]","protected":false},"author":3,"featured_media":0,"parent":12,"menu_order":0,"comment_status":"closed","ping_status":"closed","template":"","meta":{"footnotes":""},"class_list":["post-62","page","type-page","status-publish","hentry"],"_links":{"self":[{"href":"https:\/\/consriodejaneiro.esteri.it\/it\/wp-json\/wp\/v2\/pages\/62","targetHints":{"allow":["GET"]}}],"collection":[{"href":"https:\/\/consriodejaneiro.esteri.it\/it\/wp-json\/wp\/v2\/pages"}],"about":[{"href":"https:\/\/consriodejaneiro.esteri.it\/it\/wp-json\/wp\/v2\/types\/page"}],"author":[{"embeddable":true,"href":"https:\/\/consriodejaneiro.esteri.it\/it\/wp-json\/wp\/v2\/users\/3"}],"replies":[{"embeddable":true,"href":"https:\/\/consriodejaneiro.esteri.it\/it\/wp-json\/wp\/v2\/comments?post=62"}],"version-history":[{"count":4,"href":"https:\/\/consriodejaneiro.esteri.it\/it\/wp-json\/wp\/v2\/pages\/62\/revisions"}],"predecessor-version":[{"id":989,"href":"https:\/\/consriodejaneiro.esteri.it\/it\/wp-json\/wp\/v2\/pages\/62\/revisions\/989"}],"up":[{"embeddable":true,"href":"https:\/\/consriodejaneiro.esteri.it\/it\/wp-json\/wp\/v2\/pages\/12"}],"wp:attachment":[{"href":"https:\/\/consriodejaneiro.esteri.it\/it\/wp-json\/wp\/v2\/media?parent=62"}],"curies":[{"name":"wp","href":"https:\/\/api.w.org\/{rel}","templated":true}]}}