{"id":63,"date":"2022-12-02T16:37:07","date_gmt":"2022-12-02T15:37:07","guid":{"rendered":"https:\/\/consolatorio.esteri.it\/?page_id=63"},"modified":"2025-02-27T15:24:21","modified_gmt":"2025-02-27T14:24:21","slug":"gli-uffici","status":"publish","type":"page","link":"https:\/\/consriodejaneiro.esteri.it\/it\/chi-siamo\/gli-uffici\/","title":{"rendered":"Gli Uffici"},"content":{"rendered":"<article id=\"articolo_centro\" class=\"col-md-19 col-sm-19 padding_articolo item-page\" role=\"main\" aria-label=\"articolo\">\n<p style=\"text-align: justify;\">Prima di inviare messaggi e-mail con richieste di informazioni, si prega di visitare le varie sezioni del sito web.<\/p>\n<p style=\"text-align: justify;\">Questo Consolato Generale dar\u00e0 priorit\u00e0 alle e-mail che chiedono informazioni su questioni che non si trovino gi\u00e0 illustrate sul sito.<\/p>\n<p style=\"text-align: justify;\"><strong>PEC<\/strong>:\u00a0<a href=\"mailto:con.riodejaneiro@cert.esteri.it\">con.riodejaneiro@cert.esteri.it<\/a>\u00a0 (indirizzo abilitato esclusivamente alla ricezione di Posta Elettronica Certificata &#8211; PEC)<\/p>\n<p style=\"text-align: justify;\"><strong>PASSAPORTI<\/strong>\u00a0&#8211; Si occupa del rilascio del passaporto individuale decennale e dell&#8217;ETD in casi di emergenza<\/p>\n<p style=\"text-align: justify;\">E-mail:\u00a0<a href=\"mailto:passaporti.riodejaneiro@esteri.it\">passaporti.riodejaneiro@esteri.it<\/a><\/p>\n<p style=\"text-align: justify;\">PEC:\u00a0<a href=\"mailto:con.riodejaneiro.pass@cert.esteri.it\">con.riodejaneiro.pass@cert.esteri.it<\/a><\/p>\n<p style=\"text-align: justify;\"><strong>CODICE FISCALE\u00a0<\/strong>&#8211; Si occupa dell\u2019emissione del Codice Fiscale o delle variazioni avvenute in caso di alterazione dei propri dati anagrafici.<\/p>\n<p style=\"text-align: justify;\">E-mail:\u00a0<a href=\"mailto:riodejaneiro.cf@esteri.it\">riodejaneiro.cf@esteri.it<\/a><\/p>\n<p style=\"text-align: justify;\"><strong>AIRE (Anagrafe degli Italiani Residenti all&#8217;Estero)<\/strong>\u00a0&#8211; Si occupa dell&#8217;iscrizione AIRE, cambio indirizzo, trasferimento e rimpatrio.<br \/>\nE-mail:\u00a0<a href=\"mailto:anagrafe.riodejaneiro@esteri.it\">anagrafe.riodejaneiro@esteri.it<\/a><\/p>\n<p style=\"text-align: justify;\">PEC:\u00a0<a href=\"mailto:con.riodejaneiro.anagrafe@cert.esteri.it\">con.riodejaneiro.anagrafe@cert.esteri.it<\/a><\/p>\n<p style=\"text-align: justify;\"><strong>CITTADINANZA PER DISCENDENZA<\/strong>\u00a0\u2013 Si occupa dell\u2019analisi delle domande di riconoscimento della cittadinanza italiana per discendenza (Leggi 91\/92 e 379\/2000) e dell\u2019analisi delle domande di riconoscimento della cittadinanza italiana dei figli maggiorenni, di cittadini italiani nati in Italia o all\u2019estero (Legge 91\/92).<br \/>\nE-mail:\u00a0<a href=\"mailto:riodejaneiro.citt@esteri.it\">riodejaneiro.citt@esteri.it<\/a><\/p>\n<p style=\"text-align: justify;\"><strong>CITTADINANZA PER MATRIMONIO (NATURALIZZAZIONE)<\/strong>\u00a0&#8211; Si occupa dell\u2019analisi delle domande di naturalizzazione per matrimonio.<br \/>\nE-mail:\u00a0<a href=\"mailto:stciv.riodejaneiro@esteri.it\">r<\/a><a href=\"mailto:iodejaneiro.natur@esteri.it\">iodejaneiro.natur@esteri.it<\/a><\/p>\n<p style=\"text-align: justify;\"><strong>STATO CIVILE<\/strong>\u00a0\u2013 Si occupa del ricevimento, analisi e trasmissione degli atti di nascita di figli minorenni, atti di matrimonio, separazione\/divorzio, morte ecc.<br \/>\nE-mail:\u00a0<a href=\"mailto:stciv.riodejaneiro@esteri.it\">stciv.riodejaneiro@esteri.it<\/a><\/p>\n<p style=\"text-align: justify;\"><strong>NAVIGAZIONE<\/strong>\u00a0&#8211; Registro degli arrivi e delle partenze ed emissione di certificati di sicurezza delle navi italiane che approdano nei porti della circoscrizione (Espirito Santo e Rio de Janeiro). Emissione di certificati di Endorsement per ufficiali stranieri.<br \/>\nE-mail:\u00a0<a href=\"mailto:riodejaneiro.nav@esteri.it\">riodejaneiro.navigazione@esteri.it<\/a><\/p>\n<p style=\"text-align: justify;\"><strong>ASSISTENZA<\/strong>\u00a0<strong>SOCIALE<\/strong>\u00a0&#8211; assiste i connazionali che devono far fronte a problemi specifici o a situazioni di emergenza. Fornisce informazioni relative a enti\/istituzioni o professionisti locali nel settore medico-legale.<br \/>\nE-mail:\u00a0<a href=\"mailto:assistenza.riodejaneiro@esteri.it\">riodejaneiro.sociale@esteri.it<\/a><\/p>\n<p style=\"text-align: justify;\"><strong>NOTARILE<\/strong>\u00a0&#8211; svolge attivit\u00e0 notarile (essenzialmente procure generali o speciali, deleghe, autentiche di firma) a favore dei cittadini italiani residenti nella circoscrizione.<br \/>\nE-mail:\u00a0<a href=\"mailto:riodejaneiro.notarile@esteri.it\">riodejaneiro.notarile@esteri.it<\/a><\/p>\n<p style=\"text-align: justify;\"><strong>ECONOMICO COMMERCIALE E COOPERAZIONE<\/strong>\u00a0&#8211; Per maggiori informazioni\u00a0<a href=\"https:\/\/consriodejaneiro.esteri.it\/consolato_riodejaneiro\/it\/i_servizi\/fare_affari_nel_paese\/\">cliccare qui<\/a><\/p>\n<p style=\"text-align: justify;\"><strong>ELETTORALE &#8211;\u00a0<\/strong>E-mail:\u00a0<a href=\"mailto:riodejaneiro.elettorale@esteri.it\">riodejaneiro.elettorale@esteri.it<\/a><\/p>\n<p style=\"text-align: justify;\"><strong>VISTI<\/strong>\u00a0&#8211; rilascia visti nazionali (oltre i 90 gg) a cittadini stranieri e visti Schengen (sino a 90 gg) a cittadini di altra nazionalit\u00e0 regolarmente residenti nella circoscrizione (Rio de Janeiro e Espirito Santo). I cittadini brasiliani che si recano in Italia per studio, turismo o affari non necessitano di visto d&#8217;ingresso per un periodo massimo di 90 giorni. (Vedi sezione Visti dei Servizi Consolari)<br \/>\nE-mail:\u00a0<a href=\"mailto:visti.riodejaneiro@esteri.it\">visti.riodejaneiro@esteri.it<\/a><\/p>\n<p style=\"text-align: justify;\"><strong>TITOLI DI STUDIO<\/strong>\u00a0&#8211; Iscrizione alle Universit\u00e1 italiane, riconoscimento di titoli di studio, rilascio Dichiarazioni di Valore.<br \/>\nE-mail:\u00a0<a href=\"mailto:riodejaneiro.studio@esteri.it\">riodejaneiro.studio@esteri.it<\/a><\/p>\n<p style=\"text-align: justify;\"><strong>EVENTI<\/strong>\u00a0&#8211; E-mail:\u00a0<a href=\"mailto:riodejaneiro.eventi@esteri.it\">riodejaneiro.eventi@esteri.it<\/a><\/p>\n<p style=\"text-align: justify;\"><strong>SEGRETERIA CONSOLE GENERALE\u00a0\u00a0\u00a0\u00a0<\/strong><br \/>\nE-mail:\u00a0<a href=\"mailto:segreteria.riodejaneiro@esteri.it\">segreteria.riodejaneiro@esteri.it<\/a><\/p>\n<p><strong>MEDICO DI RIFERIMENTO <\/strong><\/p>\n<p><strong>Servizi offerti:<\/strong>Visite per rinnovo patente italiana;\u00a0 Perizie medico-fiscali; Accertamenti di malattia; Visite collegiali; Pareri di congruit\u00e0; Accompagnamento emergenziale di pazienti<\/p>\n<p><strong>Dr\u00a0Antonio Egidio Nardi<\/strong><\/p>\n<article class=\"col-md-19 col-sm-19 padding_articolo item-page\" role=\"main\" aria-label=\"articolo\">Telefono : +55 (21)-2521-6147 \/ +55 (21)-2523-6839 \/ +55 (21)-99911-3843<\/article>\n<article class=\"col-md-19 col-sm-19 padding_articolo item-page\" role=\"main\" aria-label=\"articolo\">Indirizzo:\u00a0Ipanema Office Center Av. Visconde de Piraj\u00e1 407\/702 \u2013 Ipanema<\/article>\n<article class=\"col-md-19 col-sm-19 padding_articolo item-page\" role=\"main\" aria-label=\"articolo\">Email:\u00a0<a href=\"mailto:nardiservmed@gmail.com\">nardiservmed@gmail.com<\/a><\/article>\n<p style=\"text-align: justify;\"><strong>AVVOCATO:<\/strong>\u00a0professionista favorevolmente noto in grado di operare in italiano, ma di cui il Consolato non \u00e8 responsabile.<\/p>\n<p style=\"text-align: justify;\"><strong>Dra. Lucimar de Morais Cunha<\/strong><br \/>\nAv. Franklin Roosevelt, 71 &#8211; Gr. 704<br \/>\nCEP 20021-120 &#8211; Centro &#8211; Rio de Janeiro<br \/>\nTel: (21) 25336211<br \/>\nFax: (21) 22153568<br \/>\nCell: (21) 996538003<br \/>\ne-mail:\u00a0<a href=\"mailto:lucimarmoraiscunha@gmail.com\">lucimarmoraiscunha@gmail.com<\/a><br \/>\nSkype: lucimar.morais<\/p>\n<p style=\"text-align: justify;\">Segnaliamo che l\u2019orario in cui il Consolato risponde al telefono ad eventuali informazioni (NON PRESENTI SUL SITO) \u00e8 dalle ore 8:00 alle ore 16:00 al numero 21 3534.1315.\u00a0In genere \u00e8 preferibile inviare una e-mail al settore interessato, evitando cos\u00ec il sovraccarico delle linee.<\/p>\n<p style=\"text-align: justify;\"><strong>Non ci sono persone o uffici privati ai quali sia stato affidato l\u2019incarico di fornire servizi consolari in nome e per conto di questo Consolato. Tutti i servizi consolari sono offerti agli utenti esclusivamente all\u2019interno dell\u2019edificio e dai funzionari del Consolato.<\/strong><\/p>\n<p>&nbsp;<\/p>\n<p>&nbsp;<\/p>\n<\/article>\n","protected":false},"excerpt":{"rendered":"Prima di inviare messaggi e-mail con richieste di informazioni, si prega di visitare le varie sezioni del sito web. Questo Consolato Generale dar\u00e0 priorit\u00e0 alle e-mail che chiedono informazioni su questioni che non si trovino gi\u00e0 illustrate sul sito. PEC:\u00a0con.riodejaneiro@cert.esteri.it\u00a0 (indirizzo abilitato esclusivamente alla ricezione di Posta Elettronica Certificata &#8211; PEC) PASSAPORTI\u00a0&#8211; Si occupa del [&hellip;]","protected":false},"author":3,"featured_media":0,"parent":12,"menu_order":0,"comment_status":"closed","ping_status":"closed","template":"","meta":{"footnotes":""},"class_list":["post-63","page","type-page","status-publish","hentry"],"_links":{"self":[{"href":"https:\/\/consriodejaneiro.esteri.it\/it\/wp-json\/wp\/v2\/pages\/63","targetHints":{"allow":["GET"]}}],"collection":[{"href":"https:\/\/consriodejaneiro.esteri.it\/it\/wp-json\/wp\/v2\/pages"}],"about":[{"href":"https:\/\/consriodejaneiro.esteri.it\/it\/wp-json\/wp\/v2\/types\/page"}],"author":[{"embeddable":true,"href":"https:\/\/consriodejaneiro.esteri.it\/it\/wp-json\/wp\/v2\/users\/3"}],"replies":[{"embeddable":true,"href":"https:\/\/consriodejaneiro.esteri.it\/it\/wp-json\/wp\/v2\/comments?post=63"}],"version-history":[{"count":6,"href":"https:\/\/consriodejaneiro.esteri.it\/it\/wp-json\/wp\/v2\/pages\/63\/revisions"}],"predecessor-version":[{"id":4433,"href":"https:\/\/consriodejaneiro.esteri.it\/it\/wp-json\/wp\/v2\/pages\/63\/revisions\/4433"}],"up":[{"embeddable":true,"href":"https:\/\/consriodejaneiro.esteri.it\/it\/wp-json\/wp\/v2\/pages\/12"}],"wp:attachment":[{"href":"https:\/\/consriodejaneiro.esteri.it\/it\/wp-json\/wp\/v2\/media?parent=63"}],"curies":[{"name":"wp","href":"https:\/\/api.w.org\/{rel}","templated":true}]}}