{"id":64,"date":"2022-12-02T16:37:38","date_gmt":"2022-12-02T15:37:38","guid":{"rendered":"https:\/\/consolatorio.esteri.it\/?page_id=64"},"modified":"2025-02-06T14:59:59","modified_gmt":"2025-02-06T13:59:59","slug":"contatti","status":"publish","type":"page","link":"https:\/\/consriodejaneiro.esteri.it\/it\/chi-siamo\/contatti\/","title":{"rendered":"Contatti"},"content":{"rendered":"<article id=\"articolo_centro\" class=\"col-md-19 col-sm-19 padding_articolo item-page\" role=\"main\" aria-label=\"articolo\">\n<div>\n<p style=\"text-align: justify;\">Al fine di garantire servizi consolari sempre pi\u00f9 efficienti, si prega cortesemente di<strong>\u00a0non inviare e-mail con richieste di informazioni gi\u00e0 disponibili sul nostro sito.<\/strong><\/p>\n<p style=\"text-align: justify;\">Dopo un\u2019attenta lettura del sito, qualora sia necessario entrare in contatto con il Consolato<strong>, si prega di inoltrare l\u2019email\u00a0<u>esclusivamente al Settore Consolare competente<\/u><\/strong>, secondo la ripartizione di competenze indicata nella tabella sottostante, avendo l\u2019accortezza di<strong>\u00a0indicare sempre nome, cognome e data di nascita dell\u2019interessato.<\/strong><\/p>\n<p style=\"text-align: justify;\">Informazioni utili sui servizi consolari sono disponibili anche sui nostri social network:<strong>\u00a0Instagram\u00a0<a href=\"https:\/\/www.instagram.com\/italyinrio\/\">@italyinrio<\/a> e Facebook <a href=\"https:\/\/www.facebook.com\/italyinrio\/\">Consolato Generale d\u00b4Italia Rio de Janeiro<\/a>. Si invita cortesemente a prendere visione della <em>netiquette<\/em>, consultabile <a href=\"https:\/\/consriodejaneiro.esteri.it\/it\/servizi-consolari-e-visti\/servizi-per-il-cittadino-italiano\/altri-servizi\/albo-consolare\/netiquette-social-media\/\">qui<\/a>.<\/strong><\/p>\n<p><strong>SEGRETERIA CONSOLE GENERALE\u00a0\u00a0\u00a0\u00a0<\/strong><br \/>\nE-mail:\u00a0<a href=\"mailto:segreteria.riodejaneiro@esteri.it\">segreteria.riodejaneiro@esteri.it<\/a><\/p>\n<p style=\"text-align: justify;\"><strong>PEC<\/strong>:\u00a0<a href=\"mailto:con.riodejaneiro@cert.esteri.it\">con.riodejaneiro@cert.esteri.it<\/a>\u00a0 (indirizzo abilitato esclusivamente alla ricezione di Posta Elettronica Certificata &#8211; PEC)<\/p>\n<p style=\"text-align: justify;\"><strong>PASSAPORTI<\/strong>\u00a0&#8211; Si occupa del rilascio del passaporto individuale decennale e dell&#8217;ETD in casi di emergenza<\/p>\n<p style=\"text-align: justify;\">E-mail:\u00a0<a href=\"mailto:passaporti.riodejaneiro@esteri.it\">passaporti.riodejaneiro@esteri.it<\/a><\/p>\n<p style=\"text-align: justify;\">PEC:\u00a0<a href=\"mailto:con.riodejaneiro.pass@cert.esteri.it\">con.riodejaneiro.pass@cert.esteri.it<\/a><\/p>\n<p><strong>PRENOTAMI<\/strong><strong> &#8211;<\/strong> Per assistenza con il portale Prenotami<br \/>\nE-mail: <a href=\"mailto:riodejaneiro.prenota@esteri.it\">riodejaneiro.prenota@esteri.it<\/a><\/p>\n<p style=\"text-align: justify;\"><strong>CODICE FISCALE\u00a0<\/strong>&#8211; Si occupa dell\u2019emissione del Codice Fiscale o delle variazioni avvenute in caso di alterazione dei propri dati anagrafici.<\/p>\n<p style=\"text-align: justify;\">E-mail:\u00a0<a href=\"mailto:riodejaneiro.cf@esteri.it\">riodejaneiro.cf@esteri.it<\/a><\/p>\n<p style=\"text-align: justify;\"><strong>AIRE (Anagrafe degli Italiani Residenti all&#8217;Estero)<\/strong>\u00a0&#8211; Si occupa dell&#8217;iscrizione AIRE, cambio indirizzo, trasferimento e rimpatrio.<br \/>\nE-mail:\u00a0<a href=\"mailto:anagrafe.riodejaneiro@esteri.it\">anagrafe.riodejaneiro@esteri.it<\/a><\/p>\n<p style=\"text-align: justify;\">PEC:\u00a0<a href=\"mailto:con.riodejaneiro.anagrafe@cert.esteri.it\">con.riodejaneiro.anagrafe@cert.esteri.it<\/a><\/p>\n<p style=\"text-align: justify;\"><strong>CITTADINANZA PER DISCENDENZA<\/strong>\u00a0\u2013 Si occupa dell\u2019analisi delle domande di riconoscimento della cittadinanza italiana per discendenza (Leggi 91\/92 e 379\/2000) e dell\u2019analisi delle domande di riconoscimento della cittadinanza italiana dei figli maggiorenni, di cittadini italiani nati in Italia o all\u2019estero (Legge 91\/92).<br \/>\nE-mail:\u00a0<a href=\"mailto:riodejaneiro.citt@esteri.it\">riodejaneiro.citt@esteri.it<\/a><\/p>\n<p style=\"text-align: justify;\"><strong>CITTADINANZA PER MATRIMONIO (NATURALIZZAZIONE)<\/strong>\u00a0&#8211; Si occupa dell\u2019analisi delle domande di naturalizzazione per matrimonio.<br \/>\nE-mail:\u00a0<a href=\"mailto:stciv.riodejaneiro@esteri.it\">r<\/a><a href=\"mailto:iodejaneiro.natur@esteri.it\">iodejaneiro.natur@esteri.it<\/a><\/p>\n<p style=\"text-align: justify;\"><strong>STATO CIVILE<\/strong>\u00a0\u2013 Si occupa del ricevimento, analisi e trasmissione degli atti di nascita di figli minorenni, atti di matrimonio, separazione\/divorzio, morte ecc.<br \/>\nE-mail:\u00a0<a href=\"mailto:stciv.riodejaneiro@esteri.it\">stciv.riodejaneiro@esteri.it<\/a><\/p>\n<p style=\"text-align: justify;\"><strong>NAVIGAZIONE<\/strong>\u00a0&#8211; Registro degli arrivi e delle partenze ed emissione di certificati di sicurezza delle navi italiane che approdano nei porti della circoscrizione (Espirito Santo e Rio de Janeiro). Emissione di certificati di Endorsement per ufficiali stranieri.<br \/>\nE-mail:\u00a0<a href=\"mailto:riodejaneiro.nav@esteri.it\">riodejaneiro.navigazione@esteri.it<\/a><\/p>\n<p style=\"text-align: justify;\"><strong>ASSISTENZA<\/strong>\u00a0<strong>SOCIALE<\/strong>\u00a0&#8211; assiste i connazionali che devono far fronte a problemi specifici o a situazioni di emergenza. Fornisce informazioni relative a enti\/istituzioni o professionisti locali nel settore medico-legale.<br \/>\nE-mail:\u00a0<a href=\"mailto:assistenza.riodejaneiro@esteri.it\">riodejaneiro.sociale@esteri.it<\/a><\/p>\n<p style=\"text-align: justify;\"><strong>NOTARILE<\/strong>\u00a0&#8211; svolge attivit\u00e0 notarile (essenzialmente procure generali o speciali, deleghe, autentiche di firma) a favore dei cittadini italiani residenti nella circoscrizione.<br \/>\nE-mail:\u00a0<a href=\"mailto:riodejaneiro.notarile@esteri.it\">riodejaneiro.notarile@esteri.it<\/a><\/p>\n<p style=\"text-align: justify;\"><strong>ECONOMICO COMMERCIALE E COOPERAZIONE<\/strong>\u00a0&#8211; Per maggiori informazioni\u00a0<a href=\"https:\/\/consriodejaneiro.esteri.it\/consolato_riodejaneiro\/it\/i_servizi\/fare_affari_nel_paese\/\">cliccare qui<\/a><\/p>\n<p style=\"text-align: justify;\"><strong>ELETTORALE &#8211;\u00a0<\/strong>E-mail:\u00a0<a href=\"mailto:riodejaneiro.elettorale@esteri.it\">riodejaneiro.elettorale@esteri.it<\/a><\/p>\n<p style=\"text-align: justify;\"><strong>VISTI<\/strong>\u00a0&#8211; rilascia visti nazionali (oltre i 90 gg) a cittadini stranieri e visti Schengen (sino a 90 gg) a cittadini di altra nazionalit\u00e0 regolarmente residenti nella circoscrizione (Rio de Janeiro e Espirito Santo). I cittadini brasiliani che si recano in Italia per studio, turismo o affari non necessitano di visto d&#8217;ingresso per un periodo massimo di 90 giorni. (Vedi sezione Visti dei Servizi Consolari)<br \/>\nE-mail:\u00a0<a href=\"mailto:visti.riodejaneiro@esteri.it\">visti.riodejaneiro@esteri.it<\/a><\/p>\n<p style=\"text-align: justify;\"><strong>TITOLI DI STUDIO<\/strong>\u00a0&#8211; Iscrizione alle Universit\u00e1 italiane, riconoscimento di titoli di studio, rilascio Dichiarazioni di Valore.<br \/>\nE-mail:\u00a0<a href=\"mailto:riodejaneiro.studio@esteri.it\">riodejaneiro.studio@esteri.it<\/a><\/p>\n<p style=\"text-align: justify;\"><strong>EVENTI<\/strong>\u00a0&#8211; E-mail:\u00a0<a href=\"mailto:riodejaneiro.eventi@esteri.it\">riodejaneiro.eventi@esteri.it<\/a><\/p>\n<p><strong>CONSOLATO GENERALE D&#8217;ITALIA DI RIO DE JANEIRO &#8211; SPORTELLO CONSOLARE A VIT\u00d3RIA (ESPIRITO SANTO)<\/strong> &#8211; lo Sportello e\u2019 impiegato per appuntamenti e procedure inerenti il rilascio dei passaporti<br \/>\nE-mail: <a href=\"mailto:riodejaneiro.vitoria@esteri.it\">riodejaneiro.vitoria@esteri.it<\/a> \/ Indirizzo: Rua Cl\u00f3vis Machado 176, Sala 306-308, Enseada do Su\u00e1, Vit\u00f3ria, ES &#8211; CAP 29050-585<\/p>\n<p><strong>CONSOLATO ONORARIO D&#8217;ITALIA A VITORIA \/ VILHA VELHA (ESPIRITO SANTO)<\/strong><br \/>\nConsole Onorario Dott. Roger Gaggiato<br \/>\nE-mail: <a href=\"mailto:viceconsit.vitoria@gmail.com\">viceconsit.vitoria@gmail.com<\/a><br \/>\nIndirizzo: Rua Pe. Antonio Ribeiro Pinto 195\/509 \u2013 CAP 29052-290<\/p>\n<\/div>\n<p><strong style=\"text-align: justify;\">MEDICO DI RIFERIMENTO &#8211; <\/strong><span style=\"text-align: justify;\">Visite per rinnovo patente italiana, perizie medico-fiscali, accertamenti malattia, visite collegiali, pareri di congruit\u00e0, accompagnamento emergenziale di pazienti<\/span><\/p>\n<p><strong>Dr\u00a0Antonio Egidio Nardi<\/strong><\/article>\n<article class=\"col-md-19 col-sm-19 padding_articolo item-page\" role=\"main\" aria-label=\"articolo\">Telefono : +55 (21)-2521-6147 \/ +55 (21)-2523-6839 \/ +55 (21)-99911-3843<\/article>\n<article class=\"col-md-19 col-sm-19 padding_articolo item-page\" role=\"main\" aria-label=\"articolo\">Indirizzo:\u00a0Ipanema Office Center Av. Visconde de Piraj\u00e1 407\/702 \u2013 Ipanema<\/article>\n<article class=\"col-md-19 col-sm-19 padding_articolo item-page\" role=\"main\" aria-label=\"articolo\">Email:\u00a0<a href=\"mailto:nardiservmed@gmail.com\">nardiservmed@gmail.com<\/a><\/p>\n<div>\n<p style=\"text-align: justify;\"><strong>Dr. Francesco Agoglia<\/strong><br \/>\nCellulare:\u00a0<span class=\"baec5a81-e4d6-4674-97f3-e9220f0136c1\">+55 (21) 999719114<a title=\"Call: +55 (21) 999719114\" href=\"https:\/\/consriodejaneiro.esteri.it\/consolato_riodejaneiro\/it\/il_consolato\/gli_uffici#\"><img decoding=\"async\" title=\"Call: +55 (21) 999719114\" src=\"data:image\/png;base64,iVBORw0KGgoAAAANSUhEUgAAABAAAAAQCAYAAAAf8\/9hAAABcklEQVR4XpXTPUvDUBTH4aR2c2hBQXGpTiIORhBcBOvgYKf0Awi+4Ggr1MVPIIrYdnEpShddHIyLi6AVXVxsRRDRwbi4KNgu4lCIv8i\/i6QRDzycy+09555LqOl5nhEUptPoJe1iDHU8oYlrlDw79m4QEbSLPexzsIc8hDRm8YBjLpj4q8EgxQdab+MNd4ghhQ2adIc1+ORAFEnWWfTDRp7GDfImlsIavKALLuqoqMGUCs4wHtagiQ5uc8kDyCOBKlP1k78QNTOZnMXCQRxWsbjl6iuskV41SQG2Gj9rikvcR1WcgKFDBa1LOEUK56hqv8BUFV3SGWkVS9JQ6Dsv4wQ1DKMPORUvkm78BhdQMI1CTa5I0yrcwSFqFD+SZ7DQesIkCG5S\/JpkHYERQRmuNsrZ7Grc+Ef8\/Bcoslkfae8Wc7CUHZ++TuAEBj86pHntjaDKXllPy6PW\/gkKFaThwp\/K87N8hDcQTTKKFTioSxqB8Q2BNX5JtAljwgAAAABJRU5ErkJggg==\" alt=\"\" \/><\/a><\/span><br \/>\nStudio:\u00a0<span class=\"baec5a81-e4d6-4674-97f3-e9220f0136c1\">+55 (21) 2572-3386<a title=\"Call: +55 (21) 2572-3386\" href=\"https:\/\/consriodejaneiro.esteri.it\/consolato_riodejaneiro\/it\/il_consolato\/gli_uffici#\"><img decoding=\"async\" title=\"Call: +55 (21) 2572-3386\" src=\"data:image\/png;base64,iVBORw0KGgoAAAANSUhEUgAAABAAAAAQCAYAAAAf8\/9hAAABcklEQVR4XpXTPUvDUBTH4aR2c2hBQXGpTiIORhBcBOvgYKf0Awi+4Ggr1MVPIIrYdnEpShddHIyLi6AVXVxsRRDRwbi4KNgu4lCIv8i\/i6QRDzycy+09555LqOl5nhEUptPoJe1iDHU8oYlrlDw79m4QEbSLPexzsIc8hDRm8YBjLpj4q8EgxQdab+MNd4ghhQ2adIc1+ORAFEnWWfTDRp7GDfImlsIavKALLuqoqMGUCs4wHtagiQ5uc8kDyCOBKlP1k78QNTOZnMXCQRxWsbjl6iuskV41SQG2Gj9rikvcR1WcgKFDBa1LOEUK56hqv8BUFV3SGWkVS9JQ6Dsv4wQ1DKMPORUvkm78BhdQMI1CTa5I0yrcwSFqFD+SZ7DQesIkCG5S\/JpkHYERQRmuNsrZ7Grc+Ef8\/Bcoslkfae8Wc7CUHZ++TuAEBj86pHntjaDKXllPy6PW\/gkKFaThwp\/K87N8hDcQTTKKFTioSxqB8Q2BNX5JtAljwgAAAABJRU5ErkJggg==\" alt=\"\" \/><\/a><\/span>;\u00a0<span class=\"baec5a81-e4d6-4674-97f3-e9220f0136c1\">+55 (21) 971053722<a title=\"Call: +55 (21) 971053722\" href=\"https:\/\/consriodejaneiro.esteri.it\/consolato_riodejaneiro\/it\/il_consolato\/gli_uffici#\"><img decoding=\"async\" title=\"Call: +55 (21) 971053722\" src=\"data:image\/png;base64,iVBORw0KGgoAAAANSUhEUgAAABAAAAAQCAYAAAAf8\/9hAAABcklEQVR4XpXTPUvDUBTH4aR2c2hBQXGpTiIORhBcBOvgYKf0Awi+4Ggr1MVPIIrYdnEpShddHIyLi6AVXVxsRRDRwbi4KNgu4lCIv8i\/i6QRDzycy+09555LqOl5nhEUptPoJe1iDHU8oYlrlDw79m4QEbSLPexzsIc8hDRm8YBjLpj4q8EgxQdab+MNd4ghhQ2adIc1+ORAFEnWWfTDRp7GDfImlsIavKALLuqoqMGUCs4wHtagiQ5uc8kDyCOBKlP1k78QNTOZnMXCQRxWsbjl6iuskV41SQG2Gj9rikvcR1WcgKFDBa1LOEUK56hqv8BUFV3SGWkVS9JQ6Dsv4wQ1DKMPORUvkm78BhdQMI1CTa5I0yrcwSFqFD+SZ7DQesIkCG5S\/JpkHYERQRmuNsrZ7Grc+Ef8\/Bcoslkfae8Wc7CUHZ++TuAEBj86pHntjaDKXllPy6PW\/gkKFaThwp\/K87N8hDcQTTKKFTioSxqB8Q2BNX5JtAljwgAAAABJRU5ErkJggg==\" alt=\"\" \/><\/a><\/span><br \/>\nIndirizzo: R. Gen. Roca, 685 &#8211; Tijuca, Rio de Janeiro &#8211; RJ, 20521-070<\/p>\n<\/div>\n<\/article>\n<article id=\"articolo_centro\" class=\"col-md-19 col-sm-19 padding_articolo item-page\" role=\"main\" aria-label=\"articolo\">\n<div>\n<p style=\"text-align: justify;\"><strong>AVVOCATO:<\/strong>\u00a0professionista favorevolmente noto in grado di operare in italiano, ma di cui il Consolato non \u00e8 responsabile.<\/p>\n<p style=\"text-align: justify;\"><strong>Dra. Lucimar de Morais Cunha<\/strong><br \/>\nAv. Franklin Roosevelt, 71 &#8211; Gr. 704<br \/>\nCEP 20021-120 &#8211; Centro &#8211; Rio de Janeiro<br \/>\nTel: (21) 25336211<br \/>\nFax: (21) 22153568<br \/>\nCell: (21) 996538003<br \/>\ne-mail:\u00a0<a href=\"mailto:lucimarmoraiscunha@gmail.com\">lucimarmoraiscunha@gmail.com<\/a><br \/>\nSkype: lucimar.morais<\/p>\n<p style=\"text-align: justify;\">Segnaliamo che l\u2019orario in cui il Consolato risponde al telefono ad eventuali informazioni (NON PRESENTI SUL SITO) \u00e8 dalle ore 8:00 alle ore 16:00 al numero 21 3534.1315.\u00a0In genere \u00e8 preferibile inviare una e-mail al settore interessato, evitando cos\u00ec il sovraccarico delle linee.<\/p>\n<p style=\"text-align: justify;\"><strong>Non ci sono persone o uffici privati ai quali sia stato affidato l\u2019incarico di fornire servizi consolari in nome e per conto di questo Consolato. Tutti i servizi consolari sono offerti agli utenti esclusivamente all\u2019interno dell\u2019edificio e dai funzionari del Consolato.<\/strong><\/p>\n<p>&nbsp;<\/p>\n<\/div>\n<\/article>\n","protected":false},"excerpt":{"rendered":"Al fine di garantire servizi consolari sempre pi\u00f9 efficienti, si prega cortesemente di\u00a0non inviare e-mail con richieste di informazioni gi\u00e0 disponibili sul nostro sito. Dopo un\u2019attenta lettura del sito, qualora sia necessario entrare in contatto con il Consolato, si prega di inoltrare l\u2019email\u00a0esclusivamente al Settore Consolare competente, secondo la ripartizione di competenze indicata nella tabella [&hellip;]","protected":false},"author":3,"featured_media":0,"parent":12,"menu_order":0,"comment_status":"closed","ping_status":"closed","template":"","meta":{"footnotes":""},"class_list":["post-64","page","type-page","status-publish","hentry"],"_links":{"self":[{"href":"https:\/\/consriodejaneiro.esteri.it\/it\/wp-json\/wp\/v2\/pages\/64","targetHints":{"allow":["GET"]}}],"collection":[{"href":"https:\/\/consriodejaneiro.esteri.it\/it\/wp-json\/wp\/v2\/pages"}],"about":[{"href":"https:\/\/consriodejaneiro.esteri.it\/it\/wp-json\/wp\/v2\/types\/page"}],"author":[{"embeddable":true,"href":"https:\/\/consriodejaneiro.esteri.it\/it\/wp-json\/wp\/v2\/users\/3"}],"replies":[{"embeddable":true,"href":"https:\/\/consriodejaneiro.esteri.it\/it\/wp-json\/wp\/v2\/comments?post=64"}],"version-history":[{"count":7,"href":"https:\/\/consriodejaneiro.esteri.it\/it\/wp-json\/wp\/v2\/pages\/64\/revisions"}],"predecessor-version":[{"id":4322,"href":"https:\/\/consriodejaneiro.esteri.it\/it\/wp-json\/wp\/v2\/pages\/64\/revisions\/4322"}],"up":[{"embeddable":true,"href":"https:\/\/consriodejaneiro.esteri.it\/it\/wp-json\/wp\/v2\/pages\/12"}],"wp:attachment":[{"href":"https:\/\/consriodejaneiro.esteri.it\/it\/wp-json\/wp\/v2\/media?parent=64"}],"curies":[{"name":"wp","href":"https:\/\/api.w.org\/{rel}","templated":true}]}}