{"id":690,"date":"2023-10-10T17:22:28","date_gmt":"2023-10-10T15:22:28","guid":{"rendered":"https:\/\/consriodejaneiro.esteri.it\/?page_id=690"},"modified":"2025-10-09T22:21:25","modified_gmt":"2025-10-09T20:21:25","slug":"dichiarazioni-di-valore-2","status":"publish","type":"page","link":"https:\/\/consriodejaneiro.esteri.it\/it\/servizi-consolari-e-visti\/servizi-per-il-cittadino-italiano\/dichiarazioni-di-valore\/dichiarazioni-di-valore-2\/","title":{"rendered":"Dichiarazione di valore"},"content":{"rendered":"<p style=\"text-align: justify;\">La Dichiarazione di valore in loco \u00e8 un documento ufficiale, redatto in italiano, attestante l\u2019autenticit\u00e0 e legittimit\u00e0 della documentazione presentata, rilasciato dalle Rappresentanze diplomatiche italiane a coloro che, avendo conseguito un titolo di studio presso Istituti di istruzione stranieri, intendono proseguire gli studi in Italia, avviare le procedure di Equipollenza dei titoli di studio, o di riconoscimento professionale.<\/p>\n<p style=\"text-align: justify;\">I fini per i quali pu\u00f2 essere richiesta la Dichiarazione di valore sono:<\/p>\n<p>a) proseguimento degli studi scolastici e universitari;<\/p>\n<p>b) iscrizione presso le Universit\u00e0;<\/p>\n<p>c) omologazione di un titolo universitario per il proseguimento degli studi post lauream (master, dottorato, etc.);<\/p>\n<p>d) riconoscimento professionale.<\/p>\n<p style=\"text-align: justify;\">Considerato che i titoli di studio o professionali conseguiti all\u2019estero non hanno di per s\u00e9 valore legale in Italia, le procedure prevedono che per ottenere il riconoscimento del titolo di studio, il richiedente presenti all\u2019amministrazione competente la Dichiarazione di Valore, che ai sensi del R.D. 31 agosto 1933, n. 1952 viene rilasciata dalle Ambasciate e dai Consolati italiani.<\/p>\n<p style=\"text-align: justify;\">Al riguardo, si ricorda che la competenza per il riconoscimento dei cicli e dei periodi di studio svolti all\u2019estero e dei titoli di studio stranieri, ai fini dell\u2019accesso all\u2019istruzione superiore, del proseguimento degli studi universitari e del conseguimento dei titoli universitari italiani, \u00e8 attribuita alle singole Universit\u00e0 ed agli Istituti di istruzione universitaria, che la esercitano nell\u2019ambito della loro autonomia e in conformit\u00e0 ai rispettivi ordinamenti, fatti salvi gli accordi bilaterali in materia. Tale procedura non trasforma il titolo estero di scuola secondaria in un titolo italiano ma consente l\u2019ingresso a corsi di laurea e post-laurea.<\/p>\n<p style=\"text-align: justify;\">In tal senso si \u00e8 pronunciato anche il Consiglio di Stato (sentenza n. 4613 del 4\/9\/07), rilevando come\u201d [\u2026] per quel che riguarda i titoli di studio conseguiti nell\u2019ambito dell\u2019U.E., alla Dichiarazione di Valore non pu\u00f2 essere riconosciuto un ruolo decisivo e discriminante. Infatti, la P.A. ha l\u2019obbligo di motivare le sue decisioni con riguardo ai contenuti formativi del diploma, non semplicemente in relazione ad aspetti estrinseci rispetto alle competenze ed alle abilit\u00e0 professionali attestate dal titolo, quale formalmente \u00e8 la Dichiarazione di Valore, ma sulla base di una valutazione sostanziale, mediante l\u2019impiego (da valutarsi caso per caso da parte del responsabile del procedimento) di tutti gli strumenti istruttori normalmente disponibili (inclusa la corrispondenza diretta e\/o diplomatica, considerata tuttavia nel suo aspetto ordinario di fonte di informazioni non aventi carattere esclusivo o infungibile).<\/p>\n<p style=\"text-align: justify;\">Per ulteriori informazioni, visitare la pagina <a href=\"https:\/\/www.esteri.it\/mae\/it\/politica_estera\/cultura\/universita\/riconoscimento_titoli_studio\">RICONOSCIMENTO ED EQUIPOLLENZA DEI TITOLI DI STUDIO STRANIERI<\/a><\/p>\n<p style=\"text-align: justify;\">La Dichiarazione di Valore ha l\u2019unico scopo di descrivere il valore acquisito dal Titolo di studio nel Paese di origine e, ai fini del riconoscimento dei titoli o affinch\u00e9 si intenda spendere i titoli nei rapporti con le pubbliche Amministrazioni o per l\u2019esercizio di professioni regolamentate, essa deve essere presentata alle competenti Autorit\u00e0 italiane, vale a dire:<\/p>\n<p style=\"text-align: justify;\">\u2013 le istituzioni scolastiche (nel caso in cui gli studi scolastici obbligatori debbano essere ancora ultimati);<\/p>\n<p style=\"text-align: justify;\">\u2013 gli Ambiti Territoriali (ex Uffici scolastici provinciali) per i diplomi di livello pre-universitario;<\/p>\n<p style=\"text-align: justify;\">\u2013 gli Atenei, per ottenere il riconoscimento delle Lauree estere;<\/p>\n<p style=\"text-align: justify;\">\u2013 il Ministero dell\u2019istruzione, Universit\u00e0 e Ricerca per il riconoscimento accademico dei dottorati (Ph.D.) esteri;<\/p>\n<p style=\"text-align: justify;\">\u2013 i vari Ministeri per quanto concerne i riconoscimenti professionali (ai fini dell\u2019esercizio di professioni regolamentate).<\/p>\n<p style=\"text-align: justify;\">Gli stranieri e gli italiani residenti all\u2019estero possono richiedere la dichiarazione di valore presentando all\u2019Ufficio Scuola di questo Consolato Generale una domanda che deve essere corredata dalla documentazione prescritta. Questa documentazione deve essere approvata dalle competenti Autorit\u00e0 italiane, in base alla valutazione dei titoli di studio conseguiti all\u2019estero.<\/p>\n<p style=\"text-align: justify;\">L\u2019Ufficio Scuola di questo Consolato Generale deve inoltre accertare e certificare che i titoli di studio di scuola media superiore consentono l\u2019ammissione ai corsi universitari nell\u2019ordinamento del Paese nel quale sono stati conseguiti (\u201cDichiarazione di valore in loco\u201d).<\/p>\n<p style=\"text-align: justify;\"><strong>IMPORTANTE<\/strong><\/p>\n<p style=\"text-align: justify;\">Consigliamo di entrare in contatto con l\u2019istituzione scolastica italiana di interesse e di verificare tutte le informazioni necessarie per l\u2019iscrizione dell\u2019interessato\/a al corso desiderato, prima di entrare con la richiesta di Dichiarazione di Valore.<\/p>\n<p style=\"text-align: justify;\">L\u2019Ufficio Scuola di questo Consolato Generale riceve certificati e diplomi ottenuti all\u2019interno della Circoscrizione consolare di competenza: <strong>Rio De Janeiro e Espirito Santo<\/strong>.<\/p>\n<p style=\"text-align: justify;\">La richiesta di rilascio della Dichiarazione di Valore dovr\u00e0 essere inviata per posta o consegnata personalmente alla portineria dell\u2019Edificio Italia, dal luned\u00ec al venerd\u00ec dalle ore 8:00 alle ore 12:00, all\u2019indirizzo del Consolato Generale d\u2019Italia (Av. Antonio Carlos, 40 \u2013 CEP 20020-010 \u2013 Rio de Janeiro \u2013 R.J. -).<\/p>\n<p style=\"text-align: justify;\"><strong>ATTENZIONE : indicare nella busta specificamente \u201cUFFICIO SCOLASTICO\u201d.<\/strong><\/p>\n<p style=\"text-align: justify;\">TUTTA LA DOCUMENTAZIONE (TRADUZIONI INCLUSE) \u00a0DOVR\u00c1 ESSERE PRESENTATA ANCHE IN COPIA SEMPLICE AL FINE DEGLI ATTI DELLA PRATICA.<\/p>\n<p style=\"text-align: justify;\">Alla fine della procedura i documenti verranno riconsegnati soltanto PERSONALMENTE all\u2019interessato o suo procuratore.<\/p>\n<p style=\"text-align: justify;\">L\u2019Ufficio non restituisce documenti per posta.<\/p>\n<p style=\"text-align: justify;\">In nessun caso sar\u00e0 accettata la richiesta e l\u2019inoltro della documentazione per la dichiarazione di valore via posta elettronica.<\/p>\n<p style=\"text-align: justify;\">Il Consolato Generale si riserva il diritto di sollecitare documenti aggiuntivi ogni qualvolta lo ritenga necessario.<\/p>\n<p style=\"text-align: justify;\">La documentazione andr\u00e0 consegnata in tempo utile per consentire all\u2019Ufficio di processare la richiesta. Si ricorda che la legge prevede un termine di 30 giorni per il rilascio della dichiarazione di valore, a decorrere dalla data di consegna della documentazione completa.<\/p>\n<p><span style=\"color: #ff0000;\"><strong>ATTENZIONE : QUESTO SETTORE NON SI RESPONSABILIZZA DEI DOCUMENTI CHE NON VERRANNO RITIRATI DOPO UN MESE DALLA DATA DI NOTIFICA DI : PENDENZE, PAGAMENTO O CONSEGNA DELLA DICHIARAZIONE.<\/strong><\/span><\/p>\n<p style=\"text-align: justify;\">Altre informazioni possono essere ottenute scrivendo a <a href=\"mailto:riodejaneiro.studio@esteri.it\">riodejaneiro.studio@esteri.it<\/a> fornendo tutti i dati utili per ottenere le istruzioni desiderate.<\/p>\n<p style=\"text-align: justify;\"><strong>PRESENTAZIONE DEI DOCUMENTI PER IL RILASCIO DELLA DICHIARAZIONE DI VALORE<\/strong><\/p>\n<p style=\"text-align: justify;\">Il rilascio della dichiarazione di valore sar\u00e0 gratuito se comprovato l\u2019effettivo proseguimento degli studi. A tal fine sar\u00e0 necessario presentare una lettera che comprovi un vincolo tra lo studente e l\u2019Universit\u00e0 o l\u2019istituto di formazione italiana.<\/p>\n<p style=\"text-align: justify;\">Nel caso in cui non sia possibile comprovare il proseguimento degli studi o nel caso di riconoscimento della propria professione, il servizio sar\u00e0 a pagamento. Il costo \u00e8 di 50,00 Euro che dovr\u00e0 essere corrisposto in moneta locale seguendo le istruzioni che verranno fornite dal Settore \u2013 a mezzo e-mail \u2013 a seguito dell\u2019analisi della documentazione.<\/p>\n<p style=\"text-align: justify;\"><strong>RICORDIAMO CHE TUTTI I DOCUMENTI PER IL RILASCIO DELLA DICHIARAZIONE DI VALORE IN LOCO DOVRANNO ESSERE PRESENTATI CON \u201cAPOSTILLE\u201d: SIA L\u2019ORIGINALE IN LINGUA PORTOGHESE CHE LA TRADUZIONE GIURATA.<\/strong><\/p>\n<p><strong>ATTENZIONE : DOCUMENTI FIRMATI DIGITALMENTE NON SONO RICONOSCIUTI VALIDI PER L\u2019ITALIA<\/strong><\/p>\n<p style=\"text-align: justify;\">Consigliamo di richiedere l\u2019apostillamento dei documenti a un \u201ccartorio\u201d del luogo dove gli stessi sono stati rilasciati.<\/p>\n<p style=\"text-align: justify;\"><strong>DOCUMENTI DA PRESENTARE<\/strong><\/p>\n<p style=\"text-align: justify;\"><a href=\"https:\/\/consriodejaneiro.esteri.it\/wp-content\/uploads\/2024\/08\/modulo-richiesta-Dichiarazione-di-Valore.doc\"><strong>RICHIESTA Dichiarazione di Valore<\/strong><\/a>\u00a0dell\u2019interessato, completa di tutti i dati personali e dell\u2019indicazione di tutta la documentazione presentata. Tale richiesta dovr\u00e0 essere datata e firmata dall\u2019interessato o dal suo delegato. INDICARE SEMPRE IL RECAPITO TELEFONICO E L\u2019INDIRIZZO E-MAIL.<\/p>\n<p style=\"text-align: justify;\"><strong>A) SCUOLA SECONDARIA DI PRIMO GRADO (Ensino Fundamental)<\/strong><\/p>\n<p style=\"text-align: justify;\">1) Domanda di richiesta di dichiarazione di valore compilato in tutti i campi di interesse, datato e firmato in originale dall\u2019interessato (o dal responsabile in caso di richiedente minorenne) o suo procuratore;<\/p>\n<p style=\"text-align: justify;\">2) Copia del passaporto valido intestato al richiedente ed all\u2019intestatario del titolo di studio se minorenne;<\/p>\n<p style=\"text-align: justify;\">3) Diploma (Certificado de Conclusao) e traduzione giurata in italiano, entrambi in originale e apostillati;<\/p>\n<p style=\"text-align: justify;\">4) Historico Escolar e traduzione giurata in italiano, entrambi in originale e apostillati;<\/p>\n<p><strong>B) SCUOLA SECONDARIA SUPERIORE incompleto (Ensino Medio incompleto)<\/strong><\/p>\n<p style=\"text-align: justify;\">1) Domanda di richiesta di dichiarazione di valore compilato in tutti i campi di interesse, datato e firmato in originale dall\u2019interessato (o dal responsabile in caso di richiedente minorenne) o suo procuratore;<\/p>\n<p style=\"text-align: justify;\">2) Copia del passaporto valido intestato al richiedente ed all\u2019intestatario del titolo di studio se minorenne;<\/p>\n<p style=\"text-align: justify;\">3) Historico Escolar e traduzione giurata in italiano, entrambi in originale e apostillati;<\/p>\n<p style=\"text-align: justify;\"><strong>C) SCUOLA SECONDARIA SUPERIORE (Ensino Medio)<\/strong><\/p>\n<p style=\"text-align: justify;\">1) Domanda di richiesta di dichiarazione di valore compilato in tutti i campi di interesse, datato e firmato in originale dall\u2019interessato (o dal responsabile in caso di richiedente minorenne) o suo procuratore;<\/p>\n<p style=\"text-align: justify;\">2) Copia del passaporto valido intestato al richiedente ed all\u2019intestatario del titolo di studio se minorenne;<\/p>\n<p style=\"text-align: justify;\">3) Diploma (Certificado de Conclusao) e traduzione giurata in italiano, entrambi in ogiriginale e apostillati;<\/p>\n<p style=\"text-align: justify;\">4) Historico Escolar e traduzione giurata in italiano, entrambi in ogiriginale e apostillati;<\/p>\n<p style=\"text-align: justify;\">Si fa presente che, al fine dell\u2019iscrizione ad una Univerit\u00e0 italiana, l\u2019interessato deve dimostrare di avere almeno 12 anni di scolarit\u00e0. I richiedenti che hanno iniziato la Scuola Secondaria di Primo Grado in Brasile prima dell\u2019entrata in vigore della Legge Federale brasiliana 11274\/2006, al momento della conclusione della Scuola Secondaria avranno 11 anni di scolarit\u00e0 indipendemente se siano stati alfabetizzati o no nel corso della scuola materna.<\/p>\n<p style=\"text-align: justify;\">Al fine del completamento dei 12 anni di cui sopra, il richiedere dovr\u00e0 dimostrare di avere frequentato, e superato positivamente, le materie previste per due semestri presso una Univerist\u00e0 brasiliana riconosciuta dal MEC.<\/p>\n<p style=\"text-align: justify;\">In questo caso, l\u2019interessato dovr\u00e0 presentare, oltre ai documenti di cui al punto C), l\u2019elenco degli esami sostenuti (Historico) previsti per un minimo di 02 semestri di qualsiasi corso di Laurea locale.<\/p>\n<p><strong>D) CORSO DI LAUREA, POST LAUREA, MASTER e DOTTORATI<\/strong><\/p>\n<p style=\"text-align: justify;\">1) Domanda di richiesta di dichiarazione di valore compilato in tutti i campi di interesse, datato e firmato in originale dall\u2019interessato o suo procuratore;<\/p>\n<p style=\"text-align: justify;\">2) Copia del passaporto valido intestato al richiedente;<\/p>\n<p style=\"text-align: justify;\">3) Copia semplice del Titolo precedente;<\/p>\n<p style=\"text-align: justify;\">4) Diploma e traduzione giurata in italiano, entrambi in originale e apostillati;<\/p>\n<p style=\"text-align: justify;\">5) Historico Escolar e traduzione giurata in italiano, entrambi in ogiriginale e apostillati<\/p>\n<p style=\"text-align: justify;\"><strong>\u00a0<\/strong><strong>E) RICONOSCIMENTO DELLA PROPRIA PROFESSIONE<\/strong><\/p>\n<p style=\"text-align: justify;\">1) Domanda di richiesta di dichiarazione di valore compilato in tutti i campi di interesse, datato e firmato in originale dall\u2019interessato o suo procuratore;<\/p>\n<p style=\"text-align: justify;\">2) Copia del passaporto valido intestato al richiedente;<\/p>\n<p style=\"text-align: justify;\">3) Diploma e traduzione giurata in italiano, entrambi in originale e apostillati;<\/p>\n<p style=\"text-align: justify;\">4) Historico Escolar e traduzione giurata in italiano, entrambi in originale e apostillata<\/p>\n<p style=\"text-align: justify;\">5) Dichiarazione di iscrizione al Consiglio Regionale\/Federale e traduzione giurata in italiano, entrambi in originale e apostillati, ove sia indicato :<\/p>\n<ol style=\"text-align: justify;\">\n<li>a) Legge federale che regola l\u2019esercizio della professione in Brasile;<\/li>\n<li>b) Attivit\u00e0 professionale il cui titolo abilita;<\/li>\n<li>c) Assenza di impedimenti al legittimo esercizio della professione in Brasile da parte dell\u2019interessato\/a.<\/li>\n<\/ol>\n<p style=\"text-align: justify;\">I PROGRAMMI DELLE MATERIE FREQUENTATE NON DEVONO ESSERE PRESENTATI AL CONSOLATO NEANCHE IN COPIA. Sono documenti di interesse esclusivo dell\u2019Ente che ricever\u00e0 la domanda di riconoscimento.<\/p>\n<p style=\"text-align: justify;\">Attenzione:<\/p>\n<p style=\"text-align: justify;\">*L\u2019Apostille apposta sull\u2019originale deve essere relativa alla firma di colui che ha firmato il documento (e non del funzionario del Cartorio brasiliano).<\/p>\n<p style=\"text-align: justify;\">**L\u2019Apostille della traduzione giurata sull\u2019originale deve essere relativa alla firma del traduttore.<\/p>\n<p>&nbsp;<\/p>\n","protected":false},"excerpt":{"rendered":"La Dichiarazione di valore in loco \u00e8 un documento ufficiale, redatto in italiano, attestante l\u2019autenticit\u00e0 e legittimit\u00e0 della documentazione presentata, rilasciato dalle Rappresentanze diplomatiche italiane a coloro che, avendo conseguito un titolo di studio presso Istituti di istruzione stranieri, intendono proseguire gli studi in Italia, avviare le procedure di Equipollenza dei titoli di studio, o [&hellip;]","protected":false},"author":7,"featured_media":0,"parent":697,"menu_order":0,"comment_status":"closed","ping_status":"closed","template":"","meta":{"footnotes":""},"class_list":["post-690","page","type-page","status-publish","hentry"],"_links":{"self":[{"href":"https:\/\/consriodejaneiro.esteri.it\/it\/wp-json\/wp\/v2\/pages\/690","targetHints":{"allow":["GET"]}}],"collection":[{"href":"https:\/\/consriodejaneiro.esteri.it\/it\/wp-json\/wp\/v2\/pages"}],"about":[{"href":"https:\/\/consriodejaneiro.esteri.it\/it\/wp-json\/wp\/v2\/types\/page"}],"author":[{"embeddable":true,"href":"https:\/\/consriodejaneiro.esteri.it\/it\/wp-json\/wp\/v2\/users\/7"}],"replies":[{"embeddable":true,"href":"https:\/\/consriodejaneiro.esteri.it\/it\/wp-json\/wp\/v2\/comments?post=690"}],"version-history":[{"count":6,"href":"https:\/\/consriodejaneiro.esteri.it\/it\/wp-json\/wp\/v2\/pages\/690\/revisions"}],"predecessor-version":[{"id":5712,"href":"https:\/\/consriodejaneiro.esteri.it\/it\/wp-json\/wp\/v2\/pages\/690\/revisions\/5712"}],"up":[{"embeddable":true,"href":"https:\/\/consriodejaneiro.esteri.it\/it\/wp-json\/wp\/v2\/pages\/697"}],"wp:attachment":[{"href":"https:\/\/consriodejaneiro.esteri.it\/it\/wp-json\/wp\/v2\/media?parent=690"}],"curies":[{"name":"wp","href":"https:\/\/api.w.org\/{rel}","templated":true}]}}